{"id":17419,"date":"2024-07-18T13:35:43","date_gmt":"2024-07-18T11:35:43","guid":{"rendered":"https:\/\/stage-fp.webenv.pl\/?page_id=17419"},"modified":"2026-02-10T05:28:29","modified_gmt":"2026-02-10T04:28:29","slug":"polityka-prywatnosci","status":"publish","type":"page","link":"https:\/\/www.future-processing.com\/pl\/polityka-prywatnosci\/","title":{"rendered":"Polityka prywatno\u015bci"},"content":{"rendered":"\t\t<div data-elementor-type=\"wp-page\" data-elementor-id=\"17419\" class=\"elementor elementor-17419\" data-elementor-post-type=\"page\">\n\t\t\t\t<div class=\"elementor-element elementor-element-1a3536f e-con-full e-flex e-con e-parent\" data-id=\"1a3536f\" data-element_type=\"container\" data-e-type=\"container\">\n\t\t\t\t<div class=\"elementor-element elementor-element-7833a2c elementor-widget elementor-widget-fp_breadcrumbs_links\" data-id=\"7833a2c\" data-element_type=\"widget\" data-e-type=\"widget\" data-widget_type=\"fp_breadcrumbs_links.default\">\n\t\t\t\t<div class=\"elementor-widget-container\">\n\t\t\t\t\t        <div\n            class=\"o-breadcrumbs__links  o-breadcrumbs\">\n            <div\n                class=\"o-breadcrumbs__links  e-con e-con-boxed o-breadcrumbs__links--added\">\n                                                                                                                    <span>Polityka prywatno\u015bci<\/span>\n            <\/div>\n        <\/div>\n        \t\t\t\t<\/div>\n\t\t\t\t<\/div>\n\t\t<div class=\"elementor-element elementor-element-cfec83c o-margin--first-section e-flex e-con-boxed e-con e-child\" data-id=\"cfec83c\" data-element_type=\"container\" data-e-type=\"container\">\n\t\t\t\t\t<div class=\"e-con-inner\">\n\t\t\t\t<div class=\"elementor-element elementor-element-fd541a6 elementor-widget elementor-widget-fp_header\" data-id=\"fd541a6\" data-element_type=\"widget\" data-e-type=\"widget\" data-widget_type=\"fp_header.default\">\n\t\t\t\t<div class=\"elementor-widget-container\">\n\t\t\t\t\t        <h2        class=\"f-headline-semi-large f-headline-semi-large--light                \"\n        >\n        <div ><strong>O polityce prywatno\u015bci<\/strong><\/div>\n        <\/h2>\n        \t\t\t\t<\/div>\n\t\t\t\t<\/div>\n\t\t\t\t<div class=\"elementor-element elementor-element-2ead80f elementor-widget elementor-widget-text-editor\" data-id=\"2ead80f\" data-element_type=\"widget\" data-e-type=\"widget\" data-widget_type=\"text-editor.default\">\n\t\t\t\t<div class=\"elementor-widget-container\">\n\t\t\t\t\t\t\t\t\t<p>Niniejsza Polityka prywatno\u015bci opisuje, co robimy z Twoimi danymi osobowymi, jak je pozyskujemy, komu je przekazujemy oraz jak d\u0142ugo je przetwarzamy.<br \/>Opisali\u015bmy tak\u017ce, jakie przys\u0142uguj\u0105 Ci prawa oraz jak si\u0119 z nami skontaktowa\u0107, gdyby\u015b mia\u0142\/mia\u0142a jakiekolwiek pytania dotycz\u0105ce przetwarzania przez nas Twoich danych osobowych.<br \/>Szczeg\u00f3\u0142y znajdziesz na dedykowanych podstronach w sekcji Jak przetwarzamy Twoje dane?<\/p>\t\t\t\t\t\t\t\t<\/div>\n\t\t\t\t<\/div>\n\t\t\t\t<div class=\"elementor-element elementor-element-50173df elementor-widget elementor-widget-fp_header\" data-id=\"50173df\" data-element_type=\"widget\" data-e-type=\"widget\" data-widget_type=\"fp_header.default\">\n\t\t\t\t<div class=\"elementor-widget-container\">\n\t\t\t\t\t        <h2        class=\"f-headline-semi-large f-headline-semi-large--light                \"\n        >\n        <div ><p><b>Administrator Danych Osobowych<\/b><\/p><\/div>\n        <\/h2>\n        \t\t\t\t<\/div>\n\t\t\t\t<\/div>\n\t\t\t\t<div class=\"elementor-element elementor-element-c2f81c6 elementor-widget elementor-widget-text-editor\" data-id=\"c2f81c6\" data-element_type=\"widget\" data-e-type=\"widget\" data-widget_type=\"text-editor.default\">\n\t\t\t\t<div class=\"elementor-widget-container\">\n\t\t\t\t\t\t\t\t\t<p>Administratorem Danych Osobowych opisanych w niniejszej Polityce Prywatno\u015bci jest Future Processing S.A. z siedzib\u0105 w Gliwicach, ul. Bojkowska 37A, 44-100 Gliwice, wpisana do rejestru przedsi\u0119biorc\u00f3w przez S\u0105d Rejonowy w Gliwicach, Wydzia\u0142 X Gospodarczy KRS pod numerem KRS 0000817352, NIP 634-25-32-128, REGON 278263445.<\/p>\t\t\t\t\t\t\t\t<\/div>\n\t\t\t\t<\/div>\n\t\t\t\t<div class=\"elementor-element elementor-element-a6d50ad elementor-widget elementor-widget-fp_header\" data-id=\"a6d50ad\" data-element_type=\"widget\" data-e-type=\"widget\" data-widget_type=\"fp_header.default\">\n\t\t\t\t<div class=\"elementor-widget-container\">\n\t\t\t\t\t        <h2        class=\"f-headline-semi-large f-headline-semi-large--light                \"\n        >\n        <div ><p><strong>Data ostatniej aktualizacji<\/strong><\/p><\/div>\n        <\/h2>\n        \t\t\t\t<\/div>\n\t\t\t\t<\/div>\n\t\t\t\t<div class=\"elementor-element elementor-element-1242758 elementor-widget elementor-widget-text-editor\" data-id=\"1242758\" data-element_type=\"widget\" data-e-type=\"widget\" data-widget_type=\"text-editor.default\">\n\t\t\t\t<div class=\"elementor-widget-container\">\n\t\t\t\t\t\t\t\t\t<table width=\"100%\"><thead><tr><td width=\"208\">Ostatnia aktualizacja<\/td><td width=\"320\">2026-02-10<\/td><\/tr><\/thead><tbody><tr><td width=\"208\">Kontakt w sprawie Twoich danych<\/td><td width=\"320\"><a href=\"mailto:rodo@future-processing.com\">rodo@future-processing.com<\/a><\/td><\/tr><\/tbody><\/table><p>Co jaki\u015b czas mo\u017cemy aktualizowa\u0107 niniejsz\u0105 Polityk\u0119.<br \/>Zach\u0119camy Ci\u0119 wi\u0119c do zagl\u0105dania na <a href=\"https:\/\/www.future-processing.com\/pl\/polityka-prywatnosci\/\">t\u0119 stron\u0119<\/a>, gdzie znajdziesz aktualn\u0105 wersj\u0119.<\/p>\t\t\t\t\t\t\t\t<\/div>\n\t\t\t\t<\/div>\n\t\t\t\t<div class=\"elementor-element elementor-element-7b43dfa elementor-widget elementor-widget-fp_header\" data-id=\"7b43dfa\" data-element_type=\"widget\" data-e-type=\"widget\" data-widget_type=\"fp_header.default\">\n\t\t\t\t<div class=\"elementor-widget-container\">\n\t\t\t\t\t        <h2        class=\"f-headline-semi-large f-headline-semi-large--light                \"\n        >\n        <div ><p><strong>Jak przetwarzamy Twoje dane?<\/strong><\/p><\/div>\n        <\/h2>\n        \t\t\t\t<\/div>\n\t\t\t\t<\/div>\n\t\t\t\t<div class=\"elementor-element elementor-element-f1d090e elementor-widget elementor-widget-text-editor\" data-id=\"f1d090e\" data-element_type=\"widget\" data-e-type=\"widget\" data-widget_type=\"text-editor.default\">\n\t\t\t\t<div class=\"elementor-widget-container\">\n\t\t\t\t\t\t\t\t\t<p>Przygotowali\u015bmy dedykowane podstrony, aby lepiej opisa\u0107 w jaki spos\u00f3b przetwarzamy dane poszczeg\u00f3lnych grup os\u00f3b. Mo\u017cliwe, \u017ce nale\u017cysz do kilku r\u00f3\u017cnych grup, w ramach kt\u00f3rych przetwarzamy Twoje dane osobowe, wtedy mo\u017ce Ci\u0119 dotyczy\u0107 wi\u0119cej ni\u017c jedna podstrona.<\/p>\t\t\t\t\t\t\t\t<\/div>\n\t\t\t\t<\/div>\n\t\t\t\t<div class=\"elementor-element elementor-element-b29cc54 elementor-widget elementor-widget-text-editor\" data-id=\"b29cc54\" data-element_type=\"widget\" data-e-type=\"widget\" data-widget_type=\"text-editor.default\">\n\t\t\t\t<div class=\"elementor-widget-container\">\n\t\t\t\t\t\t\t\t\t<ol><li><a href=\"https:\/\/www.future-processing.com\/pl\/polityka-prywatnosci\/kandydaci-i-potencjalni-kandydaci\/\" rel=\"noopener\">Kandydaci i potencjalni kandydaci<\/a><\/li><li><a href=\"https:\/\/www.future-processing.com\/pl\/polityka-prywatnosci\/klienci-i-potencjalni-klienci\/\" rel=\"noopener\">Klienci i potencjalni klienci<\/a><\/li><li><a href=\"https:\/\/www.future-processing.com\/pl\/polityka-prywatnosci\/pracownicy\/\">Pracownicy<\/a><\/li><li><a href=\"https:\/\/www.future-processing.com\/pl\/polityka-prywatnosci\/wspolpracownicy\/\">Wsp\u00f3\u0142pracownicy<\/a><\/li><li><a href=\"https:\/\/www.future-processing.com\/pl\/polityka-prywatnosci\/uzytkownicy-stron-www\/\" rel=\"noopener\">U\u017cytkownicy stron www i cookies<\/a><\/li><li><a href=\"https:\/\/www.future-processing.com\/pl\/polityka-prywatnosci\/subskrybenci-newsletterow\/\" rel=\"noopener\">Adresaci tre\u015bci marketingowych<\/a><\/li><li><a href=\"https:\/\/www.future-processing.com\/pl\/polityka-prywatnosci\/odwiedzajacy-nasze-budynki\/\" rel=\"noopener\">Odwiedzaj\u0105cy nasze budynki<\/a><\/li><li><a href=\"https:\/\/www.future-processing.com\/pl\/polityka-prywatnosci\/uczestnicy-naszych-wydarzen\/\" rel=\"noopener\">Uczestnicy naszych wydarze\u0144<\/a><\/li><li><a href=\"https:\/\/www.future-processing.com\/pl\/polityka-prywatnosci\/akcjonariusze\/\">Akcjonariusze<\/a><\/li><li><a href=\"https:\/\/www.future-processing.com\/pl\/polityka-prywatnosci\/sygnalisci-pl\/\">Sygnali\u015bci<\/a><\/li><\/ol>\t\t\t\t\t\t\t\t<\/div>\n\t\t\t\t<\/div>\n\t\t\t\t\t<\/div>\n\t\t\t\t<\/div>\n\t\t\t\t<\/div>\n\t\t\t\t<\/div>\n\t\t","protected":false},"excerpt":{"rendered":"<p>Strona g\u0142\u00f3wna Polityka prywatno\u015bci O polityce prywatno\u015bci Niniejsza Polityka prywatno\u015bci opisuje, co robimy z Twoimi danymi osobowymi, jak je pozyskujemy, komu je przekazujemy oraz jak d\u0142ugo je przetwarzamy.Opisali\u015bmy tak\u017ce, jakie przys\u0142uguj\u0105 Ci prawa oraz jak si\u0119 z nami skontaktowa\u0107, gdyby\u015b mia\u0142\/mia\u0142a jakiekolwiek pytania dotycz\u0105ce przetwarzania przez nas Twoich danych osobowych.Szczeg\u00f3\u0142y znajdziesz na dedykowanych podstronach w [&hellip;]<\/p>\n","protected":false},"author":3,"featured_media":0,"parent":0,"menu_order":0,"comment_status":"closed","ping_status":"closed","template":"","meta":{"_acf_changed":false,"footnotes":""},"class_list":["post-17419","page","type-page","status-publish","hentry"],"acf":[],"lang":"pl","translations":{"pl":17419,"en-gb":17275,"de":17434},"pll_sync_post":[],"_links":{"self":[{"href":"https:\/\/www.future-processing.com\/wp-json\/wp\/v2\/pages\/17419","targetHints":{"allow":["GET"]}}],"collection":[{"href":"https:\/\/www.future-processing.com\/wp-json\/wp\/v2\/pages"}],"about":[{"href":"https:\/\/www.future-processing.com\/wp-json\/wp\/v2\/types\/page"}],"author":[{"embeddable":true,"href":"https:\/\/www.future-processing.com\/wp-json\/wp\/v2\/users\/3"}],"replies":[{"embeddable":true,"href":"https:\/\/www.future-processing.com\/wp-json\/wp\/v2\/comments?post=17419"}],"version-history":[{"count":0,"href":"https:\/\/www.future-processing.com\/wp-json\/wp\/v2\/pages\/17419\/revisions"}],"wp:attachment":[{"href":"https:\/\/www.future-processing.com\/wp-json\/wp\/v2\/media?parent=17419"}],"curies":[{"name":"wp","href":"https:\/\/api.w.org\/{rel}","templated":true}]}}