{"id":23684,"date":"2024-08-16T13:27:49","date_gmt":"2024-08-16T11:27:49","guid":{"rendered":"https:\/\/stage-fp.webenv.pl\/?page_id=23684"},"modified":"2026-02-10T05:53:04","modified_gmt":"2026-02-10T04:53:04","slug":"kandydaci-i-potencjalni-kandydaci","status":"publish","type":"page","link":"https:\/\/www.future-processing.com\/pl\/polityka-prywatnosci\/kandydaci-i-potencjalni-kandydaci\/","title":{"rendered":"Kandydaci i potencjalni kandydaci"},"content":{"rendered":"\t\t<div data-elementor-type=\"wp-page\" data-elementor-id=\"23684\" class=\"elementor elementor-23684\" data-elementor-post-type=\"page\">\n\t\t\t\t<div class=\"elementor-element elementor-element-6c93420 e-con-full e-flex e-con e-parent\" data-id=\"6c93420\" data-element_type=\"container\" data-e-type=\"container\">\n\t\t<div class=\"elementor-element elementor-element-57cec31 e-con-full e-flex e-con e-child\" data-id=\"57cec31\" data-element_type=\"container\" data-e-type=\"container\">\n\t\t\t\t<div class=\"elementor-element elementor-element-519ed8a elementor-widget elementor-widget-fp_breadcrumbs_links\" data-id=\"519ed8a\" data-element_type=\"widget\" data-e-type=\"widget\" data-widget_type=\"fp_breadcrumbs_links.default\">\n\t\t\t\t<div class=\"elementor-widget-container\">\n\t\t\t\t\t        <div\n            class=\"o-breadcrumbs__links  o-breadcrumbs\">\n            <div\n                class=\"o-breadcrumbs__links  e-con e-con-boxed o-breadcrumbs__links--added\">\n                                                                                                    <a\n                            href=\"https:\/\/www.future-processing.com\/pl\/polityka-prywatnosci\/\"\n                            class=\"o-breadcrumbs__link\"\n                            data-elementclick=\"Breadcrumbs link\"\n                            data-elementname=\"Polityka prywatno\u015bci\"\n                        >\n                            Polityka prywatno\u015bci                        <\/a>\n                                                                                    <span>Kandydaci i potencjalni kandydaci<\/span>\n            <\/div>\n        <\/div>\n        \t\t\t\t<\/div>\n\t\t\t\t<\/div>\n\t\t\t\t<\/div>\n\t\t<div class=\"elementor-element elementor-element-b95aada e-flex e-con-boxed e-con e-child\" data-id=\"b95aada\" data-element_type=\"container\" data-e-type=\"container\">\n\t\t\t\t\t<div class=\"e-con-inner\">\n\t\t\t\t<div class=\"elementor-element elementor-element-dc51d9b elementor-widget elementor-widget-fp_header\" data-id=\"dc51d9b\" data-element_type=\"widget\" data-e-type=\"widget\" data-widget_type=\"fp_header.default\">\n\t\t\t\t<div class=\"elementor-widget-container\">\n\t\t\t\t\t        <h2        class=\"f-headline-semi-large f-headline-semi-large--light                \"\n        >\n        <div ><strong>Administrator Danych Osobowych<\/strong><\/div>\n        <\/h2>\n        \t\t\t\t<\/div>\n\t\t\t\t<\/div>\n\t\t\t\t<div class=\"elementor-element elementor-element-79b2553 elementor-widget elementor-widget-text-editor\" data-id=\"79b2553\" data-element_type=\"widget\" data-e-type=\"widget\" data-widget_type=\"text-editor.default\">\n\t\t\t\t<div class=\"elementor-widget-container\">\n\t\t\t\t\t\t\t\t\t<p>Administratorem Twoich danych osobowych jest Future Processing S.A. z siedzib\u0105 w Gliwicach, ul. Bojkowska 37A, 44-100 Gliwice, wpisana do rejestru przedsi\u0119biorc\u00f3w przez S\u0105d Rejonowy w Gliwicach, Wydzia\u0142 X Gospodarczy KRS pod numerem KRS 0000817352, NIP 634-25-32-128, REGON 278263445.<\/p>\t\t\t\t\t\t\t\t<\/div>\n\t\t\t\t<\/div>\n\t\t\t\t<div class=\"elementor-element elementor-element-27d3919 elementor-widget elementor-widget-fp_header\" data-id=\"27d3919\" data-element_type=\"widget\" data-e-type=\"widget\" data-widget_type=\"fp_header.default\">\n\t\t\t\t<div class=\"elementor-widget-container\">\n\t\t\t\t\t        <h2        class=\"f-headline-semi-large f-headline-semi-large--light                \"\n        >\n        <div ><p><strong>Kontakt w sprawie Twoich danych<\/strong><\/p><\/div>\n        <\/h2>\n        \t\t\t\t<\/div>\n\t\t\t\t<\/div>\n\t\t\t\t<div class=\"elementor-element elementor-element-67d6141 elementor-widget elementor-widget-text-editor\" data-id=\"67d6141\" data-element_type=\"widget\" data-e-type=\"widget\" data-widget_type=\"text-editor.default\">\n\t\t\t\t<div class=\"elementor-widget-container\">\n\t\t\t\t\t\t\t\t\t<p>W sprawach zwi\u0105zanych z przetwarzaniem Twoich danych osobowych mo\u017cesz skontaktowa\u0107 si\u0119 z nami wysy\u0142aj\u0105c wiadomo\u015b\u0107 e-mail adres: <a href=\"mailto:rodo@future-processing.com\">rodo@future-processing.com<\/a>.<\/p>\t\t\t\t\t\t\t\t<\/div>\n\t\t\t\t<\/div>\n\t\t\t\t<div class=\"elementor-element elementor-element-6885170 elementor-widget elementor-widget-fp_header\" data-id=\"6885170\" data-element_type=\"widget\" data-e-type=\"widget\" data-widget_type=\"fp_header.default\">\n\t\t\t\t<div class=\"elementor-widget-container\">\n\t\t\t\t\t        <h2        class=\"f-headline-semi-large f-headline-semi-large--light                \"\n        >\n        <div ><strong>Cele i podstawy przetwarzania danych\n<\/strong><\/div>\n        <\/h2>\n        \t\t\t\t<\/div>\n\t\t\t\t<\/div>\n\t\t<div class=\"elementor-element elementor-element-e7cd2a4 e-grid e-con-full e-con e-child\" data-id=\"e7cd2a4\" data-element_type=\"container\" data-e-type=\"container\">\n\t\t<div class=\"elementor-element elementor-element-cfe66ea e-con-full e-flex e-con e-child\" data-id=\"cfe66ea\" data-element_type=\"container\" data-e-type=\"container\" data-settings=\"{&quot;background_background&quot;:&quot;classic&quot;}\">\n\t\t\t\t<div class=\"elementor-element elementor-element-f66543b elementor-widget elementor-widget-fp_header\" data-id=\"f66543b\" data-element_type=\"widget\" data-e-type=\"widget\" data-widget_type=\"fp_header.default\">\n\t\t\t\t<div class=\"elementor-widget-container\">\n\t\t\t\t\t        <h3        class=\"f-paragraph                \"\n        >\n        <div ><p>CEL PRZETWARZANIA<\/p><\/div>\n        <\/h3>\n        \t\t\t\t<\/div>\n\t\t\t\t<\/div>\n\t\t\t\t<\/div>\n\t\t<div class=\"elementor-element elementor-element-5f2854c e-con-full e-flex e-con e-child\" data-id=\"5f2854c\" data-element_type=\"container\" data-e-type=\"container\" data-settings=\"{&quot;background_background&quot;:&quot;classic&quot;}\">\n\t\t\t\t<div class=\"elementor-element elementor-element-39f18f2 elementor-widget elementor-widget-fp_header\" data-id=\"39f18f2\" data-element_type=\"widget\" data-e-type=\"widget\" data-widget_type=\"fp_header.default\">\n\t\t\t\t<div class=\"elementor-widget-container\">\n\t\t\t\t\t        <h3        class=\"f-paragraph                \"\n        >\n        <div ><p>PODSTAWA PRAWNA<\/p><\/div>\n        <\/h3>\n        \t\t\t\t<\/div>\n\t\t\t\t<\/div>\n\t\t\t\t<\/div>\n\t\t<div class=\"elementor-element elementor-element-e45f530 e-con-full e-flex e-con e-child\" data-id=\"e45f530\" data-element_type=\"container\" data-e-type=\"container\">\n\t\t\t\t<div class=\"elementor-element elementor-element-7a91dd4 elementor-widget elementor-widget-text-editor\" data-id=\"7a91dd4\" data-element_type=\"widget\" data-e-type=\"widget\" data-widget_type=\"text-editor.default\">\n\t\t\t\t<div class=\"elementor-widget-container\">\n\t\t\t\t\t\t\t\t\t<p>Wyb\u00f3r kandydata do pracy i przeprowadzenie procesu rekrutacji<\/p>\t\t\t\t\t\t\t\t<\/div>\n\t\t\t\t<\/div>\n\t\t\t\t<\/div>\n\t\t<div class=\"elementor-element elementor-element-826d223 e-con-full e-flex e-con e-child\" data-id=\"826d223\" data-element_type=\"container\" data-e-type=\"container\">\n\t\t\t\t<div class=\"elementor-element elementor-element-343ba19 elementor-widget elementor-widget-text-editor\" data-id=\"343ba19\" data-element_type=\"widget\" data-e-type=\"widget\" data-widget_type=\"text-editor.default\">\n\t\t\t\t<div class=\"elementor-widget-container\">\n\t\t\t\t\t\t\t\t\t<p>art. 6 ust. 1 lit. a) RODO<br \/>Zgoda kandydata (w przypadku przetwarzania danych spoza zakresu Kodeksu Pracy)<\/p>\t\t\t\t\t\t\t\t<\/div>\n\t\t\t\t<\/div>\n\t\t\t\t<\/div>\n\t\t<div class=\"elementor-element elementor-element-e4300ca e-con-full e-flex e-con e-child\" data-id=\"e4300ca\" data-element_type=\"container\" data-e-type=\"container\">\n\t\t\t\t<div class=\"elementor-element elementor-element-e639f26 elementor-widget elementor-widget-text-editor\" data-id=\"e639f26\" data-element_type=\"widget\" data-e-type=\"widget\" data-widget_type=\"text-editor.default\">\n\t\t\t\t<div class=\"elementor-widget-container\">\n\t\t\t\t\t\t\t\t\t<p>Nawi\u0105zanie kontaktu w celu zaoferowania pracy lub wsp\u00f3\u0142pracy<\/p>\t\t\t\t\t\t\t\t<\/div>\n\t\t\t\t<\/div>\n\t\t\t\t<\/div>\n\t\t<div class=\"elementor-element elementor-element-c2fc5f8 e-con-full e-flex e-con e-child\" data-id=\"c2fc5f8\" data-element_type=\"container\" data-e-type=\"container\">\n\t\t\t\t<div class=\"elementor-element elementor-element-722d0ca elementor-widget elementor-widget-text-editor\" data-id=\"722d0ca\" data-element_type=\"widget\" data-e-type=\"widget\" data-widget_type=\"text-editor.default\">\n\t\t\t\t<div class=\"elementor-widget-container\">\n\t\t\t\t\t\t\t\t\tart. 6 ust. 1 lit. f) RODO\nUzasadniony interes (pozyskanie nowego pracownika lub wsp\u00f3\u0142pracownika)\t\t\t\t\t\t\t\t<\/div>\n\t\t\t\t<\/div>\n\t\t\t\t<\/div>\n\t\t<div class=\"elementor-element elementor-element-6389afa e-con-full e-flex e-con e-child\" data-id=\"6389afa\" data-element_type=\"container\" data-e-type=\"container\">\n\t\t\t\t<div class=\"elementor-element elementor-element-c78d79a elementor-widget elementor-widget-text-editor\" data-id=\"c78d79a\" data-element_type=\"widget\" data-e-type=\"widget\" data-widget_type=\"text-editor.default\">\n\t\t\t\t<div class=\"elementor-widget-container\">\n\t\t\t\t\t\t\t\t\tZaoferowanie pracy lub wsp\u00f3\u0142pracy zgodnej z profilem zawodowym i wcze\u015bniejszymi preferencjami (przysz\u0142e rekrutacje)\t\t\t\t\t\t\t\t<\/div>\n\t\t\t\t<\/div>\n\t\t\t\t<\/div>\n\t\t<div class=\"elementor-element elementor-element-439553c e-con-full e-flex e-con e-child\" data-id=\"439553c\" data-element_type=\"container\" data-e-type=\"container\">\n\t\t\t\t<div class=\"elementor-element elementor-element-bee4d87 elementor-widget elementor-widget-text-editor\" data-id=\"bee4d87\" data-element_type=\"widget\" data-e-type=\"widget\" data-widget_type=\"text-editor.default\">\n\t\t\t\t<div class=\"elementor-widget-container\">\n\t\t\t\t\t\t\t\t\tart. 6 ust. 1 lit. a) RODO\nZgoda na przysz\u0142e rekrutacje\t\t\t\t\t\t\t\t<\/div>\n\t\t\t\t<\/div>\n\t\t\t\t<\/div>\n\t\t<div class=\"elementor-element elementor-element-a1d302b e-con-full e-flex e-con e-child\" data-id=\"a1d302b\" data-element_type=\"container\" data-e-type=\"container\">\n\t\t\t\t<div class=\"elementor-element elementor-element-a02ead7 elementor-widget elementor-widget-text-editor\" data-id=\"a02ead7\" data-element_type=\"widget\" data-e-type=\"widget\" data-widget_type=\"text-editor.default\">\n\t\t\t\t<div class=\"elementor-widget-container\">\n\t\t\t\t\t\t\t\t\t<p>Przekazanie danych kontaktowych naszym partnerom biznesowym i klientom, kt\u00f3rzy mog\u0105 by\u0107 zainteresowani kandydatur\u0105<\/p>\t\t\t\t\t\t\t\t<\/div>\n\t\t\t\t<\/div>\n\t\t\t\t<\/div>\n\t\t<div class=\"elementor-element elementor-element-d78b03c e-con-full e-flex e-con e-child\" data-id=\"d78b03c\" data-element_type=\"container\" data-e-type=\"container\">\n\t\t\t\t<div class=\"elementor-element elementor-element-ef6d989 elementor-widget elementor-widget-text-editor\" data-id=\"ef6d989\" data-element_type=\"widget\" data-e-type=\"widget\" data-widget_type=\"text-editor.default\">\n\t\t\t\t<div class=\"elementor-widget-container\">\n\t\t\t\t\t\t\t\t\t<p>art. 6 ust. 1 lit. a) RODO<br \/>Zgoda na przekazanie kandydatury partnerom biznesowym<\/p>\t\t\t\t\t\t\t\t<\/div>\n\t\t\t\t<\/div>\n\t\t\t\t<\/div>\n\t\t<div class=\"elementor-element elementor-element-87b6669 e-con-full e-flex e-con e-child\" data-id=\"87b6669\" data-element_type=\"container\" data-e-type=\"container\">\n\t\t\t\t<div class=\"elementor-element elementor-element-3793e2d elementor-widget elementor-widget-text-editor\" data-id=\"3793e2d\" data-element_type=\"widget\" data-e-type=\"widget\" data-widget_type=\"text-editor.default\">\n\t\t\t\t<div class=\"elementor-widget-container\">\n\t\t\t\t\t\t\t\t\t<p>Ochrona przed roszczeniami ze strony kandydat\u00f3w (na przyk\u0142ad w zakresie wyboru kandydata) oraz agencji rekrutacyjnych (na przyk\u0142ad w zakresie zakazu konkurencji)<\/p>\t\t\t\t\t\t\t\t<\/div>\n\t\t\t\t<\/div>\n\t\t\t\t<\/div>\n\t\t<div class=\"elementor-element elementor-element-a14af14 e-con-full e-flex e-con e-child\" data-id=\"a14af14\" data-element_type=\"container\" data-e-type=\"container\">\n\t\t\t\t<div class=\"elementor-element elementor-element-cb1c4d9 elementor-widget elementor-widget-text-editor\" data-id=\"cb1c4d9\" data-element_type=\"widget\" data-e-type=\"widget\" data-widget_type=\"text-editor.default\">\n\t\t\t\t<div class=\"elementor-widget-container\">\n\t\t\t\t\t\t\t\t\t<p>art. 6 ust. 1 lit. f) RODO <br \/>Uzasadniony interes (ochrona przed roszczeniami)<\/p>\t\t\t\t\t\t\t\t<\/div>\n\t\t\t\t<\/div>\n\t\t\t\t<\/div>\n\t\t\t\t<\/div>\n\t\t\t\t<div class=\"elementor-element elementor-element-731fd6c elementor-widget elementor-widget-fp_header\" data-id=\"731fd6c\" data-element_type=\"widget\" data-e-type=\"widget\" data-widget_type=\"fp_header.default\">\n\t\t\t\t<div class=\"elementor-widget-container\">\n\t\t\t\t\t        <h2        class=\"f-headline-semi-large f-headline-semi-large--light                \"\n        >\n        <div ><strong>Zakres danych<\/strong><\/div>\n        <\/h2>\n        \t\t\t\t<\/div>\n\t\t\t\t<\/div>\n\t\t\t\t<div class=\"elementor-element elementor-element-3daee71 elementor-widget elementor-widget-text-editor\" data-id=\"3daee71\" data-element_type=\"widget\" data-e-type=\"widget\" data-widget_type=\"text-editor.default\">\n\t\t\t\t<div class=\"elementor-widget-container\">\n\t\t\t\t\t\t\t\t\t<p>Dane pozyskujemy na jeden z kilku sposob\u00f3w:<\/p><ul><li>bezpo\u015brednio od Ciebie, np. na konferencji bran\u017cowej, targach pracy czy poprzez formularze na naszej stronie internetowej lub Facebooku<\/li><li>od agencji rekrutacyjnej, z kt\u00f3r\u0105 wsp\u00f3\u0142pracujesz<\/li><li>z portal\u00f3w biznesowych, takich jak LinkedIn,\u00a0<span lang=\"EN-US\" style=\"font-size: 12.0pt; font-family: 'Aptos',sans-serif; mso-ascii-theme-font: minor-latin; mso-fareast-font-family: Aptos; mso-fareast-theme-font: minor-latin; mso-hansi-theme-font: minor-latin; mso-bidi-font-family: 'Times New Roman'; mso-bidi-theme-font: minor-bidi; mso-ansi-language: EN-US; mso-fareast-language: EN-US; mso-bidi-language: AR-SA;\">NoFluffJobs<\/span>\u00a0czy Pracuj.pl;<\/li><li>z polecenia<\/li><\/ul><p>Dane, jakie gromadzimy, to przede wszystkim: imi\u0119, nazwisko, email, numer telefonu, \u017ar\u00f3d\u0142o danych, CV oraz list motywacyjny. Je\u015bli jest to uzasadnione, to w ramach wsp\u00f3\u0142pracy mo\u017cemy pozyskiwa\u0107 dodatkowe dane, w zale\u017cno\u015bci od potrzeb. Je\u015bli wysy\u0142asz nam szerszy zakres danych ni\u017c wymagany w Kodeksie Pracy (np. zdj\u0119cie lub zainteresowania w CV) to uznajemy to za Twoj\u0105 zgod\u0119 na przetwarzanie tych danych do cel\u00f3w rekrutacji.<\/p>\t\t\t\t\t\t\t\t<\/div>\n\t\t\t\t<\/div>\n\t\t\t\t<div class=\"elementor-element elementor-element-8f90484 elementor-widget elementor-widget-fp_header\" data-id=\"8f90484\" data-element_type=\"widget\" data-e-type=\"widget\" data-widget_type=\"fp_header.default\">\n\t\t\t\t<div class=\"elementor-widget-container\">\n\t\t\t\t\t        <h2        class=\"f-headline-semi-large f-headline-semi-large--light                \"\n        >\n        <div ><strong>Odbiorcy danych osobowych\n\n<\/strong><\/div>\n        <\/h2>\n        \t\t\t\t<\/div>\n\t\t\t\t<\/div>\n\t\t\t\t<div class=\"elementor-element elementor-element-9a13f5f elementor-widget elementor-widget-text-editor\" data-id=\"9a13f5f\" data-element_type=\"widget\" data-e-type=\"widget\" data-widget_type=\"text-editor.default\">\n\t\t\t\t<div class=\"elementor-widget-container\">\n\t\t\t\t\t\t\t\t\t<p>Nie udost\u0119pniamy Twoich danych innym podmiotom. Je\u015bli wyrazi\u0142e\u015b na to zgod\u0119, to mo\u017cemy przekaza\u0107 Twoj\u0105 kandydatur\u0119 naszym partnerom biznesowym lub klientom.<\/p>\t\t\t\t\t\t\t\t<\/div>\n\t\t\t\t<\/div>\n\t\t\t\t<div class=\"elementor-element elementor-element-8a42ead elementor-widget elementor-widget-fp_header\" data-id=\"8a42ead\" data-element_type=\"widget\" data-e-type=\"widget\" data-widget_type=\"fp_header.default\">\n\t\t\t\t<div class=\"elementor-widget-container\">\n\t\t\t\t\t        <h2        class=\"f-headline-semi-large f-headline-semi-large--light                \"\n        >\n        <div ><strong>Przekazywanie danych do pa\u0144stw trzecich\n<\/strong><\/div>\n        <\/h2>\n        \t\t\t\t<\/div>\n\t\t\t\t<\/div>\n\t\t\t\t<div class=\"elementor-element elementor-element-bf4ee72 elementor-widget elementor-widget-text-editor\" data-id=\"bf4ee72\" data-element_type=\"widget\" data-e-type=\"widget\" data-widget_type=\"text-editor.default\">\n\t\t\t\t<div class=\"elementor-widget-container\">\n\t\t\t\t\t\t\t\t\t<p>Cz\u0119\u015b\u0107 danych rekrutacyjnych przechwujemy w systemach dostarzanych przez inne firmy, zlokalizowanych poza terytorium Europejskiego Obszaru Gospodarczego. W takich przypadkach zawsze zawieramy z takimi firmami umowy powierzenia przetwarzania danych osobowych w oparciu o standardowe klauzule umowne, zgodnie z RODO (chyba, \u017ce istnieje inny mechanizm gwarantuj\u0105cy odpowiedni\u0105 ochron\u0119 Twoich danych).<\/p>\t\t\t\t\t\t\t\t<\/div>\n\t\t\t\t<\/div>\n\t\t\t\t<div class=\"elementor-element elementor-element-16a138c elementor-widget elementor-widget-fp_header\" data-id=\"16a138c\" data-element_type=\"widget\" data-e-type=\"widget\" data-widget_type=\"fp_header.default\">\n\t\t\t\t<div class=\"elementor-widget-container\">\n\t\t\t\t\t        <h2        class=\"f-headline-semi-large f-headline-semi-large--light                \"\n        >\n        <div ><strong>Okres przetwarzania danych<\/strong><\/div>\n        <\/h2>\n        \t\t\t\t<\/div>\n\t\t\t\t<\/div>\n\t\t\t\t<div class=\"elementor-element elementor-element-3876dc2 elementor-widget elementor-widget-text-editor\" data-id=\"3876dc2\" data-element_type=\"widget\" data-e-type=\"widget\" data-widget_type=\"text-editor.default\">\n\t\t\t\t<div class=\"elementor-widget-container\">\n\t\t\t\t\t\t\t\t\t<p>Twoje dane b\u0119dziemy przetwarza\u0107:<\/p><ul><li>tak d\u0142ugo, jak d\u0142ugo b\u0119dziemy prowadzi\u0107 projekty w tematyce lub technologiach, kt\u00f3rymi w naszej ocenie mo\u017cesz by\u0107 zainteresowany<\/li><li>do czasu wycofania przez Ciebie zgody (w przypadku zgody)<\/li><li>do czasu wniesienia skutecznego sprzeciwu (w przypadku uzasadnionego interesu).<\/li><li>do 3 lat po zako\u0144czonej rekrutacji w celu ustalenia, dochodzenia lub ochrony roszcze\u0144<\/li><\/ul><p>Co jaki\u015b czas mo\u017cemy Ci\u0119 zapyta\u0107, czy jeste\u015b jeszcze zainteresowany otrzymywaniem od nas ofert.<\/p>\t\t\t\t\t\t\t\t<\/div>\n\t\t\t\t<\/div>\n\t\t\t\t<div class=\"elementor-element elementor-element-132ce7a elementor-widget elementor-widget-fp_header\" data-id=\"132ce7a\" data-element_type=\"widget\" data-e-type=\"widget\" data-widget_type=\"fp_header.default\">\n\t\t\t\t<div class=\"elementor-widget-container\">\n\t\t\t\t\t        <h2        class=\"f-headline-semi-large f-headline-semi-large--light                \"\n        >\n        <div ><strong>Twoje prawa<\/strong><\/div>\n        <\/h2>\n        \t\t\t\t<\/div>\n\t\t\t\t<\/div>\n\t\t\t\t<div class=\"elementor-element elementor-element-aa5a85d elementor-widget elementor-widget-text-editor\" data-id=\"aa5a85d\" data-element_type=\"widget\" data-e-type=\"widget\" data-widget_type=\"text-editor.default\">\n\t\t\t\t<div class=\"elementor-widget-container\">\n\t\t\t\t\t\t\t\t\t<p>W zwi\u0105zku z tym, \u017ce przetwarzamy Twoje dane osobowe w ka\u017cdej chwili mo\u017cesz:<\/p><ul><li>\u017c\u0105da\u0107 od nas dost\u0119pu do Twoich danych oraz ich sprostowania<\/li><li>cofn\u0105\u0107 wyra\u017con\u0105 zgod\u0119 na przetwarzanie danych osobowych, wysy\u0142aj\u0105c wiadomo\u015b\u0107 e-mail na nast\u0119puj\u0105cy adres:\u00a0<a href=\"mailto:rodo@future-processing.com\">rodo@future-processing.com<\/a>\u00a0oraz \u017c\u0105da\u0107 w zwi\u0105zku z tym usuni\u0119cia przez nas Twoich danych.<\/li><li>wnie\u015b\u0107 sprzeciw wobec przetwarzania przez nas Twoich danych osobowych z przyczyn zwi\u0105zanych z Twoj\u0105 szczeg\u00f3ln\u0105 sytuacj\u0105, kt\u00f3ra powoduje, \u017ce nie chcesz aby\u015bmy przetwarzali te dane w zwi\u0105zku z naszym uzasadnionym interesem.<\/li><li>wnie\u015b\u0107 sprzeciw wobec przetwarzania przez nas Twoich danych osobowych do cel\u00f3w marketingu bezpo\u015bredniego.<\/li><li>otrzyma\u0107 od nas dane osobowe, kt\u00f3re nam dostarczy\u0142e\u015b, wyra\u017caj\u0105c zgod\u0119 na ich przetwarzanie lub zawieraj\u0105c umow\u0119. Dane te otrzymasz w ustrukturyzowanym, powszechnie u\u017cywanym formacie nadaj\u0105cym si\u0119 do odczytu maszynowego oraz mo\u017cesz je przes\u0142a\u0107 innemu administratorowi (prawo do przenoszenia danych),<\/li><li>wnie\u015b\u0107 skarg\u0119 do w\u0142a\u015bciwego organu nadzorczego, je\u017celi s\u0105dzisz, \u017ce przetwarzanie przez nas Twoich danych osobowych narusza obowi\u0105zuj\u0105ce w tym zakresie przepisy.<\/li><\/ul>\t\t\t\t\t\t\t\t<\/div>\n\t\t\t\t<\/div>\n\t\t\t\t<div class=\"elementor-element elementor-element-94d7759 elementor-widget elementor-widget-fp_header\" data-id=\"94d7759\" data-element_type=\"widget\" data-e-type=\"widget\" data-widget_type=\"fp_header.default\">\n\t\t\t\t<div class=\"elementor-widget-container\">\n\t\t\t\t\t        <h2        class=\"f-headline-semi-large f-headline-semi-large--light                \"\n        >\n        <div ><strong>Konieczno\u015b\u0107 podania danych<\/strong><\/div>\n        <\/h2>\n        \t\t\t\t<\/div>\n\t\t\t\t<\/div>\n\t\t\t\t<div class=\"elementor-element elementor-element-ce0a3f3 elementor-widget elementor-widget-text-editor\" data-id=\"ce0a3f3\" data-element_type=\"widget\" data-e-type=\"widget\" data-widget_type=\"text-editor.default\">\n\t\t\t\t<div class=\"elementor-widget-container\">\n\t\t\t\t\t\t\t\t\t<p>Podanie Twoich danych osobowych jest dobrowolne, natomiast odmowa podania danych b\u0119dzie skutkowa\u0107 brakiem mo\u017cliwo\u015bci przeprowadzenia procesu rekrutacji lub zaoferowaniu udzia\u0142u w projekcie, kt\u00f3ry mo\u017ce by\u0107 zgodny z Twoimi preferencjami.<\/p>\t\t\t\t\t\t\t\t<\/div>\n\t\t\t\t<\/div>\n\t\t\t\t<div class=\"elementor-element elementor-element-3de7989 elementor-widget elementor-widget-fp_header\" data-id=\"3de7989\" data-element_type=\"widget\" data-e-type=\"widget\" data-widget_type=\"fp_header.default\">\n\t\t\t\t<div class=\"elementor-widget-container\">\n\t\t\t\t\t        <h2        class=\"f-headline-semi-large f-headline-semi-large--light                \"\n        >\n        <div ><strong>Zautomatyzowane podejmowanie decyzji<\/strong><\/div>\n        <\/h2>\n        \t\t\t\t<\/div>\n\t\t\t\t<\/div>\n\t\t\t\t<div class=\"elementor-element elementor-element-907269a elementor-widget elementor-widget-text-editor\" data-id=\"907269a\" data-element_type=\"widget\" data-e-type=\"widget\" data-widget_type=\"text-editor.default\">\n\t\t\t\t<div class=\"elementor-widget-container\">\n\t\t\t\t\t\t\t\t\t<p>Nie b\u0119dziemy wykorzystywa\u0107 Twoich danych w celu zautomatyzowanego podejmowania decyzji, w tym profilowania.<\/p>\t\t\t\t\t\t\t\t<\/div>\n\t\t\t\t<\/div>\n\t\t\t\t<div class=\"elementor-element elementor-element-394e83b elementor-widget elementor-widget-fp_header\" data-id=\"394e83b\" data-element_type=\"widget\" data-e-type=\"widget\" data-widget_type=\"fp_header.default\">\n\t\t\t\t<div class=\"elementor-widget-container\">\n\t\t\t\t\t        <h2        class=\"f-headline-semi-large f-headline-semi-large--light                \"\n        >\n        <div ><strong>Wykorzystanie AI w procesie rekrutacji<\/strong><\/div>\n        <\/h2>\n        \t\t\t\t<\/div>\n\t\t\t\t<\/div>\n\t\t\t\t<div class=\"elementor-element elementor-element-6be0e58 elementor-widget elementor-widget-text-editor\" data-id=\"6be0e58\" data-element_type=\"widget\" data-e-type=\"widget\" data-widget_type=\"text-editor.default\">\n\t\t\t\t<div class=\"elementor-widget-container\">\n\t\t\t\t\t\t\t\t\tInformujemy, \u017ce w procesie rekrutacji wykorzystujemy narz\u0119dzia sztucznej inteligencji (AI) do wsparcia analizy przes\u0142anych dokument\u00f3w aplikacyjnych, takich jak CV. AI stosowane jest jako narz\u0119dzie pomocnicze dla naszego zespo\u0142u rekrutacji, nie podejmuje decyzji automatycznie, a jego rola ogranicza si\u0119 do wspierania procesu selekcji przez analiz\u0119 danych zawartych w dokumentach aplikacyjnych.\t\t\t\t\t\t\t\t<\/div>\n\t\t\t\t<\/div>\n\t\t\t\t\t<\/div>\n\t\t\t\t<\/div>\n\t\t\t\t<\/div>\n\t\t\t\t<\/div>\n\t\t","protected":false},"excerpt":{"rendered":"<p>Strona g\u0142\u00f3wna Polityka prywatno\u015bci Kandydaci i potencjalni kandydaci Administrator Danych Osobowych Administratorem Twoich danych osobowych jest Future Processing S.A. z siedzib\u0105 w Gliwicach, ul. Bojkowska 37A, 44-100 Gliwice, wpisana do rejestru przedsi\u0119biorc\u00f3w przez S\u0105d Rejonowy w Gliwicach, Wydzia\u0142 X Gospodarczy KRS pod numerem KRS 0000817352, NIP 634-25-32-128, REGON 278263445. Kontakt w sprawie Twoich danych W [&hellip;]<\/p>\n","protected":false},"author":3,"featured_media":0,"parent":17419,"menu_order":1,"comment_status":"closed","ping_status":"closed","template":"","meta":{"_acf_changed":false,"footnotes":""},"class_list":["post-23684","page","type-page","status-publish","hentry"],"acf":[],"lang":"pl","translations":{"pl":23684,"en-gb":17470,"de":24804},"pll_sync_post":[],"_links":{"self":[{"href":"https:\/\/www.future-processing.com\/wp-json\/wp\/v2\/pages\/23684","targetHints":{"allow":["GET"]}}],"collection":[{"href":"https:\/\/www.future-processing.com\/wp-json\/wp\/v2\/pages"}],"about":[{"href":"https:\/\/www.future-processing.com\/wp-json\/wp\/v2\/types\/page"}],"author":[{"embeddable":true,"href":"https:\/\/www.future-processing.com\/wp-json\/wp\/v2\/users\/3"}],"replies":[{"embeddable":true,"href":"https:\/\/www.future-processing.com\/wp-json\/wp\/v2\/comments?post=23684"}],"version-history":[{"count":0,"href":"https:\/\/www.future-processing.com\/wp-json\/wp\/v2\/pages\/23684\/revisions"}],"up":[{"embeddable":true,"href":"https:\/\/www.future-processing.com\/wp-json\/wp\/v2\/pages\/17419"}],"wp:attachment":[{"href":"https:\/\/www.future-processing.com\/wp-json\/wp\/v2\/media?parent=23684"}],"curies":[{"name":"wp","href":"https:\/\/api.w.org\/{rel}","templated":true}]}}