{"id":23727,"date":"2024-08-16T13:54:47","date_gmt":"2024-08-16T11:54:47","guid":{"rendered":"https:\/\/stage-fp.webenv.pl\/?page_id=23727"},"modified":"2025-05-13T07:57:12","modified_gmt":"2025-05-13T05:57:12","slug":"subskrybenci-newsletterow","status":"publish","type":"page","link":"https:\/\/www.future-processing.com\/pl\/polityka-prywatnosci\/subskrybenci-newsletterow\/","title":{"rendered":"Adresaci tre\u015bci marketingowych"},"content":{"rendered":"\t\t<div data-elementor-type=\"wp-page\" data-elementor-id=\"23727\" class=\"elementor elementor-23727\" data-elementor-post-type=\"page\">\n\t\t\t\t<div class=\"elementor-element elementor-element-4431de8 e-con-full e-flex e-con e-parent\" data-id=\"4431de8\" data-element_type=\"container\" data-e-type=\"container\">\n\t\t<div class=\"elementor-element elementor-element-ed5d1e1 e-con-full e-flex e-con e-child\" data-id=\"ed5d1e1\" data-element_type=\"container\" data-e-type=\"container\">\n\t\t\t\t<div class=\"elementor-element elementor-element-6474b27 elementor-widget elementor-widget-fp_breadcrumbs_links\" data-id=\"6474b27\" data-element_type=\"widget\" data-e-type=\"widget\" data-widget_type=\"fp_breadcrumbs_links.default\">\n\t\t\t\t<div class=\"elementor-widget-container\">\n\t\t\t\t\t        <div\n            class=\"o-breadcrumbs__links  o-breadcrumbs\">\n            <div\n                class=\"o-breadcrumbs__links  e-con e-con-boxed o-breadcrumbs__links--added\">\n                                                                                                    <a\n                            href=\"https:\/\/www.future-processing.com\/pl\/polityka-prywatnosci\/\"\n                            class=\"o-breadcrumbs__link\"\n                            data-elementclick=\"Breadcrumbs link\"\n                            data-elementname=\"Polityka prywatno\u015bci\"\n                        >\n                            Polityka prywatno\u015bci                        <\/a>\n                                                                                    <span>Adresaci tre\u015bci marketingowych<\/span>\n            <\/div>\n        <\/div>\n        \t\t\t\t<\/div>\n\t\t\t\t<\/div>\n\t\t\t\t<\/div>\n\t\t<div class=\"elementor-element elementor-element-4da64f6 e-flex e-con-boxed e-con e-child\" data-id=\"4da64f6\" data-element_type=\"container\" data-e-type=\"container\">\n\t\t\t\t\t<div class=\"e-con-inner\">\n\t\t\t\t<div class=\"elementor-element elementor-element-010b1ab elementor-widget elementor-widget-fp_header\" data-id=\"010b1ab\" data-element_type=\"widget\" data-e-type=\"widget\" data-widget_type=\"fp_header.default\">\n\t\t\t\t<div class=\"elementor-widget-container\">\n\t\t\t\t\t        <h2        class=\"f-headline-semi-large f-headline-semi-large--light                \"\n        >\n        <div ><strong>Administrator Danych Osobowych\n<\/strong><\/div>\n        <\/h2>\n        \t\t\t\t<\/div>\n\t\t\t\t<\/div>\n\t\t\t\t<div class=\"elementor-element elementor-element-8b21278 elementor-widget elementor-widget-text-editor\" data-id=\"8b21278\" data-element_type=\"widget\" data-e-type=\"widget\" data-widget_type=\"text-editor.default\">\n\t\t\t\t<div class=\"elementor-widget-container\">\n\t\t\t\t\t\t\t\t\t<p>Administratorem Twoich danych osobowych jest Future Processing S.A. z siedzib\u0105 w Gliwicach, ul. Bojkowska 37A, 44-100 Gliwice, wpisana do rejestru przedsi\u0119biorc\u00f3w przez S\u0105d Rejonowy w Gliwicach, Wydzia\u0142 X Gospodarczy KRS pod numerem KRS 0000817352, NIP 634-25-32-128, REGON 278263445.<\/p>\t\t\t\t\t\t\t\t<\/div>\n\t\t\t\t<\/div>\n\t\t\t\t<div class=\"elementor-element elementor-element-f173fcf elementor-widget elementor-widget-fp_header\" data-id=\"f173fcf\" data-element_type=\"widget\" data-e-type=\"widget\" data-widget_type=\"fp_header.default\">\n\t\t\t\t<div class=\"elementor-widget-container\">\n\t\t\t\t\t        <h2        class=\"f-headline-semi-large f-headline-semi-large--light                \"\n        >\n        <div ><p><strong>Kontakt w sprawie Twoich danych<\/strong><\/p><\/div>\n        <\/h2>\n        \t\t\t\t<\/div>\n\t\t\t\t<\/div>\n\t\t\t\t<div class=\"elementor-element elementor-element-6947122 elementor-widget elementor-widget-text-editor\" data-id=\"6947122\" data-element_type=\"widget\" data-e-type=\"widget\" data-widget_type=\"text-editor.default\">\n\t\t\t\t<div class=\"elementor-widget-container\">\n\t\t\t\t\t\t\t\t\t<p>W sprawach zwi\u0105zanych z przetwarzaniem Twoich danych osobowych mo\u017cesz skontaktowa\u0107 si\u0119 z nami wysy\u0142aj\u0105c wiadomo\u015b\u0107 e-mail adres: <a href=\"mailto:rodo@future-processing.com\">rodo@future-processing.com<\/a>.<\/p>\t\t\t\t\t\t\t\t<\/div>\n\t\t\t\t<\/div>\n\t\t\t\t<div class=\"elementor-element elementor-element-9e52040 elementor-widget elementor-widget-fp_header\" data-id=\"9e52040\" data-element_type=\"widget\" data-e-type=\"widget\" data-widget_type=\"fp_header.default\">\n\t\t\t\t<div class=\"elementor-widget-container\">\n\t\t\t\t\t        <h2        class=\"f-headline-semi-large f-headline-semi-large--light                \"\n        >\n        <div ><strong>Cele i podstawy przetwarzania danych\n<\/strong><\/div>\n        <\/h2>\n        \t\t\t\t<\/div>\n\t\t\t\t<\/div>\n\t\t<div class=\"elementor-element elementor-element-c7da5e6 e-grid e-con-full e-con e-child\" data-id=\"c7da5e6\" data-element_type=\"container\" data-e-type=\"container\">\n\t\t<div class=\"elementor-element elementor-element-7d070e4 e-con-full e-flex e-con e-child\" data-id=\"7d070e4\" data-element_type=\"container\" data-e-type=\"container\" data-settings=\"{&quot;background_background&quot;:&quot;classic&quot;}\">\n\t\t\t\t<div class=\"elementor-element elementor-element-41fd71f elementor-widget elementor-widget-fp_header\" data-id=\"41fd71f\" data-element_type=\"widget\" data-e-type=\"widget\" data-widget_type=\"fp_header.default\">\n\t\t\t\t<div class=\"elementor-widget-container\">\n\t\t\t\t\t        <h3        class=\"f-paragraph                \"\n        >\n        <div ><p>CELE PRZETWARZANIA<\/p><\/div>\n        <\/h3>\n        \t\t\t\t<\/div>\n\t\t\t\t<\/div>\n\t\t\t\t<\/div>\n\t\t<div class=\"elementor-element elementor-element-b7e2bf1 e-con-full e-flex e-con e-child\" data-id=\"b7e2bf1\" data-element_type=\"container\" data-e-type=\"container\" data-settings=\"{&quot;background_background&quot;:&quot;classic&quot;}\">\n\t\t\t\t<div class=\"elementor-element elementor-element-99a7f0d elementor-widget elementor-widget-fp_header\" data-id=\"99a7f0d\" data-element_type=\"widget\" data-e-type=\"widget\" data-widget_type=\"fp_header.default\">\n\t\t\t\t<div class=\"elementor-widget-container\">\n\t\t\t\t\t        <h3        class=\"f-paragraph                \"\n        >\n        <div ><p>PODSTAWA PRAWNA<\/p><\/div>\n        <\/h3>\n        \t\t\t\t<\/div>\n\t\t\t\t<\/div>\n\t\t\t\t<\/div>\n\t\t<div class=\"elementor-element elementor-element-19644e6 e-con-full e-flex e-con e-child\" data-id=\"19644e6\" data-element_type=\"container\" data-e-type=\"container\">\n\t\t\t\t<div class=\"elementor-element elementor-element-0084d10 elementor-widget elementor-widget-text-editor\" data-id=\"0084d10\" data-element_type=\"widget\" data-e-type=\"widget\" data-widget_type=\"text-editor.default\">\n\t\t\t\t<div class=\"elementor-widget-container\">\n\t\t\t\t\t\t\t\t\tWysy\u0142ka informacji handlowych i marketingowych\t\t\t\t\t\t\t\t\t<\/div>\n\t\t\t\t<\/div>\n\t\t\t\t<\/div>\n\t\t<div class=\"elementor-element elementor-element-a8c5176 e-con-full e-flex e-con e-child\" data-id=\"a8c5176\" data-element_type=\"container\" data-e-type=\"container\">\n\t\t\t\t<div class=\"elementor-element elementor-element-78a5c1a elementor-widget elementor-widget-text-editor\" data-id=\"78a5c1a\" data-element_type=\"widget\" data-e-type=\"widget\" data-widget_type=\"text-editor.default\">\n\t\t\t\t<div class=\"elementor-widget-container\">\n\t\t\t\t\t\t\t\t\tart. 6 ust. 1 lit. f) RODO\nUzasadniony interes (marketing bezpo\u015bredni)\t\t\t\t\t\t\t\t<\/div>\n\t\t\t\t<\/div>\n\t\t\t\t<\/div>\n\t\t<div class=\"elementor-element elementor-element-98beea9 e-con-full e-flex e-con e-child\" data-id=\"98beea9\" data-element_type=\"container\" data-e-type=\"container\">\n\t\t\t\t<div class=\"elementor-element elementor-element-60e2c70 elementor-widget elementor-widget-text-editor\" data-id=\"60e2c70\" data-element_type=\"widget\" data-e-type=\"widget\" data-widget_type=\"text-editor.default\">\n\t\t\t\t<div class=\"elementor-widget-container\">\n\t\t\t\t\t\t\t\t\tWysy\u0142ka newslettera\t\t\t\t\t\t\t\t\t<\/div>\n\t\t\t\t<\/div>\n\t\t\t\t<\/div>\n\t\t<div class=\"elementor-element elementor-element-a3b4e8b e-con-full e-flex e-con e-child\" data-id=\"a3b4e8b\" data-element_type=\"container\" data-e-type=\"container\">\n\t\t\t\t<div class=\"elementor-element elementor-element-6a17fb5 elementor-widget elementor-widget-text-editor\" data-id=\"6a17fb5\" data-element_type=\"widget\" data-e-type=\"widget\" data-widget_type=\"text-editor.default\">\n\t\t\t\t<div class=\"elementor-widget-container\">\n\t\t\t\t\t\t\t\t\t<p>art. 6 ust. 1 lit. a) RODO<br \/>Zgoda subskrybenta poprzez zapisanie si\u0119 do newslettera<\/p>\t\t\t\t\t\t\t\t<\/div>\n\t\t\t\t<\/div>\n\t\t\t\t<\/div>\n\t\t<div class=\"elementor-element elementor-element-9e68b2f e-con-full e-flex e-con e-child\" data-id=\"9e68b2f\" data-element_type=\"container\" data-e-type=\"container\">\n\t\t\t\t<div class=\"elementor-element elementor-element-a641d7d elementor-widget elementor-widget-text-editor\" data-id=\"a641d7d\" data-element_type=\"widget\" data-e-type=\"widget\" data-widget_type=\"text-editor.default\">\n\t\t\t\t<div class=\"elementor-widget-container\">\n\t\t\t\t\t\t\t\t\tKontakt w celach marketingowych i handlowych przy u\u017cyciu \u015brodk\u00f3w komunikacji elektronicznej\t\t\t\t\t\t\t\t<\/div>\n\t\t\t\t<\/div>\n\t\t\t\t<\/div>\n\t\t<div class=\"elementor-element elementor-element-b5ca4ae e-con-full e-flex e-con e-child\" data-id=\"b5ca4ae\" data-element_type=\"container\" data-e-type=\"container\">\n\t\t\t\t<div class=\"elementor-element elementor-element-362bdc5 elementor-widget elementor-widget-text-editor\" data-id=\"362bdc5\" data-element_type=\"widget\" data-e-type=\"widget\" data-widget_type=\"text-editor.default\">\n\t\t\t\t<div class=\"elementor-widget-container\">\n\t\t\t\t\t\t\t\t\tart. 6 ust. 1 lit. a) RODO\nZgoda adresata na przetwarzanie danych osobowych\t\t\t\t\t\t\t\t<\/div>\n\t\t\t\t<\/div>\n\t\t\t\t<\/div>\n\t\t<div class=\"elementor-element elementor-element-1d418fa e-con-full e-flex e-con e-child\" data-id=\"1d418fa\" data-element_type=\"container\" data-e-type=\"container\">\n\t\t\t\t<div class=\"elementor-element elementor-element-3019a68 elementor-widget elementor-widget-text-editor\" data-id=\"3019a68\" data-element_type=\"widget\" data-e-type=\"widget\" data-widget_type=\"text-editor.default\">\n\t\t\t\t<div class=\"elementor-widget-container\">\n\t\t\t\t\t\t\t\t\tUdost\u0119pnienie w ramach grupy Future Processing listy os\u00f3b zg\u0142aszaj\u0105cych sprzeciw wobec marketingu w\u0142asnego w celu ograniczenia liczby komunikat\u00f3w kierowanych do os\u00f3b niezainteresowanych naszymi dzia\u0142aniami.\t\t\t\t\t\t\t\t<\/div>\n\t\t\t\t<\/div>\n\t\t\t\t<\/div>\n\t\t<div class=\"elementor-element elementor-element-c162bbd e-con-full e-flex e-con e-child\" data-id=\"c162bbd\" data-element_type=\"container\" data-e-type=\"container\">\n\t\t\t\t<div class=\"elementor-element elementor-element-022369e elementor-widget elementor-widget-text-editor\" data-id=\"022369e\" data-element_type=\"widget\" data-e-type=\"widget\" data-widget_type=\"text-editor.default\">\n\t\t\t\t<div class=\"elementor-widget-container\">\n\t\t\t\t\t\t\t\t\tart. 6 ust. 1 lit. f) RODO\nUzasadniony interes (skierowanie komunikacji tylko do os\u00f3b potencjalnie zainteresowanych us\u0142ugami i dzia\u0142aniami grupy Future Processing)\t\t\t\t\t\t\t\t<\/div>\n\t\t\t\t<\/div>\n\t\t\t\t<\/div>\n\t\t\t\t<\/div>\n\t\t\t\t<div class=\"elementor-element elementor-element-c27b562 elementor-widget elementor-widget-fp_header\" data-id=\"c27b562\" data-element_type=\"widget\" data-e-type=\"widget\" data-widget_type=\"fp_header.default\">\n\t\t\t\t<div class=\"elementor-widget-container\">\n\t\t\t\t\t        <h2        class=\"f-headline-semi-large f-headline-semi-large--light                \"\n        >\n        <div ><strong>Zakres danych<\/strong><\/div>\n        <\/h2>\n        \t\t\t\t<\/div>\n\t\t\t\t<\/div>\n\t\t\t\t<div class=\"elementor-element elementor-element-042ecf3 elementor-widget elementor-widget-text-editor\" data-id=\"042ecf3\" data-element_type=\"widget\" data-e-type=\"widget\" data-widget_type=\"text-editor.default\">\n\t\t\t\t<div class=\"elementor-widget-container\">\n\t\t\t\t\t\t\t\t\t<p>W celach okre\u015blonych w niniejszym punkcie przetwarzamy nast\u0119puj\u0105ce dane osobowe: imi\u0119 i nazwisko, nazwa firmy, numer telefonu, adres e-mail.<\/p>\t\t\t\t\t\t\t\t<\/div>\n\t\t\t\t<\/div>\n\t\t\t\t<div class=\"elementor-element elementor-element-fbfade7 elementor-widget elementor-widget-fp_header\" data-id=\"fbfade7\" data-element_type=\"widget\" data-e-type=\"widget\" data-widget_type=\"fp_header.default\">\n\t\t\t\t<div class=\"elementor-widget-container\">\n\t\t\t\t\t        <h2        class=\"f-headline-semi-large f-headline-semi-large--light                \"\n        >\n        <div ><strong>\u0179r\u00f3d\u0142o danych osobowych<\/strong><\/div>\n        <\/h2>\n        \t\t\t\t<\/div>\n\t\t\t\t<\/div>\n\t\t\t\t<div class=\"elementor-element elementor-element-80681cf elementor-widget elementor-widget-text-editor\" data-id=\"80681cf\" data-element_type=\"widget\" data-e-type=\"widget\" data-widget_type=\"text-editor.default\">\n\t\t\t\t<div class=\"elementor-widget-container\">\n\t\t\t\t\t\t\t\t\t<p>Twoje dane osobowe mo\u017cemy pozyskiwa\u0107 bezpo\u015brednio od Ciebie, jak i od innych podmiot\u00f3w, kt\u00f3re dysponuj\u0105 podstaw\u0105 do udost\u0119pnienia nam Twoich danych osobowych (w szczeg\u00f3lno\u015bci Twoj\u0105 zgod\u0105 na takie udost\u0119pnienie), np. po udziale w konferencji lub webinarze. Wykorzystujemy tak\u017ce dane od naszych partner\u00f3w i firm zajmuj\u0105cych si\u0119 analizami rynku (takimi jak np. Cognism lub DemandBase).<\/p>\t\t\t\t\t\t\t\t<\/div>\n\t\t\t\t<\/div>\n\t\t\t\t<div class=\"elementor-element elementor-element-b88cf18 elementor-widget elementor-widget-fp_header\" data-id=\"b88cf18\" data-element_type=\"widget\" data-e-type=\"widget\" data-widget_type=\"fp_header.default\">\n\t\t\t\t<div class=\"elementor-widget-container\">\n\t\t\t\t\t        <h2        class=\"f-headline-semi-large f-headline-semi-large--light                \"\n        >\n        <div ><strong>Odbiorcy danych osobowych\n<\/strong><\/div>\n        <\/h2>\n        \t\t\t\t<\/div>\n\t\t\t\t<\/div>\n\t\t\t\t<div class=\"elementor-element elementor-element-56501ad elementor-widget elementor-widget-text-editor\" data-id=\"56501ad\" data-element_type=\"widget\" data-e-type=\"widget\" data-widget_type=\"text-editor.default\">\n\t\t\t\t<div class=\"elementor-widget-container\">\n\t\t\t\t\t\t\t\t\t<p>Mo\u017cemy przekazywa\u0107 Twoje dane osobowe podmiotom realizuj\u0105cym us\u0142ugi w naszym imieniu lub na nasz\u0105 rzecz, w szczeg\u00f3lno\u015bci podmiotom realizuj\u0105cym na nasze zlecenie wysy\u0142k\u0119 newsletter\u00f3w i inne us\u0142ugi marketingowe.<\/p>\t\t\t\t\t\t\t\t<\/div>\n\t\t\t\t<\/div>\n\t\t\t\t<div class=\"elementor-element elementor-element-f7a5dbe elementor-widget elementor-widget-fp_header\" data-id=\"f7a5dbe\" data-element_type=\"widget\" data-e-type=\"widget\" data-widget_type=\"fp_header.default\">\n\t\t\t\t<div class=\"elementor-widget-container\">\n\t\t\t\t\t        <h2        class=\"f-headline-semi-large f-headline-semi-large--light                \"\n        >\n        <div ><strong>Okres przetwarzania danych<\/strong><\/div>\n        <\/h2>\n        \t\t\t\t<\/div>\n\t\t\t\t<\/div>\n\t\t\t\t<div class=\"elementor-element elementor-element-c27d7a1 elementor-widget elementor-widget-text-editor\" data-id=\"c27d7a1\" data-element_type=\"widget\" data-e-type=\"widget\" data-widget_type=\"text-editor.default\">\n\t\t\t\t<div class=\"elementor-widget-container\">\n\t\t\t\t\t\t\t\t\t<p>B\u0119dziemy przetwarza\u0107 Twoje dane osobowe do czasu cofni\u0119cia przez Ciebie zgody na otrzymywanie newsletter\u00f3w b\u0105d\u017a te\u017c tak d\u0142ugo, jak b\u0119dziemy realizowa\u0107 jego wysy\u0142k\u0119.<\/p><p>Od czasu do czasu mo\u017cemy zapyta\u0107 Ci\u0119, czy dalej jeste\u015b zainteresowany otrzymywaniem newsletter\u00f3w i w zwi\u0105zku z tym, czy wyra\u017cona przez Ciebie zgoda jest aktualna.<\/p>\t\t\t\t\t\t\t\t<\/div>\n\t\t\t\t<\/div>\n\t\t\t\t<div class=\"elementor-element elementor-element-20a4bc2 elementor-widget elementor-widget-fp_header\" data-id=\"20a4bc2\" data-element_type=\"widget\" data-e-type=\"widget\" data-widget_type=\"fp_header.default\">\n\t\t\t\t<div class=\"elementor-widget-container\">\n\t\t\t\t\t        <h2        class=\"f-headline-semi-large f-headline-semi-large--light                \"\n        >\n        <div ><strong>Twoje prawa<\/strong><\/div>\n        <\/h2>\n        \t\t\t\t<\/div>\n\t\t\t\t<\/div>\n\t\t\t\t<div class=\"elementor-element elementor-element-62374f0 elementor-widget elementor-widget-text-editor\" data-id=\"62374f0\" data-element_type=\"widget\" data-e-type=\"widget\" data-widget_type=\"text-editor.default\">\n\t\t\t\t<div class=\"elementor-widget-container\">\n\t\t\t\t\t\t\t\t\t<p>W zwi\u0105zku z tym, \u017ce przetwarzamy Twoje dane osobowe w ka\u017cdej chwili mo\u017cesz:<\/p><ul><li>\u017c\u0105da\u0107 od nas dost\u0119pu do Twoich danych oraz ich sprostowania<\/li><li>cofn\u0105\u0107 wyra\u017con\u0105 zgod\u0119 na przetwarzanie danych osobowych, wysy\u0142aj\u0105c wiadomo\u015b\u0107 e-mail na nast\u0119puj\u0105cy adres:\u00a0<a href=\"mailto:rodo@future-processing.com\">rodo@future-processing.com<\/a>\u00a0oraz \u017c\u0105da\u0107 w zwi\u0105zku z tym usuni\u0119cia przez nas Twoich danych.<\/li><li>wnie\u015b\u0107 sprzeciw wobec przetwarzania przez nas Twoich danych osobowych, z przyczyn zwi\u0105zanych z Twoj\u0105 szczeg\u00f3ln\u0105 sytuacj\u0105, kt\u00f3ra powoduje, \u017ce nie chcesz aby\u015bmy przetwarzali te dane w zwi\u0105zku z naszym uzasadnionym interesem.<\/li><li>wnie\u015b\u0107 sprzeciw wobec przetwarzania przez nas Twoich danych osobowych do cel\u00f3w marketingu bezpo\u015bredniego<\/li><li>otrzyma\u0107 od nas dane osobowe, kt\u00f3re nam dostarczy\u0142e\u015b wyra\u017caj\u0105c zgod\u0119 na ich przetwarzanie lub zawieraj\u0105c umow\u0119. Dane te otrzymasz w ustrukturyzowanym, powszechnie u\u017cywanym formacie nadaj\u0105cym si\u0119 do odczytu maszynowego oraz mo\u017cesz je przes\u0142a\u0107 innemu administratorowi (prawo do przenoszenia danych),<\/li><li>wnie\u015b\u0107 skarg\u0119 do w\u0142a\u015bciwego organu nadzorczego, je\u017celi s\u0105dzisz, \u017ce przetwarzanie przez nas Twoich danych osobowych narusza obowi\u0105zuj\u0105ce w tym zakresie przepisy.<\/li><\/ul>\t\t\t\t\t\t\t\t<\/div>\n\t\t\t\t<\/div>\n\t\t\t\t<div class=\"elementor-element elementor-element-6d4b9a5 elementor-widget elementor-widget-fp_header\" data-id=\"6d4b9a5\" data-element_type=\"widget\" data-e-type=\"widget\" data-widget_type=\"fp_header.default\">\n\t\t\t\t<div class=\"elementor-widget-container\">\n\t\t\t\t\t        <h2        class=\"f-headline-semi-large f-headline-semi-large--light                \"\n        >\n        <div ><strong>Konieczno\u015b\u0107 podania danych<\/strong><\/div>\n        <\/h2>\n        \t\t\t\t<\/div>\n\t\t\t\t<\/div>\n\t\t\t\t<div class=\"elementor-element elementor-element-821b2f1 elementor-widget elementor-widget-text-editor\" data-id=\"821b2f1\" data-element_type=\"widget\" data-e-type=\"widget\" data-widget_type=\"text-editor.default\">\n\t\t\t\t<div class=\"elementor-widget-container\">\n\t\t\t\t\t\t\t\t\t<p>Podanie Twoich danych osobowych jest dobrowolne, natomiast odmowa podania danych mo\u017ce skutkowa\u0107 brakiem mo\u017cliwo\u015bci przesy\u0142ania newslettera lub nawi\u0105zania kontaktu w celu przedstawienia oferty zgodnej z Twoimi preferencjami. W przypadku organizowanych przez nas lub naszych partner\u00f3w wydarze\u0144 odmowa podania danych skutkowa\u0107 mo\u017ce brakiem mo\u017cliwo\u015bci wzi\u0119cia udzia\u0142u w takim wydarzeniu<\/p>\t\t\t\t\t\t\t\t<\/div>\n\t\t\t\t<\/div>\n\t\t\t\t<div class=\"elementor-element elementor-element-291ce18 elementor-widget elementor-widget-fp_header\" data-id=\"291ce18\" data-element_type=\"widget\" data-e-type=\"widget\" data-widget_type=\"fp_header.default\">\n\t\t\t\t<div class=\"elementor-widget-container\">\n\t\t\t\t\t        <h2        class=\"f-headline-semi-large f-headline-semi-large--light                \"\n        >\n        <div ><strong>Zautomatyzowane podejmowanie decyzji<\/strong><\/div>\n        <\/h2>\n        \t\t\t\t<\/div>\n\t\t\t\t<\/div>\n\t\t\t\t<div class=\"elementor-element elementor-element-97cd1e7 elementor-widget elementor-widget-text-editor\" data-id=\"97cd1e7\" data-element_type=\"widget\" data-e-type=\"widget\" data-widget_type=\"text-editor.default\">\n\t\t\t\t<div class=\"elementor-widget-container\">\n\t\t\t\t\t\t\t\t\t<p>Nie b\u0119dziemy wykorzystywa\u0107 Twoich danych w celu zautomatyzowanego podejmowania decyzji, w tym profilowania.<\/p>\t\t\t\t\t\t\t\t<\/div>\n\t\t\t\t<\/div>\n\t\t\t\t\t<\/div>\n\t\t\t\t<\/div>\n\t\t\t\t<\/div>\n\t\t\t\t<\/div>\n\t\t","protected":false},"excerpt":{"rendered":"<p>Polityka prywatno\u015bci Adresaci tre\u015bci marketingowych Administrator Danych Osobowych Administratorem Twoich danych osobowych jest Future Processing S.A. z siedzib\u0105 w Gliwicach, ul. Bojkowska 37A, 44-100 Gliwice, wpisana do rejestru przedsi\u0119biorc\u00f3w przez S\u0105d Rejonowy w Gliwicach, Wydzia\u0142 X Gospodarczy KRS pod numerem KRS 0000817352, NIP 634-25-32-128, REGON 278263445. Kontakt w sprawie Twoich danych W sprawach zwi\u0105zanych z [&hellip;]<\/p>\n","protected":false},"author":3,"featured_media":0,"parent":17419,"menu_order":4,"comment_status":"closed","ping_status":"closed","template":"","meta":{"_acf_changed":false,"footnotes":""},"class_list":["post-23727","page","type-page","status-publish","hentry"],"acf":[],"lang":"pl","translations":{"pl":23727,"en-gb":17536,"de":24835},"pll_sync_post":[],"_links":{"self":[{"href":"https:\/\/www.future-processing.com\/wp-json\/wp\/v2\/pages\/23727","targetHints":{"allow":["GET"]}}],"collection":[{"href":"https:\/\/www.future-processing.com\/wp-json\/wp\/v2\/pages"}],"about":[{"href":"https:\/\/www.future-processing.com\/wp-json\/wp\/v2\/types\/page"}],"author":[{"embeddable":true,"href":"https:\/\/www.future-processing.com\/wp-json\/wp\/v2\/users\/3"}],"replies":[{"embeddable":true,"href":"https:\/\/www.future-processing.com\/wp-json\/wp\/v2\/comments?post=23727"}],"version-history":[{"count":0,"href":"https:\/\/www.future-processing.com\/wp-json\/wp\/v2\/pages\/23727\/revisions"}],"up":[{"embeddable":true,"href":"https:\/\/www.future-processing.com\/wp-json\/wp\/v2\/pages\/17419"}],"wp:attachment":[{"href":"https:\/\/www.future-processing.com\/wp-json\/wp\/v2\/media?parent=23727"}],"curies":[{"name":"wp","href":"https:\/\/api.w.org\/{rel}","templated":true}]}}