{"id":23742,"date":"2024-08-16T14:14:27","date_gmt":"2024-08-16T12:14:27","guid":{"rendered":"https:\/\/stage-fp.webenv.pl\/?page_id=23742"},"modified":"2025-05-13T08:13:00","modified_gmt":"2025-05-13T06:13:00","slug":"odwiedzajacy-nasze-budynki","status":"publish","type":"page","link":"https:\/\/www.future-processing.com\/pl\/polityka-prywatnosci\/odwiedzajacy-nasze-budynki\/","title":{"rendered":"Odwiedzaj\u0105cy nasze budynki"},"content":{"rendered":"\t\t<div data-elementor-type=\"wp-page\" data-elementor-id=\"23742\" class=\"elementor elementor-23742\" data-elementor-post-type=\"page\">\n\t\t\t\t<div class=\"elementor-element elementor-element-48773e0 e-con-full e-flex e-con e-parent\" data-id=\"48773e0\" data-element_type=\"container\" data-e-type=\"container\">\n\t\t<div class=\"elementor-element elementor-element-cf8ea41 e-con-full e-flex e-con e-child\" data-id=\"cf8ea41\" data-element_type=\"container\" data-e-type=\"container\">\n\t\t\t\t<div class=\"elementor-element elementor-element-541fdca elementor-widget elementor-widget-fp_breadcrumbs_links\" data-id=\"541fdca\" data-element_type=\"widget\" data-e-type=\"widget\" data-widget_type=\"fp_breadcrumbs_links.default\">\n\t\t\t\t<div class=\"elementor-widget-container\">\n\t\t\t\t\t        <div\n            class=\"o-breadcrumbs__links  o-breadcrumbs\">\n            <div\n                class=\"o-breadcrumbs__links  e-con e-con-boxed o-breadcrumbs__links--added\">\n                                                                                                    <a\n                            href=\"https:\/\/www.future-processing.com\/pl\/polityka-prywatnosci\/\"\n                            class=\"o-breadcrumbs__link\"\n                            data-elementclick=\"Breadcrumbs link\"\n                            data-elementname=\"Polityka prywatno\u015bci\"\n                        >\n                            Polityka prywatno\u015bci                        <\/a>\n                                                                                    <span>Odwiedzaj\u0105cy nasze budynki<\/span>\n            <\/div>\n        <\/div>\n        \t\t\t\t<\/div>\n\t\t\t\t<\/div>\n\t\t\t\t<\/div>\n\t\t<div class=\"elementor-element elementor-element-a143fb3 e-flex e-con-boxed e-con e-child\" data-id=\"a143fb3\" data-element_type=\"container\" data-e-type=\"container\">\n\t\t\t\t\t<div class=\"e-con-inner\">\n\t\t\t\t<div class=\"elementor-element elementor-element-711c024 elementor-widget elementor-widget-fp_header\" data-id=\"711c024\" data-element_type=\"widget\" data-e-type=\"widget\" data-widget_type=\"fp_header.default\">\n\t\t\t\t<div class=\"elementor-widget-container\">\n\t\t\t\t\t        <h2        class=\"f-headline-semi-large f-headline-semi-large--light                \"\n        >\n        <div ><strong>Administrator Danych Osobowych<\/strong><\/div>\n        <\/h2>\n        \t\t\t\t<\/div>\n\t\t\t\t<\/div>\n\t\t\t\t<div class=\"elementor-element elementor-element-1607538 elementor-widget elementor-widget-text-editor\" data-id=\"1607538\" data-element_type=\"widget\" data-e-type=\"widget\" data-widget_type=\"text-editor.default\">\n\t\t\t\t<div class=\"elementor-widget-container\">\n\t\t\t\t\t\t\t\t\t<p>Administratorem Twoich danych osobowych jest Future Processing S.A. z siedzib\u0105 w Gliwicach, ul. Bojkowska 37A, 44-100 Gliwice, wpisana do rejestru przedsi\u0119biorc\u00f3w przez S\u0105d Rejonowy w Gliwicach, Wydzia\u0142 X Gospodarczy KRS pod numerem KRS 0000817352, NIP 634-25-32-128, REGON 278263445.<\/p>\t\t\t\t\t\t\t\t<\/div>\n\t\t\t\t<\/div>\n\t\t\t\t<div class=\"elementor-element elementor-element-16afeee elementor-widget elementor-widget-fp_header\" data-id=\"16afeee\" data-element_type=\"widget\" data-e-type=\"widget\" data-widget_type=\"fp_header.default\">\n\t\t\t\t<div class=\"elementor-widget-container\">\n\t\t\t\t\t        <h2        class=\"f-headline-semi-large f-headline-semi-large--light                \"\n        >\n        <div ><p><strong>Kontakt w sprawie Twoich danych<\/strong><\/p><\/div>\n        <\/h2>\n        \t\t\t\t<\/div>\n\t\t\t\t<\/div>\n\t\t\t\t<div class=\"elementor-element elementor-element-82bdc10 elementor-widget elementor-widget-text-editor\" data-id=\"82bdc10\" data-element_type=\"widget\" data-e-type=\"widget\" data-widget_type=\"text-editor.default\">\n\t\t\t\t<div class=\"elementor-widget-container\">\n\t\t\t\t\t\t\t\t\t<p>W sprawach zwi\u0105zanych z przetwarzaniem Twoich danych osobowych mo\u017cesz skontaktowa\u0107 si\u0119 z nami wysy\u0142aj\u0105c wiadomo\u015b\u0107 e-mail adres: <a href=\"mailto:rodo@future-processing.com\">rodo@future-processing.com<\/a>.<\/p>\t\t\t\t\t\t\t\t<\/div>\n\t\t\t\t<\/div>\n\t\t\t\t<div class=\"elementor-element elementor-element-f2751ec elementor-widget elementor-widget-fp_header\" data-id=\"f2751ec\" data-element_type=\"widget\" data-e-type=\"widget\" data-widget_type=\"fp_header.default\">\n\t\t\t\t<div class=\"elementor-widget-container\">\n\t\t\t\t\t        <h2        class=\"f-headline-semi-large f-headline-semi-large--light                \"\n        >\n        <div ><strong>Cele i podstawy przetwarzania danych\n<\/strong><\/div>\n        <\/h2>\n        \t\t\t\t<\/div>\n\t\t\t\t<\/div>\n\t\t<div class=\"elementor-element elementor-element-c95aa77 e-grid e-con-full e-con e-child\" data-id=\"c95aa77\" data-element_type=\"container\" data-e-type=\"container\">\n\t\t<div class=\"elementor-element elementor-element-fc6f8d8 e-con-full e-flex e-con e-child\" data-id=\"fc6f8d8\" data-element_type=\"container\" data-e-type=\"container\" data-settings=\"{&quot;background_background&quot;:&quot;classic&quot;}\">\n\t\t\t\t<div class=\"elementor-element elementor-element-7ecd7e9 elementor-widget elementor-widget-fp_header\" data-id=\"7ecd7e9\" data-element_type=\"widget\" data-e-type=\"widget\" data-widget_type=\"fp_header.default\">\n\t\t\t\t<div class=\"elementor-widget-container\">\n\t\t\t\t\t        <h3        class=\"f-paragraph                \"\n        >\n        <div ><p>CEL PRZETWARZANIA<\/p><\/div>\n        <\/h3>\n        \t\t\t\t<\/div>\n\t\t\t\t<\/div>\n\t\t\t\t<\/div>\n\t\t<div class=\"elementor-element elementor-element-1edb2f3 e-con-full e-flex e-con e-child\" data-id=\"1edb2f3\" data-element_type=\"container\" data-e-type=\"container\" data-settings=\"{&quot;background_background&quot;:&quot;classic&quot;}\">\n\t\t\t\t<div class=\"elementor-element elementor-element-e2b33f0 elementor-widget elementor-widget-fp_header\" data-id=\"e2b33f0\" data-element_type=\"widget\" data-e-type=\"widget\" data-widget_type=\"fp_header.default\">\n\t\t\t\t<div class=\"elementor-widget-container\">\n\t\t\t\t\t        <h3        class=\"f-paragraph                \"\n        >\n        <div ><p>PODSTAWA PRAWNA<\/p><\/div>\n        <\/h3>\n        \t\t\t\t<\/div>\n\t\t\t\t<\/div>\n\t\t\t\t<\/div>\n\t\t<div class=\"elementor-element elementor-element-d434865 e-con-full e-flex e-con e-child\" data-id=\"d434865\" data-element_type=\"container\" data-e-type=\"container\">\n\t\t\t\t<div class=\"elementor-element elementor-element-445a4ce elementor-widget elementor-widget-text-editor\" data-id=\"445a4ce\" data-element_type=\"widget\" data-e-type=\"widget\" data-widget_type=\"text-editor.default\">\n\t\t\t\t<div class=\"elementor-widget-container\">\n\t\t\t\t\t\t\t\t\tZapewnienie ochrony obiektu i mienia oraz zapewnienie bezpiecze\u0144stwa na terenie obiektu.\t\t\t\t\t\t\t\t<\/div>\n\t\t\t\t<\/div>\n\t\t\t\t<\/div>\n\t\t<div class=\"elementor-element elementor-element-2ea2a97 e-con-full e-flex e-con e-child\" data-id=\"2ea2a97\" data-element_type=\"container\" data-e-type=\"container\">\n\t\t\t\t<div class=\"elementor-element elementor-element-e296bb1 elementor-widget elementor-widget-text-editor\" data-id=\"e296bb1\" data-element_type=\"widget\" data-e-type=\"widget\" data-widget_type=\"text-editor.default\">\n\t\t\t\t<div class=\"elementor-widget-container\">\n\t\t\t\t\t\t\t\t\tart. 6 ust. 1 lit. f) RODO\nUzasadniony interes (zapewnienie ochrony oraz identyfikacja zagro\u017ce\u0144 i narusze\u0144 bezpiecze\u0144stwa)\t\t\t\t\t\t\t\t<\/div>\n\t\t\t\t<\/div>\n\t\t\t\t<\/div>\n\t\t\t\t<\/div>\n\t\t\t\t<div class=\"elementor-element elementor-element-a80692b elementor-widget elementor-widget-fp_header\" data-id=\"a80692b\" data-element_type=\"widget\" data-e-type=\"widget\" data-widget_type=\"fp_header.default\">\n\t\t\t\t<div class=\"elementor-widget-container\">\n\t\t\t\t\t        <h2        class=\"f-headline-semi-large f-headline-semi-large--light                \"\n        >\n        <div ><strong>Zakres danych<\/strong><\/div>\n        <\/h2>\n        \t\t\t\t<\/div>\n\t\t\t\t<\/div>\n\t\t\t\t<div class=\"elementor-element elementor-element-1725214 elementor-widget elementor-widget-text-editor\" data-id=\"1725214\" data-element_type=\"widget\" data-e-type=\"widget\" data-widget_type=\"text-editor.default\">\n\t\t\t\t<div class=\"elementor-widget-container\">\n\t\t\t\t\t\t\t\t\t<p>W zwi\u0105zku z odwiedzinami przez Ciebie naszych budynk\u00f3w lub ich najbli\u017cszej okolicy, nasze kamery mog\u0105 zarejestrowa\u0107 Tw\u00f3j wizerunek.<\/p><p>Je\u015bli nie posiadasz karty wst\u0119pu, to utrwalamy te\u017c Twoje dane (imi\u0119, nazwisko, podpis) w naszej ksi\u0119dze wej\u015b\u0107\/wyj\u015b\u0107 (elektronicznej lub papierowej).<\/p>\t\t\t\t\t\t\t\t<\/div>\n\t\t\t\t<\/div>\n\t\t\t\t<div class=\"elementor-element elementor-element-b599dd8 elementor-widget elementor-widget-fp_header\" data-id=\"b599dd8\" data-element_type=\"widget\" data-e-type=\"widget\" data-widget_type=\"fp_header.default\">\n\t\t\t\t<div class=\"elementor-widget-container\">\n\t\t\t\t\t        <h2        class=\"f-headline-semi-large f-headline-semi-large--light                \"\n        >\n        <div ><strong>Odbiorcy danych osobowych\n<\/strong><\/div>\n        <\/h2>\n        \t\t\t\t<\/div>\n\t\t\t\t<\/div>\n\t\t\t\t<div class=\"elementor-element elementor-element-e90d984 elementor-widget elementor-widget-text-editor\" data-id=\"e90d984\" data-element_type=\"widget\" data-e-type=\"widget\" data-widget_type=\"text-editor.default\">\n\t\t\t\t<div class=\"elementor-widget-container\">\n\t\t\t\t\t\t\t\t\t<p>Mo\u017cemy przekazywa\u0107 Twoje dane osobowe:<\/p><ul><li>podmiotom wsp\u00f3\u0142pracuj\u0105cym z nami w zakresie zapewnienia bezpiecze\u0144stwa os\u00f3b, mienia lub informacji (przede wszystkim agencjom ochrony),<\/li><li>podmiotom realizuj\u0105cym dla nas us\u0142ugi elektronicznej ksi\u0119gi wej\u015b\u0107\/wyj\u015b\u0107,<\/li><li>podmiotom lub organom uprawnionym na podstawie przepis\u00f3w prawa (np. s\u0105dy, prokuratura, organy nadzorcze),<\/li><\/ul><p>W uzasadnionych przypadkach mo\u017cemy udost\u0119pni\u0107 nagranie z monitoringu osobom trzecim (np. w przypadku nagrania st\u0142uczki na parkingu), ale robimy to z poszanowaniem praw os\u00f3b postronnych.<\/p>\t\t\t\t\t\t\t\t<\/div>\n\t\t\t\t<\/div>\n\t\t\t\t<div class=\"elementor-element elementor-element-a0b399f elementor-widget elementor-widget-fp_header\" data-id=\"a0b399f\" data-element_type=\"widget\" data-e-type=\"widget\" data-widget_type=\"fp_header.default\">\n\t\t\t\t<div class=\"elementor-widget-container\">\n\t\t\t\t\t        <h2        class=\"f-headline-semi-large f-headline-semi-large--light                \"\n        >\n        <div ><strong>Okres przetwarzania danych<\/strong><\/div>\n        <\/h2>\n        \t\t\t\t<\/div>\n\t\t\t\t<\/div>\n\t\t\t\t<div class=\"elementor-element elementor-element-69a3244 elementor-widget elementor-widget-text-editor\" data-id=\"69a3244\" data-element_type=\"widget\" data-e-type=\"widget\" data-widget_type=\"text-editor.default\">\n\t\t\t\t<div class=\"elementor-widget-container\">\n\t\t\t\t\t\t\t\t\t<p>Dane z monitoringu b\u0119dziemy przechowywa\u0107 do 1 miesi\u0105ca od daty zarejestrowania obrazu.<\/p><p>Dane w ksi\u0119dze wej\u015b\u0107\/wyj\u015b\u0107 b\u0119dziemy przechowywa\u0107 przez 3 miesi\u0105ce od daty pozyskania danych.<\/p>\t\t\t\t\t\t\t\t<\/div>\n\t\t\t\t<\/div>\n\t\t\t\t<div class=\"elementor-element elementor-element-f410c47 elementor-widget elementor-widget-fp_header\" data-id=\"f410c47\" data-element_type=\"widget\" data-e-type=\"widget\" data-widget_type=\"fp_header.default\">\n\t\t\t\t<div class=\"elementor-widget-container\">\n\t\t\t\t\t        <h2        class=\"f-headline-semi-large f-headline-semi-large--light                \"\n        >\n        <div ><strong>Twoje prawa<\/strong><\/div>\n        <\/h2>\n        \t\t\t\t<\/div>\n\t\t\t\t<\/div>\n\t\t\t\t<div class=\"elementor-element elementor-element-4303ddb elementor-widget elementor-widget-text-editor\" data-id=\"4303ddb\" data-element_type=\"widget\" data-e-type=\"widget\" data-widget_type=\"text-editor.default\">\n\t\t\t\t<div class=\"elementor-widget-container\">\n\t\t\t\t\t\t\t\t\t<p>W uzasadnionych przypadkach mo\u017cesz:<\/p><ul><li>\u017c\u0105da\u0107 od nas dost\u0119pu do Twoich danych, ich sprostowania, usuni\u0119cia lub ograniczenia ich przetwarzania,<\/li><li>wnie\u015b\u0107 sprzeciw wobec przetwarzania przez nas Twoich danych osobowych,<\/li><\/ul><p>Je\u017celi s\u0105dzisz, \u017ce przetwarzanie przez nas Twoich danych osobowych narusza obowi\u0105zuj\u0105ce w tym zakresie przepisy, to mo\u017cesz wnie\u015b\u0107 skarg\u0119 do w\u0142a\u015bciwego organu nadzorczego (Urz\u0119du Ochrony Danych Osobowych)<\/p>\t\t\t\t\t\t\t\t<\/div>\n\t\t\t\t<\/div>\n\t\t\t\t<div class=\"elementor-element elementor-element-b346c50 elementor-widget elementor-widget-fp_header\" data-id=\"b346c50\" data-element_type=\"widget\" data-e-type=\"widget\" data-widget_type=\"fp_header.default\">\n\t\t\t\t<div class=\"elementor-widget-container\">\n\t\t\t\t\t        <h2        class=\"f-headline-semi-large f-headline-semi-large--light                \"\n        >\n        <div ><strong>Konieczno\u015b\u0107 podania danych<\/strong><\/div>\n        <\/h2>\n        \t\t\t\t<\/div>\n\t\t\t\t<\/div>\n\t\t\t\t<div class=\"elementor-element elementor-element-8f0801c elementor-widget elementor-widget-text-editor\" data-id=\"8f0801c\" data-element_type=\"widget\" data-e-type=\"widget\" data-widget_type=\"text-editor.default\">\n\t\t\t\t<div class=\"elementor-widget-container\">\n\t\t\t\t\t\t\t\t\t<p>Podanie Twoich danych osobowych jest dobrowolne, natomiast odmowa podania danych mo\u017ce skutkowa\u0107 brakiem mo\u017cliwo\u015bci wej\u015bcia na teren budynk\u00f3w Administratora.<\/p>\t\t\t\t\t\t\t\t<\/div>\n\t\t\t\t<\/div>\n\t\t\t\t<div class=\"elementor-element elementor-element-a9dcbf2 elementor-widget elementor-widget-fp_header\" data-id=\"a9dcbf2\" data-element_type=\"widget\" data-e-type=\"widget\" data-widget_type=\"fp_header.default\">\n\t\t\t\t<div class=\"elementor-widget-container\">\n\t\t\t\t\t        <h2        class=\"f-headline-semi-large f-headline-semi-large--light                \"\n        >\n        <div ><strong>Zautomatyzowane podejmowanie decyzji<\/strong><\/div>\n        <\/h2>\n        \t\t\t\t<\/div>\n\t\t\t\t<\/div>\n\t\t\t\t<div class=\"elementor-element elementor-element-eaaae19 elementor-widget elementor-widget-text-editor\" data-id=\"eaaae19\" data-element_type=\"widget\" data-e-type=\"widget\" data-widget_type=\"text-editor.default\">\n\t\t\t\t<div class=\"elementor-widget-container\">\n\t\t\t\t\t\t\t\t\tNie b\u0119dziemy wykorzystywa\u0107 Twoich danych w celu zautomatyzowanego podejmowania decyzji, w tym profilowania.\n\t\t\t\t\t\t\t\t<\/div>\n\t\t\t\t<\/div>\n\t\t\t\t\t<\/div>\n\t\t\t\t<\/div>\n\t\t\t\t<\/div>\n\t\t\t\t<\/div>\n\t\t","protected":false},"excerpt":{"rendered":"<p>Polityka prywatno\u015bci Odwiedzaj\u0105cy nasze budynki Administrator Danych Osobowych Administratorem Twoich danych osobowych jest Future Processing S.A. z siedzib\u0105 w Gliwicach, ul. Bojkowska 37A, 44-100 Gliwice, wpisana do rejestru przedsi\u0119biorc\u00f3w przez S\u0105d Rejonowy w Gliwicach, Wydzia\u0142 X Gospodarczy KRS pod numerem KRS 0000817352, NIP 634-25-32-128, REGON 278263445. Kontakt w sprawie Twoich danych W sprawach zwi\u0105zanych z [&hellip;]<\/p>\n","protected":false},"author":3,"featured_media":0,"parent":17419,"menu_order":5,"comment_status":"closed","ping_status":"closed","template":"","meta":{"_acf_changed":false,"footnotes":""},"class_list":["post-23742","page","type-page","status-publish","hentry"],"acf":[],"lang":"pl","translations":{"pl":23742,"en-gb":17545,"de":24842},"pll_sync_post":[],"_links":{"self":[{"href":"https:\/\/www.future-processing.com\/wp-json\/wp\/v2\/pages\/23742","targetHints":{"allow":["GET"]}}],"collection":[{"href":"https:\/\/www.future-processing.com\/wp-json\/wp\/v2\/pages"}],"about":[{"href":"https:\/\/www.future-processing.com\/wp-json\/wp\/v2\/types\/page"}],"author":[{"embeddable":true,"href":"https:\/\/www.future-processing.com\/wp-json\/wp\/v2\/users\/3"}],"replies":[{"embeddable":true,"href":"https:\/\/www.future-processing.com\/wp-json\/wp\/v2\/comments?post=23742"}],"version-history":[{"count":0,"href":"https:\/\/www.future-processing.com\/wp-json\/wp\/v2\/pages\/23742\/revisions"}],"up":[{"embeddable":true,"href":"https:\/\/www.future-processing.com\/wp-json\/wp\/v2\/pages\/17419"}],"wp:attachment":[{"href":"https:\/\/www.future-processing.com\/wp-json\/wp\/v2\/media?parent=23742"}],"curies":[{"name":"wp","href":"https:\/\/api.w.org\/{rel}","templated":true}]}}