{"id":23843,"date":"2024-08-16T14:49:13","date_gmt":"2024-08-16T12:49:13","guid":{"rendered":"https:\/\/stage-fp.webenv.pl\/?page_id=23843"},"modified":"2025-05-13T07:59:30","modified_gmt":"2025-05-13T05:59:30","slug":"akcjonariusze","status":"publish","type":"page","link":"https:\/\/www.future-processing.com\/pl\/polityka-prywatnosci\/akcjonariusze\/","title":{"rendered":"Akcjonariusze"},"content":{"rendered":"\t\t<div data-elementor-type=\"wp-page\" data-elementor-id=\"23843\" class=\"elementor elementor-23843\" data-elementor-post-type=\"page\">\n\t\t\t\t<div class=\"elementor-element elementor-element-f16db6f e-con-full e-flex e-con e-parent\" data-id=\"f16db6f\" data-element_type=\"container\" data-e-type=\"container\">\n\t\t<div class=\"elementor-element elementor-element-43e297a e-flex e-con-boxed e-con e-child\" data-id=\"43e297a\" data-element_type=\"container\" data-e-type=\"container\">\n\t\t\t\t\t<div class=\"e-con-inner\">\n\t\t\t\t<div class=\"elementor-element elementor-element-6c6bfb6 elementor-widget elementor-widget-fp_breadcrumbs_links\" data-id=\"6c6bfb6\" data-element_type=\"widget\" data-e-type=\"widget\" data-widget_type=\"fp_breadcrumbs_links.default\">\n\t\t\t\t<div class=\"elementor-widget-container\">\n\t\t\t\t\t        <div\n            class=\"o-breadcrumbs__links  o-breadcrumbs\">\n            <div\n                class=\"o-breadcrumbs__links  e-con e-con-boxed o-breadcrumbs__links--added\">\n                                                                                                    <a\n                            href=\"https:\/\/www.future-processing.com\/pl\/polityka-prywatnosci\/\"\n                            class=\"o-breadcrumbs__link\"\n                            data-elementclick=\"Breadcrumbs link\"\n                            data-elementname=\"Polityka prywatno\u015bci\"\n                        >\n                            Polityka prywatno\u015bci                        <\/a>\n                                                                                    <span>Akcjonariusze<\/span>\n            <\/div>\n        <\/div>\n        \t\t\t\t<\/div>\n\t\t\t\t<\/div>\n\t\t\t\t\t<\/div>\n\t\t\t\t<\/div>\n\t\t<div class=\"elementor-element elementor-element-e0b94cc e-flex e-con-boxed e-con e-child\" data-id=\"e0b94cc\" data-element_type=\"container\" data-e-type=\"container\">\n\t\t\t\t\t<div class=\"e-con-inner\">\n\t\t\t\t<div class=\"elementor-element elementor-element-9762416 elementor-widget elementor-widget-fp_header\" data-id=\"9762416\" data-element_type=\"widget\" data-e-type=\"widget\" data-widget_type=\"fp_header.default\">\n\t\t\t\t<div class=\"elementor-widget-container\">\n\t\t\t\t\t        <h2        class=\"f-headline-semi-large f-headline-semi-large--light                \"\n        >\n        <div ><strong>Administrator Danych Osobowych<\/strong><\/div>\n        <\/h2>\n        \t\t\t\t<\/div>\n\t\t\t\t<\/div>\n\t\t\t\t<div class=\"elementor-element elementor-element-cee8e17 elementor-widget elementor-widget-text-editor\" data-id=\"cee8e17\" data-element_type=\"widget\" data-e-type=\"widget\" data-widget_type=\"text-editor.default\">\n\t\t\t\t<div class=\"elementor-widget-container\">\n\t\t\t\t\t\t\t\t\t<p>Administratorem Twoich danych osobowych jest Future Processing S.A. z siedzib\u0105 w Gliwicach, ul. Bojkowska 37A, 44-100 Gliwice, wpisana do rejestru przedsi\u0119biorc\u00f3w przez S\u0105d Rejonowy w Gliwicach, Wydzia\u0142 X Gospodarczy KRS pod numerem KRS 0000817352, NIP 634-25-32-128, REGON 278263445.<\/p>\t\t\t\t\t\t\t\t<\/div>\n\t\t\t\t<\/div>\n\t\t\t\t<div class=\"elementor-element elementor-element-435c9a3 elementor-widget elementor-widget-fp_header\" data-id=\"435c9a3\" data-element_type=\"widget\" data-e-type=\"widget\" data-widget_type=\"fp_header.default\">\n\t\t\t\t<div class=\"elementor-widget-container\">\n\t\t\t\t\t        <h2        class=\"f-headline-semi-large f-headline-semi-large--light                \"\n        >\n        <div ><p><strong>Kontakt w sprawie Twoich danych<\/strong><\/p><\/div>\n        <\/h2>\n        \t\t\t\t<\/div>\n\t\t\t\t<\/div>\n\t\t\t\t<div class=\"elementor-element elementor-element-a91f0c4 elementor-widget elementor-widget-text-editor\" data-id=\"a91f0c4\" data-element_type=\"widget\" data-e-type=\"widget\" data-widget_type=\"text-editor.default\">\n\t\t\t\t<div class=\"elementor-widget-container\">\n\t\t\t\t\t\t\t\t\t<p>W sprawach zwi\u0105zanych z przetwarzaniem Twoich danych osobowych mo\u017cesz skontaktowa\u0107 si\u0119 z nami wysy\u0142aj\u0105c wiadomo\u015b\u0107 e-mail adres: <a href=\"mailto:rodo@future-processing.com\">rodo@future-processing.com<\/a>.<\/p>\t\t\t\t\t\t\t\t<\/div>\n\t\t\t\t<\/div>\n\t\t\t\t<div class=\"elementor-element elementor-element-f672783 elementor-widget elementor-widget-fp_header\" data-id=\"f672783\" data-element_type=\"widget\" data-e-type=\"widget\" data-widget_type=\"fp_header.default\">\n\t\t\t\t<div class=\"elementor-widget-container\">\n\t\t\t\t\t        <h2        class=\"f-headline-semi-large f-headline-semi-large--light                \"\n        >\n        <div ><strong>Cele i podstawy przetwarzania danych\n<\/strong><\/div>\n        <\/h2>\n        \t\t\t\t<\/div>\n\t\t\t\t<\/div>\n\t\t<div class=\"elementor-element elementor-element-24d200f e-grid e-con-full e-con e-child\" data-id=\"24d200f\" data-element_type=\"container\" data-e-type=\"container\">\n\t\t<div class=\"elementor-element elementor-element-f3d4b44 e-con-full e-flex e-con e-child\" data-id=\"f3d4b44\" data-element_type=\"container\" data-e-type=\"container\" data-settings=\"{&quot;background_background&quot;:&quot;classic&quot;}\">\n\t\t\t\t<div class=\"elementor-element elementor-element-3b5d75d elementor-widget elementor-widget-fp_header\" data-id=\"3b5d75d\" data-element_type=\"widget\" data-e-type=\"widget\" data-widget_type=\"fp_header.default\">\n\t\t\t\t<div class=\"elementor-widget-container\">\n\t\t\t\t\t        <h3        class=\"f-paragraph                \"\n        >\n        <div ><p>CEL PRZETWARZANIA<\/p><\/div>\n        <\/h3>\n        \t\t\t\t<\/div>\n\t\t\t\t<\/div>\n\t\t\t\t<\/div>\n\t\t<div class=\"elementor-element elementor-element-f563307 e-con-full e-flex e-con e-child\" data-id=\"f563307\" data-element_type=\"container\" data-e-type=\"container\" data-settings=\"{&quot;background_background&quot;:&quot;classic&quot;}\">\n\t\t\t\t<div class=\"elementor-element elementor-element-10f29bb elementor-widget elementor-widget-fp_header\" data-id=\"10f29bb\" data-element_type=\"widget\" data-e-type=\"widget\" data-widget_type=\"fp_header.default\">\n\t\t\t\t<div class=\"elementor-widget-container\">\n\t\t\t\t\t        <h3        class=\"f-paragraph                \"\n        >\n        <div ><p>PODSTAWA PRAWNA<\/p><\/div>\n        <\/h3>\n        \t\t\t\t<\/div>\n\t\t\t\t<\/div>\n\t\t\t\t<\/div>\n\t\t<div class=\"elementor-element elementor-element-c317244 e-con-full e-flex e-con e-child\" data-id=\"c317244\" data-element_type=\"container\" data-e-type=\"container\">\n\t\t\t\t<div class=\"elementor-element elementor-element-e4b2ba6 elementor-widget elementor-widget-text-editor\" data-id=\"e4b2ba6\" data-element_type=\"widget\" data-e-type=\"widget\" data-widget_type=\"text-editor.default\">\n\t\t\t\t<div class=\"elementor-widget-container\">\n\t\t\t\t\t\t\t\t\tPrzeprowadzenie Walnego ZgromadzeniaAkcjonariuszy Future Processing S.A., w tym weryfikacja statutu akcjonariusza, realizacja obowi\u0105zku udost\u0119pnienia akcjonariuszom listy akcjonariuszy, umo\u017cliwienie udzia\u0142u w Walnym Zgromadzeniu Akcjonariuszy, realizacja prawa do udzia\u0142u w zysku Future Processing S.A.\t\t\t\t\t\t\t\t<\/div>\n\t\t\t\t<\/div>\n\t\t\t\t<\/div>\n\t\t<div class=\"elementor-element elementor-element-e184798 e-con-full e-flex e-con e-child\" data-id=\"e184798\" data-element_type=\"container\" data-e-type=\"container\">\n\t\t\t\t<div class=\"elementor-element elementor-element-0c9a461 elementor-widget elementor-widget-text-editor\" data-id=\"0c9a461\" data-element_type=\"widget\" data-e-type=\"widget\" data-widget_type=\"text-editor.default\">\n\t\t\t\t<div class=\"elementor-widget-container\">\n\t\t\t\t\t\t\t\t\trt. 6 ust. 1 lit. c) RODO\nRealizacja obowi\u0105zk\u00f3w prawnych wynikaj\u0105cych z Kodeksu Sp\u00f3\u0142ek Handlowych.\t\t\t\t\t\t\t\t<\/div>\n\t\t\t\t<\/div>\n\t\t\t\t<\/div>\n\t\t<div class=\"elementor-element elementor-element-ede7f60 e-con-full e-flex e-con e-child\" data-id=\"ede7f60\" data-element_type=\"container\" data-e-type=\"container\">\n\t\t\t\t<div class=\"elementor-element elementor-element-0cace3d elementor-widget elementor-widget-text-editor\" data-id=\"0cace3d\" data-element_type=\"widget\" data-e-type=\"widget\" data-widget_type=\"text-editor.default\">\n\t\t\t\t<div class=\"elementor-widget-container\">\n\t\t\t\t\t\t\t\t\tProwadzenie Ksi\u0119gi Akcyjnej\t\t\t\t\t\t\t\t<\/div>\n\t\t\t\t<\/div>\n\t\t\t\t<\/div>\n\t\t<div class=\"elementor-element elementor-element-d4bffa6 e-con-full e-flex e-con e-child\" data-id=\"d4bffa6\" data-element_type=\"container\" data-e-type=\"container\">\n\t\t\t\t<div class=\"elementor-element elementor-element-0ed2d5a elementor-widget elementor-widget-text-editor\" data-id=\"0ed2d5a\" data-element_type=\"widget\" data-e-type=\"widget\" data-widget_type=\"text-editor.default\">\n\t\t\t\t<div class=\"elementor-widget-container\">\n\t\t\t\t\t\t\t\t\tart. 6 ust. 1 lit. c) RODO\nRealizacja obowi\u0105zku prawnego wynikaj\u0105cego z Kodeksu Sp\u00f3\u0142ek Handlowych.\t\t\t\t\t\t\t\t<\/div>\n\t\t\t\t<\/div>\n\t\t\t\t<\/div>\n\t\t<div class=\"elementor-element elementor-element-be05d52 e-con-full e-flex e-con e-child\" data-id=\"be05d52\" data-element_type=\"container\" data-e-type=\"container\">\n\t\t\t\t<div class=\"elementor-element elementor-element-e74577f elementor-widget elementor-widget-text-editor\" data-id=\"e74577f\" data-element_type=\"widget\" data-e-type=\"widget\" data-widget_type=\"text-editor.default\">\n\t\t\t\t<div class=\"elementor-widget-container\">\n\t\t\t\t\t\t\t\t\tUstalenie, dochodzenie oraz obrona przed roszczeniami\t\t\t\t\t\t\t\t<\/div>\n\t\t\t\t<\/div>\n\t\t\t\t<\/div>\n\t\t<div class=\"elementor-element elementor-element-c482e42 e-con-full e-flex e-con e-child\" data-id=\"c482e42\" data-element_type=\"container\" data-e-type=\"container\">\n\t\t\t\t<div class=\"elementor-element elementor-element-082d4ff elementor-widget elementor-widget-text-editor\" data-id=\"082d4ff\" data-element_type=\"widget\" data-e-type=\"widget\" data-widget_type=\"text-editor.default\">\n\t\t\t\t<div class=\"elementor-widget-container\">\n\t\t\t\t\t\t\t\t\tart. 6 ust. 1 lit. f) RODO\nUzasadniony interes Administratora (zabezpieczenie informacji na wypadek prawnej potrzeby wykazania fakt\u00f3w, ustalenie i dochodzenie praw lub obrona przed roszczeniami).\t\t\t\t\t\t\t\t<\/div>\n\t\t\t\t<\/div>\n\t\t\t\t<\/div>\n\t\t<div class=\"elementor-element elementor-element-02e24ae e-con-full e-flex e-con e-child\" data-id=\"02e24ae\" data-element_type=\"container\" data-e-type=\"container\">\n\t\t\t\t<div class=\"elementor-element elementor-element-6b68ce2 elementor-widget elementor-widget-text-editor\" data-id=\"6b68ce2\" data-element_type=\"widget\" data-e-type=\"widget\" data-widget_type=\"text-editor.default\">\n\t\t\t\t<div class=\"elementor-widget-container\">\n\t\t\t\t\t\t\t\t\tKontakt z Akcjonariuszami, weryfikacja ich to\u017csamo\u015bci\t\t\t\t\t\t\t\t<\/div>\n\t\t\t\t<\/div>\n\t\t\t\t<\/div>\n\t\t<div class=\"elementor-element elementor-element-daabaa8 e-con-full e-flex e-con e-child\" data-id=\"daabaa8\" data-element_type=\"container\" data-e-type=\"container\">\n\t\t\t\t<div class=\"elementor-element elementor-element-6b52a08 elementor-widget elementor-widget-text-editor\" data-id=\"6b52a08\" data-element_type=\"widget\" data-e-type=\"widget\" data-widget_type=\"text-editor.default\">\n\t\t\t\t<div class=\"elementor-widget-container\">\n\t\t\t\t\t\t\t\t\t\tart. 6 ust. 1 lit. f) RODO\nUzasadniony interes Administratora\t\t\t\t\t\t\t\t<\/div>\n\t\t\t\t<\/div>\n\t\t\t\t<\/div>\n\t\t<div class=\"elementor-element elementor-element-c1b2ed0 e-con-full e-flex e-con e-child\" data-id=\"c1b2ed0\" data-element_type=\"container\" data-e-type=\"container\">\n\t\t\t\t<div class=\"elementor-element elementor-element-48463b4 elementor-widget elementor-widget-text-editor\" data-id=\"48463b4\" data-element_type=\"widget\" data-e-type=\"widget\" data-widget_type=\"text-editor.default\">\n\t\t\t\t<div class=\"elementor-widget-container\">\n\t\t\t\t\t\t\t\t\tDokonanie wezwania Akcjonariuszy do z\u0142o\u017cenia dokument\u00f3w akcji w Sp\u00f3\u0142ce, w zwi\u0105zku z dematerializacj\u0105 akcji\t\t\t\t\t\t\t\t<\/div>\n\t\t\t\t<\/div>\n\t\t\t\t<\/div>\n\t\t<div class=\"elementor-element elementor-element-7b1695a e-con-full e-flex e-con e-child\" data-id=\"7b1695a\" data-element_type=\"container\" data-e-type=\"container\">\n\t\t\t\t<div class=\"elementor-element elementor-element-07d9853 elementor-widget elementor-widget-text-editor\" data-id=\"07d9853\" data-element_type=\"widget\" data-e-type=\"widget\" data-widget_type=\"text-editor.default\">\n\t\t\t\t<div class=\"elementor-widget-container\">\n\t\t\t\t\t\t\t\t\tart. 6 ust. 1 lit. c) RODO\nRealizacja obowi\u0105zku prawnego wynikaj\u0105cego z Ustawy z dnia 30 sierpnia 2019 roku o zmianie ustawy \u2013 Kodeks sp\u00f3\u0142ek handlowych oraz niekt\u00f3rych innych ustaw\t\t\t\t\t\t\t\t<\/div>\n\t\t\t\t<\/div>\n\t\t\t\t<\/div>\n\t\t\t\t<\/div>\n\t\t\t\t<div class=\"elementor-element elementor-element-0dc29ba elementor-widget elementor-widget-fp_header\" data-id=\"0dc29ba\" data-element_type=\"widget\" data-e-type=\"widget\" data-widget_type=\"fp_header.default\">\n\t\t\t\t<div class=\"elementor-widget-container\">\n\t\t\t\t\t        <h2        class=\"f-headline-semi-large f-headline-semi-large--light                \"\n        >\n        <div ><strong>Zakres danych<\/strong><\/div>\n        <\/h2>\n        \t\t\t\t<\/div>\n\t\t\t\t<\/div>\n\t\t\t\t<div class=\"elementor-element elementor-element-f2ecc7e elementor-widget elementor-widget-text-editor\" data-id=\"f2ecc7e\" data-element_type=\"widget\" data-e-type=\"widget\" data-widget_type=\"text-editor.default\">\n\t\t\t\t<div class=\"elementor-widget-container\">\n\t\t\t\t\t\t\t\t\t<p>W Ksi\u0119dze Akcyjnej b\u0119dziemy przetwarza\u0107 nast\u0119puj\u0105ce kategorie danych:<\/p><ul><li>Dane identyfikacyjne (imi\u0119 i nazwisko)<\/li><li>Dane adresowe<\/li><li>Dane kontaktowe<\/li><li>Dane dot. rachunku bankowego<\/li><\/ul>\t\t\t\t\t\t\t\t<\/div>\n\t\t\t\t<\/div>\n\t\t\t\t<div class=\"elementor-element elementor-element-0832d3e elementor-widget elementor-widget-fp_header\" data-id=\"0832d3e\" data-element_type=\"widget\" data-e-type=\"widget\" data-widget_type=\"fp_header.default\">\n\t\t\t\t<div class=\"elementor-widget-container\">\n\t\t\t\t\t        <h2        class=\"f-headline-semi-large f-headline-semi-large--light                \"\n        >\n        <div ><strong>Odbiorcy danych osobowych\n<\/strong><\/div>\n        <\/h2>\n        \t\t\t\t<\/div>\n\t\t\t\t<\/div>\n\t\t\t\t<div class=\"elementor-element elementor-element-5afc934 elementor-widget elementor-widget-text-editor\" data-id=\"5afc934\" data-element_type=\"widget\" data-e-type=\"widget\" data-widget_type=\"text-editor.default\">\n\t\t\t\t<div class=\"elementor-widget-container\">\n\t\t\t\t\t\t\t\t\t<p>Mo\u017cemy przekazywa\u0107 Twoje dane osobowe:<\/p><ul><li>podmiotom wsp\u00f3\u0142pracuj\u0105cym z nami w zakresie realizacji obowi\u0105zk\u00f3w przeprowadzenia Walnego Zgromadzenia Akcjonariuszy<\/li><li>innym akcjonariuszom, w celu przegl\u0105dania listy akcjonariuszy<\/li><li>uprawnionym organom pa\u0144stwowym w przypadkach wymaganych prawem<\/li><li>podmiotowi prowadz\u0105cemu rejestr akcjonariuszy<\/li><\/ul>\t\t\t\t\t\t\t\t<\/div>\n\t\t\t\t<\/div>\n\t\t\t\t<div class=\"elementor-element elementor-element-630e466 elementor-widget elementor-widget-fp_header\" data-id=\"630e466\" data-element_type=\"widget\" data-e-type=\"widget\" data-widget_type=\"fp_header.default\">\n\t\t\t\t<div class=\"elementor-widget-container\">\n\t\t\t\t\t        <h2        class=\"f-headline-semi-large f-headline-semi-large--light                \"\n        >\n        <div ><strong>Okres przetwarzania danych<\/strong><\/div>\n        <\/h2>\n        \t\t\t\t<\/div>\n\t\t\t\t<\/div>\n\t\t\t\t<div class=\"elementor-element elementor-element-3cc5a40 elementor-widget elementor-widget-text-editor\" data-id=\"3cc5a40\" data-element_type=\"widget\" data-e-type=\"widget\" data-widget_type=\"text-editor.default\">\n\t\t\t\t<div class=\"elementor-widget-container\">\n\t\t\t\t\t\t\t\t\t<p>Dane zawarte w ksi\u0119dze akcyjnej b\u0119d\u0105 przechowywane przez ca\u0142y okres dzia\u0142alno\u015bci Future Processing S.A. W przypadku naszych prawnie uzasadnionych interes\u00f3w b\u0119dziemy te dane przechowywa\u0107 do momentu ustania tego interesu (dotyczy to m.in. szczeg\u00f3\u0142\u00f3w dotycz\u0105cych uchwa\u0142 i wynik\u00f3w g\u0142osowania).<\/p>\t\t\t\t\t\t\t\t<\/div>\n\t\t\t\t<\/div>\n\t\t\t\t<div class=\"elementor-element elementor-element-83e9dbb elementor-widget elementor-widget-fp_header\" data-id=\"83e9dbb\" data-element_type=\"widget\" data-e-type=\"widget\" data-widget_type=\"fp_header.default\">\n\t\t\t\t<div class=\"elementor-widget-container\">\n\t\t\t\t\t        <h2        class=\"f-headline-semi-large f-headline-semi-large--light                \"\n        >\n        <div ><strong>Twoje prawa<\/strong><\/div>\n        <\/h2>\n        \t\t\t\t<\/div>\n\t\t\t\t<\/div>\n\t\t\t\t<div class=\"elementor-element elementor-element-6760e1b elementor-widget elementor-widget-text-editor\" data-id=\"6760e1b\" data-element_type=\"widget\" data-e-type=\"widget\" data-widget_type=\"text-editor.default\">\n\t\t\t\t<div class=\"elementor-widget-container\">\n\t\t\t\t\t\t\t\t\t<p>W zwi\u0105zku z tym, \u017ce przetwarzamy Twoje dane osobowe w ka\u017cdej chwili mo\u017cesz:<\/p><ul><li>\u017c\u0105da\u0107 od nas dost\u0119pu do Twoich danych, uzyskania ich kopii oraz ich sprostowania<\/li><li>wnie\u015b\u0107 sprzeciw wobec przetwarzania przez nas Twoich danych osobowych, z przyczyn zwi\u0105zanych z Twoj\u0105 szczeg\u00f3ln\u0105 sytuacj\u0105, kt\u00f3ra powoduje, \u017ce nie chcesz aby\u015bmy przetwarzali te dane w zwi\u0105zku z naszym uzasadnionym interesem<\/li><li>\u017c\u0105da\u0107 usuni\u0119cia lub ograniczenia przetwarzania Twoich danych osobowych,<\/li><li>wnie\u015b\u0107 skarg\u0119 do w\u0142a\u015bciwego organu nadzorczego, je\u017celi s\u0105dzisz, \u017ce przetwarzanie przez nas Twoich danych osobowych narusza obowi\u0105zuj\u0105ce w tym zakresie przepisy.<\/li><\/ul>\t\t\t\t\t\t\t\t<\/div>\n\t\t\t\t<\/div>\n\t\t\t\t<div class=\"elementor-element elementor-element-a6f5968 elementor-widget elementor-widget-fp_header\" data-id=\"a6f5968\" data-element_type=\"widget\" data-e-type=\"widget\" data-widget_type=\"fp_header.default\">\n\t\t\t\t<div class=\"elementor-widget-container\">\n\t\t\t\t\t        <h2        class=\"f-headline-semi-large f-headline-semi-large--light                \"\n        >\n        <div ><strong>Konieczno\u015b\u0107 podania danych<\/strong><\/div>\n        <\/h2>\n        \t\t\t\t<\/div>\n\t\t\t\t<\/div>\n\t\t\t\t<div class=\"elementor-element elementor-element-1a274fb elementor-widget elementor-widget-text-editor\" data-id=\"1a274fb\" data-element_type=\"widget\" data-e-type=\"widget\" data-widget_type=\"text-editor.default\">\n\t\t\t\t<div class=\"elementor-widget-container\">\n\t\t\t\t\t\t\t\t\t<p>Podanie danych osobowych jest warunkiem nabycia uprawnie\u0144 Akcjonariusza.<\/p>\t\t\t\t\t\t\t\t<\/div>\n\t\t\t\t<\/div>\n\t\t\t\t<div class=\"elementor-element elementor-element-3bd47f0 elementor-widget elementor-widget-fp_header\" data-id=\"3bd47f0\" data-element_type=\"widget\" data-e-type=\"widget\" data-widget_type=\"fp_header.default\">\n\t\t\t\t<div class=\"elementor-widget-container\">\n\t\t\t\t\t        <h2        class=\"f-headline-semi-large f-headline-semi-large--light                \"\n        >\n        <div ><strong>Zautomatyzowane podejmowanie decyzji<\/strong><\/div>\n        <\/h2>\n        \t\t\t\t<\/div>\n\t\t\t\t<\/div>\n\t\t\t\t<div class=\"elementor-element elementor-element-2eae9c1 elementor-widget elementor-widget-text-editor\" data-id=\"2eae9c1\" data-element_type=\"widget\" data-e-type=\"widget\" data-widget_type=\"text-editor.default\">\n\t\t\t\t<div class=\"elementor-widget-container\">\n\t\t\t\t\t\t\t\t\tNie b\u0119dziemy wykorzystywa\u0107 Twoich danych w celu zautomatyzowanego podejmowania decyzji, w tym profilowania.\n\t\t\t\t\t\t\t\t<\/div>\n\t\t\t\t<\/div>\n\t\t\t\t\t<\/div>\n\t\t\t\t<\/div>\n\t\t\t\t<\/div>\n\t\t\t\t<\/div>\n\t\t","protected":false},"excerpt":{"rendered":"<p>Polityka prywatno\u015bci Akcjonariusze Administrator Danych Osobowych Administratorem Twoich danych osobowych jest Future Processing S.A. z siedzib\u0105 w Gliwicach, ul. Bojkowska 37A, 44-100 Gliwice, wpisana do rejestru przedsi\u0119biorc\u00f3w przez S\u0105d Rejonowy w Gliwicach, Wydzia\u0142 X Gospodarczy KRS pod numerem KRS 0000817352, NIP 634-25-32-128, REGON 278263445. Kontakt w sprawie Twoich danych W sprawach zwi\u0105zanych z przetwarzaniem Twoich [&hellip;]<\/p>\n","protected":false},"author":3,"featured_media":0,"parent":17419,"menu_order":6,"comment_status":"closed","ping_status":"closed","template":"","meta":{"_acf_changed":false,"footnotes":""},"class_list":["post-23843","page","type-page","status-publish","hentry"],"acf":[],"lang":"pl","translations":{"pl":23843},"pll_sync_post":[],"_links":{"self":[{"href":"https:\/\/www.future-processing.com\/wp-json\/wp\/v2\/pages\/23843","targetHints":{"allow":["GET"]}}],"collection":[{"href":"https:\/\/www.future-processing.com\/wp-json\/wp\/v2\/pages"}],"about":[{"href":"https:\/\/www.future-processing.com\/wp-json\/wp\/v2\/types\/page"}],"author":[{"embeddable":true,"href":"https:\/\/www.future-processing.com\/wp-json\/wp\/v2\/users\/3"}],"replies":[{"embeddable":true,"href":"https:\/\/www.future-processing.com\/wp-json\/wp\/v2\/comments?post=23843"}],"version-history":[{"count":0,"href":"https:\/\/www.future-processing.com\/wp-json\/wp\/v2\/pages\/23843\/revisions"}],"up":[{"embeddable":true,"href":"https:\/\/www.future-processing.com\/wp-json\/wp\/v2\/pages\/17419"}],"wp:attachment":[{"href":"https:\/\/www.future-processing.com\/wp-json\/wp\/v2\/media?parent=23843"}],"curies":[{"name":"wp","href":"https:\/\/api.w.org\/{rel}","templated":true}]}}