{"id":24820,"date":"2024-08-19T08:12:15","date_gmt":"2024-08-19T06:12:15","guid":{"rendered":"https:\/\/stage-fp.webenv.pl\/?page_id=24820"},"modified":"2025-10-21T14:53:07","modified_gmt":"2025-10-21T12:53:07","slug":"kunden-und-potenzielle-kunden","status":"publish","type":"page","link":"https:\/\/www.future-processing.com\/de\/datenschutzerklarung\/kunden-und-potenzielle-kunden\/","title":{"rendered":"Kunden und potenzielle Kunden"},"content":{"rendered":"\t\t<div data-elementor-type=\"wp-page\" data-elementor-id=\"24820\" class=\"elementor elementor-24820\" data-elementor-post-type=\"page\">\n\t\t\t\t<div class=\"elementor-element elementor-element-a62559e e-con-full e-flex e-con e-parent\" data-id=\"a62559e\" data-element_type=\"container\" data-e-type=\"container\">\n\t\t<div class=\"elementor-element elementor-element-df228fa e-con-full e-flex e-con e-child\" data-id=\"df228fa\" data-element_type=\"container\" data-e-type=\"container\">\n\t\t\t\t<div class=\"elementor-element elementor-element-c98eac8 elementor-widget elementor-widget-fp_breadcrumbs_links\" data-id=\"c98eac8\" data-element_type=\"widget\" data-e-type=\"widget\" data-widget_type=\"fp_breadcrumbs_links.default\">\n\t\t\t\t<div class=\"elementor-widget-container\">\n\t\t\t\t\t        <div\n            class=\"o-breadcrumbs__links  o-breadcrumbs\">\n            <div\n                class=\"o-breadcrumbs__links  e-con e-con-boxed o-breadcrumbs__links--added\">\n                                                                                                    <a\n                            href=\"https:\/\/www.future-processing.com\/de\/datenschutzerklarung\/\"\n                            class=\"o-breadcrumbs__link\"\n                            data-elementclick=\"Breadcrumbs link\"\n                            data-elementname=\"Datenschutzerkl\u00e4rung\"\n                        >\n                            Datenschutzerkl\u00e4rung                        <\/a>\n                                                                                    <span>Kunden und potenzielle Kunden<\/span>\n            <\/div>\n        <\/div>\n        \t\t\t\t<\/div>\n\t\t\t\t<\/div>\n\t\t\t\t<\/div>\n\t\t<div class=\"elementor-element elementor-element-b6a8d52 e-flex e-con-boxed e-con e-child\" data-id=\"b6a8d52\" data-element_type=\"container\" data-e-type=\"container\">\n\t\t\t\t\t<div class=\"e-con-inner\">\n\t\t\t\t<div class=\"elementor-element elementor-element-174284b elementor-widget elementor-widget-fp_header\" data-id=\"174284b\" data-element_type=\"widget\" data-e-type=\"widget\" data-widget_type=\"fp_header.default\">\n\t\t\t\t<div class=\"elementor-widget-container\">\n\t\t\t\t\t        <h2        class=\"f-headline-semi-large f-headline-semi-large--light                \"\n        >\n        <div ><strong>Datenverantwortlicher<\/strong><\/div>\n        <\/h2>\n        \t\t\t\t<\/div>\n\t\t\t\t<\/div>\n\t\t\t\t<div class=\"elementor-element elementor-element-b866f63 elementor-widget elementor-widget-text-editor\" data-id=\"b866f63\" data-element_type=\"widget\" data-e-type=\"widget\" data-widget_type=\"text-editor.default\">\n\t\t\t\t<div class=\"elementor-widget-container\">\n\t\t\t\t\t\t\t\t\t<p>Der Datenverantwortliche f\u00fcr Ihre personenbezogenen Daten ist Future Processing S.A. mit eingetragenem Sitz in Gleiwitz, ul. Bojkowska 37A, 44-100 Gleiwitz, eingetragen im Unternehmensregister des Bezirksgerichts Gleiwitz, X Gesch\u00e4ftsdivision des Landesgesch\u00e4ftsregisters unter der Nummer KRS 0000817352, USt.-Id.Nr. (NIP) 634-25-32-128.<\/p>\t\t\t\t\t\t\t\t<\/div>\n\t\t\t\t<\/div>\n\t\t\t\t<div class=\"elementor-element elementor-element-96b8527 elementor-widget elementor-widget-fp_header\" data-id=\"96b8527\" data-element_type=\"widget\" data-e-type=\"widget\" data-widget_type=\"fp_header.default\">\n\t\t\t\t<div class=\"elementor-widget-container\">\n\t\t\t\t\t        <h2        class=\"f-headline-semi-large f-headline-semi-large--light                \"\n        >\n        <div ><p><strong>Fragen zu Ihren Daten <\/strong><\/p><\/div>\n        <\/h2>\n        \t\t\t\t<\/div>\n\t\t\t\t<\/div>\n\t\t\t\t<div class=\"elementor-element elementor-element-dbdafbe elementor-widget elementor-widget-text-editor\" data-id=\"dbdafbe\" data-element_type=\"widget\" data-e-type=\"widget\" data-widget_type=\"text-editor.default\">\n\t\t\t\t<div class=\"elementor-widget-container\">\n\t\t\t\t\t\t\t\t\t<p>Wenn Sie Fragen zur Verarbeitung Ihrer personenbezogenen Daten haben, k\u00f6nnen Sie sich per E-Mail an uns wenden: <a href=\"mailto:gdpr@future-processing.com\">gdpr@future-processing.com<\/a>.<\/p>\t\t\t\t\t\t\t\t<\/div>\n\t\t\t\t<\/div>\n\t\t\t\t<div class=\"elementor-element elementor-element-78ce286 elementor-widget elementor-widget-fp_header\" data-id=\"78ce286\" data-element_type=\"widget\" data-e-type=\"widget\" data-widget_type=\"fp_header.default\">\n\t\t\t\t<div class=\"elementor-widget-container\">\n\t\t\t\t\t        <h2        class=\"f-headline-semi-large f-headline-semi-large--light                \"\n        >\n        <div ><strong>Zweck und gesetzliche Grundlage der Datenverarbeitung\n<\/strong><\/div>\n        <\/h2>\n        \t\t\t\t<\/div>\n\t\t\t\t<\/div>\n\t\t<div class=\"elementor-element elementor-element-41d86dc e-grid e-con-full e-con e-child\" data-id=\"41d86dc\" data-element_type=\"container\" data-e-type=\"container\">\n\t\t<div class=\"elementor-element elementor-element-9e71914 e-con-full e-flex e-con e-child\" data-id=\"9e71914\" data-element_type=\"container\" data-e-type=\"container\" data-settings=\"{&quot;background_background&quot;:&quot;classic&quot;}\">\n\t\t\t\t<div class=\"elementor-element elementor-element-a2c1d8f elementor-widget elementor-widget-fp_header\" data-id=\"a2c1d8f\" data-element_type=\"widget\" data-e-type=\"widget\" data-widget_type=\"fp_header.default\">\n\t\t\t\t<div class=\"elementor-widget-container\">\n\t\t\t\t\t        <h3        class=\"f-paragraph                \"\n        >\n        <div ><p>ZWECK DER DATENVERARBEITUNG<\/p><\/div>\n        <\/h3>\n        \t\t\t\t<\/div>\n\t\t\t\t<\/div>\n\t\t\t\t<\/div>\n\t\t<div class=\"elementor-element elementor-element-3d0e1e0 e-con-full e-flex e-con e-child\" data-id=\"3d0e1e0\" data-element_type=\"container\" data-e-type=\"container\" data-settings=\"{&quot;background_background&quot;:&quot;classic&quot;}\">\n\t\t\t\t<div class=\"elementor-element elementor-element-f0990cd elementor-widget elementor-widget-fp_header\" data-id=\"f0990cd\" data-element_type=\"widget\" data-e-type=\"widget\" data-widget_type=\"fp_header.default\">\n\t\t\t\t<div class=\"elementor-widget-container\">\n\t\t\t\t\t        <h3        class=\"f-paragraph                \"\n        >\n        <div ><p>GESETZLICHE GRUNDLAGE<\/p><\/div>\n        <\/h3>\n        \t\t\t\t<\/div>\n\t\t\t\t<\/div>\n\t\t\t\t<\/div>\n\t\t<div class=\"elementor-element elementor-element-58dd932 e-con-full e-flex e-con e-child\" data-id=\"58dd932\" data-element_type=\"container\" data-e-type=\"container\">\n\t\t\t\t<div class=\"elementor-element elementor-element-103fab7 elementor-widget elementor-widget-text-editor\" data-id=\"103fab7\" data-element_type=\"widget\" data-e-type=\"widget\" data-widget_type=\"text-editor.default\">\n\t\t\t\t<div class=\"elementor-widget-container\">\n\t\t\t\t\t\t\t\t\t<p>Au w sahl von Bewerbern f\u00fcr den Arbeitsprozess und Durchf\u00fchrung des Personalbeschaffungsverfahrens<\/p>\t\t\t\t\t\t\t\t<\/div>\n\t\t\t\t<\/div>\n\t\t\t\t<\/div>\n\t\t<div class=\"elementor-element elementor-element-dc20252 e-con-full e-flex e-con e-child\" data-id=\"dc20252\" data-element_type=\"container\" data-e-type=\"container\">\n\t\t\t\t<div class=\"elementor-element elementor-element-44acad1 elementor-widget elementor-widget-text-editor\" data-id=\"44acad1\" data-element_type=\"widget\" data-e-type=\"widget\" data-widget_type=\"text-editor.default\">\n\t\t\t\t<div class=\"elementor-widget-container\">\n\t\t\t\t\t\t\t\t\t<p>Art. 6, Paragraph 1, Punkt a) DSGVO Zustimmung des Bewerbers (f\u00fcr Daten, die \u00fcber das Arbeitsrecht hinausgehen)<\/p>\t\t\t\t\t\t\t\t<\/div>\n\t\t\t\t<\/div>\n\t\t\t\t<\/div>\n\t\t<div class=\"elementor-element elementor-element-b034b65 e-con-full e-flex e-con e-child\" data-id=\"b034b65\" data-element_type=\"container\" data-e-type=\"container\">\n\t\t\t\t<div class=\"elementor-element elementor-element-a3f948a elementor-widget elementor-widget-text-editor\" data-id=\"a3f948a\" data-element_type=\"widget\" data-e-type=\"widget\" data-widget_type=\"text-editor.default\">\n\t\t\t\t<div class=\"elementor-widget-container\">\n\t\t\t\t\t\t\t\t\t<p>Herstellung des Kontakts, um eine Stelle oder eine Zusammenarbeit anzubieten<\/p>\t\t\t\t\t\t\t\t<\/div>\n\t\t\t\t<\/div>\n\t\t\t\t<\/div>\n\t\t<div class=\"elementor-element elementor-element-ef0c89f e-con-full e-flex e-con e-child\" data-id=\"ef0c89f\" data-element_type=\"container\" data-e-type=\"container\">\n\t\t\t\t<div class=\"elementor-element elementor-element-353b24f elementor-widget elementor-widget-text-editor\" data-id=\"353b24f\" data-element_type=\"widget\" data-e-type=\"widget\" data-widget_type=\"text-editor.default\">\n\t\t\t\t<div class=\"elementor-widget-container\">\n\t\t\t\t\t\t\t\t\t<p>Art. 6, Paragraph 1, Punkt f) DSGVO Berechtigtes Interesse (Herstellung des Kontakts mit neuem Mitarbeiter oder Vertragsnehmer)<\/p>\t\t\t\t\t\t\t\t<\/div>\n\t\t\t\t<\/div>\n\t\t\t\t<\/div>\n\t\t<div class=\"elementor-element elementor-element-9b8d5e8 e-con-full e-flex e-con e-child\" data-id=\"9b8d5e8\" data-element_type=\"container\" data-e-type=\"container\">\n\t\t\t\t<div class=\"elementor-element elementor-element-deb618e elementor-widget elementor-widget-text-editor\" data-id=\"deb618e\" data-element_type=\"widget\" data-e-type=\"widget\" data-widget_type=\"text-editor.default\">\n\t\t\t\t<div class=\"elementor-widget-container\">\n\t\t\t\t\t\t\t\t\t<p>Angebot einer Stelle oder einer Kooperation in \u00dcbereinstimmung mit vorhergehenden Pr\u00e4ferenzen (Personalbeschaffungsangebote in Zukunft)<\/p>\t\t\t\t\t\t\t\t<\/div>\n\t\t\t\t<\/div>\n\t\t\t\t<\/div>\n\t\t<div class=\"elementor-element elementor-element-3bb47ef e-con-full e-flex e-con e-child\" data-id=\"3bb47ef\" data-element_type=\"container\" data-e-type=\"container\">\n\t\t\t\t<div class=\"elementor-element elementor-element-f03a902 elementor-widget elementor-widget-text-editor\" data-id=\"f03a902\" data-element_type=\"widget\" data-e-type=\"widget\" data-widget_type=\"text-editor.default\">\n\t\t\t\t<div class=\"elementor-widget-container\">\n\t\t\t\t\t\t\t\t\t<p>Art. 6, Paragraph 1, Punkt a) DSGVO Zustimmung f\u00fcr zuk\u00fcnftigen Personalbeschaffungsprozess<\/p>\t\t\t\t\t\t\t\t<\/div>\n\t\t\t\t<\/div>\n\t\t\t\t<\/div>\n\t\t<div class=\"elementor-element elementor-element-9dc40ca e-con-full e-flex e-con e-child\" data-id=\"9dc40ca\" data-element_type=\"container\" data-e-type=\"container\">\n\t\t\t\t<div class=\"elementor-element elementor-element-cc4e3f4 elementor-widget elementor-widget-text-editor\" data-id=\"cc4e3f4\" data-element_type=\"widget\" data-e-type=\"widget\" data-widget_type=\"text-editor.default\">\n\t\t\t\t<div class=\"elementor-widget-container\">\n\t\t\t\t\t\t\t\t\t<p>Bereitstellung von Kontaktdaten an unsere Gesch\u00e4ftspartner, die an einem Bewerber interessiert sein k\u00f6nnten<\/p>\t\t\t\t\t\t\t\t<\/div>\n\t\t\t\t<\/div>\n\t\t\t\t<\/div>\n\t\t<div class=\"elementor-element elementor-element-5a85c81 e-con-full e-flex e-con e-child\" data-id=\"5a85c81\" data-element_type=\"container\" data-e-type=\"container\">\n\t\t\t\t<div class=\"elementor-element elementor-element-cdbd4ab elementor-widget elementor-widget-text-editor\" data-id=\"cdbd4ab\" data-element_type=\"widget\" data-e-type=\"widget\" data-widget_type=\"text-editor.default\">\n\t\t\t\t<div class=\"elementor-widget-container\">\n\t\t\t\t\t\t\t\t\t<p>Art. 6, Paragraph 1, Punkt a) DSGVO Zustimmung f\u00fcr die Weiterleitung der Bewerbung an Gesch\u00e4ftspartner<\/p>\t\t\t\t\t\t\t\t<\/div>\n\t\t\t\t<\/div>\n\t\t\t\t<\/div>\n\t\t\t\t<\/div>\n\t\t\t\t<div class=\"elementor-element elementor-element-8b15c63 elementor-widget elementor-widget-fp_header\" data-id=\"8b15c63\" data-element_type=\"widget\" data-e-type=\"widget\" data-widget_type=\"fp_header.default\">\n\t\t\t\t<div class=\"elementor-widget-container\">\n\t\t\t\t\t        <h2        class=\"f-headline-semi-large f-headline-semi-large--light                \"\n        >\n        <div ><strong>Der Umfang der Daten<\/strong><\/div>\n        <\/h2>\n        \t\t\t\t<\/div>\n\t\t\t\t<\/div>\n\t\t\t\t<div class=\"elementor-element elementor-element-0e37909 elementor-widget elementor-widget-text-editor\" data-id=\"0e37909\" data-element_type=\"widget\" data-e-type=\"widget\" data-widget_type=\"text-editor.default\">\n\t\t\t\t<div class=\"elementor-widget-container\">\n\t\t\t\t\t\t\t\t\t<p>Wir erheben personenbezogene Daten auf unterschiedliche Weise:<\/p><ul><li>Direkt von Ihnen, z. B. auf Konferenzen, Berufsmessen, durch das Formular auf unserer Website<\/li><li>Von HR\/Personalbeschaffungsb\u00fcros, mit denen Sie zusammenarbeiten<\/li><li>Von gesch\u00e4ftsorientierten Gemeinschaftsportalen wie LinkedIn oder XING<\/li><li>Durch Empfehlung<\/li><\/ul><p>Wir erheben insbesondere folgende Daten: Vorname, Nachname, E-Mail-Adresse, Telefonnummer, Quelle Ihrer Daten, Lebenslauf oder Bewerbungsschreiben. Falls erforderlich, k\u00f6nnen wir zus\u00e4tzliche Daten sammeln, je nach Anforderung, innerhalb des Rahmens der Zusammenarbeit.<\/p><p>Wenn Sie uns mehr Daten \u00fcbermitteln, als im Arbeitsgesetz vorgeschrieben ist (z. B. Ihr Foto oder Ihre Interessen im Lebenslauf), betrachten wir dies als Ihre Zustimmung zur Verarbeitung dieser Daten f\u00fcr Einstellungszwecke.<\/p>\t\t\t\t\t\t\t\t<\/div>\n\t\t\t\t<\/div>\n\t\t\t\t<div class=\"elementor-element elementor-element-c2ef588 elementor-widget elementor-widget-fp_header\" data-id=\"c2ef588\" data-element_type=\"widget\" data-e-type=\"widget\" data-widget_type=\"fp_header.default\">\n\t\t\t\t<div class=\"elementor-widget-container\">\n\t\t\t\t\t        <h2        class=\"f-headline-semi-large f-headline-semi-large--light                \"\n        >\n        <div ><strong>Empf\u00e4nger der personenbezogenen Daten\n<\/strong><\/div>\n        <\/h2>\n        \t\t\t\t<\/div>\n\t\t\t\t<\/div>\n\t\t\t\t<div class=\"elementor-element elementor-element-c2b6261 elementor-widget elementor-widget-text-editor\" data-id=\"c2b6261\" data-element_type=\"widget\" data-e-type=\"widget\" data-widget_type=\"text-editor.default\">\n\t\t\t\t<div class=\"elementor-widget-container\">\n\t\t\t\t\t\t\t\t\t<p>Wir leiten Ihre personenbezogenen Daten nicht ohne Ihre Zustimmung an dritte Parteien weiter. Wenn Sie uns Ihre Zustimmung erteilt haben, k\u00f6nnen wir Ihre Bewerbung an unsere Gesch\u00e4ftspartner weiterleiten.<\/p>\t\t\t\t\t\t\t\t<\/div>\n\t\t\t\t<\/div>\n\t\t\t\t<div class=\"elementor-element elementor-element-faba285 elementor-widget elementor-widget-fp_header\" data-id=\"faba285\" data-element_type=\"widget\" data-e-type=\"widget\" data-widget_type=\"fp_header.default\">\n\t\t\t\t<div class=\"elementor-widget-container\">\n\t\t\t\t\t        <h2        class=\"f-headline-semi-large f-headline-semi-large--light                \"\n        >\n        <div ><p><strong>\u00dcbermittlung von Daten in Drittl\u00e4nder <\/strong><\/p><\/div>\n        <\/h2>\n        \t\t\t\t<\/div>\n\t\t\t\t<\/div>\n\t\t\t\t<div class=\"elementor-element elementor-element-f17cb49 elementor-widget elementor-widget-text-editor\" data-id=\"f17cb49\" data-element_type=\"widget\" data-e-type=\"widget\" data-widget_type=\"text-editor.default\">\n\t\t\t\t<div class=\"elementor-widget-container\">\n\t\t\t\t\t\t\t\t\t<p>Einige unserer Einstellungsdaten werden in Systemen gespeichert, die von anderen Unternehmen mit Sitz au\u00dferhalb des Europ\u00e4ischen Wirtschaftsraums bereitgestellt werden. In solchen F\u00e4llen schlie\u00dfen wir mit diesen Unternehmen immer eine Datenverarbeitungsvereinbarung auf der Grundlage von Standard-Datenschutzklauseln gem\u00e4\u00df DSGVO ab.<\/p>\t\t\t\t\t\t\t\t<\/div>\n\t\t\t\t<\/div>\n\t\t\t\t<div class=\"elementor-element elementor-element-e5041fd elementor-widget elementor-widget-fp_header\" data-id=\"e5041fd\" data-element_type=\"widget\" data-e-type=\"widget\" data-widget_type=\"fp_header.default\">\n\t\t\t\t<div class=\"elementor-widget-container\">\n\t\t\t\t\t        <h2        class=\"f-headline-semi-large f-headline-semi-large--light                \"\n        >\n        <div ><p><strong>Zeitraum der Datenverarbeitung <\/strong><\/p><\/div>\n        <\/h2>\n        \t\t\t\t<\/div>\n\t\t\t\t<\/div>\n\t\t\t\t<div class=\"elementor-element elementor-element-f20b2fc elementor-widget elementor-widget-text-editor\" data-id=\"f20b2fc\" data-element_type=\"widget\" data-e-type=\"widget\" data-widget_type=\"text-editor.default\">\n\t\t\t\t<div class=\"elementor-widget-container\">\n\t\t\t\t\t\t\t\t\t<p>Wir verarbeiten Ihre personenbezogenen Daten:<\/p><ul><li>So lange, wie wir Projekte durchf\u00fchren oder Dienstleistungen in Bezug auf das Thema oder die Technologien liefern, die unserer Meinung nach interessant f\u00fcr Sie sein k\u00f6nnten.<\/li><li>Bis Sie Ihre Zustimmung zur\u00fcckziehen (falls die Verarbeitung Ihrer Daten basierend auf Ihrer Zustimmung erfolgt ist).<\/li><li>Bis Sie effektiv widerrufen (falls die Verarbeitung Ihrer Daten basierend auf berechtigtem Interesse erfolgt ist).<\/li><li>Bis zu 3 Jahre nach dem abgeschlossenen Bewerbungsprozess zu Zwecken der Begr\u00fcndung, Geltendmachung oder Verteidigung gesetzlicher Anspr\u00fcche.<\/li><\/ul><p>Wir k\u00f6nnen Sie gelegentlich fragen, ob Sie noch immer am Empfang von Stellenangeboten oder Kooperationsvorschl\u00e4gen von uns interessiert sind.<\/p>\t\t\t\t\t\t\t\t<\/div>\n\t\t\t\t<\/div>\n\t\t\t\t<div class=\"elementor-element elementor-element-55e37c8 elementor-widget elementor-widget-fp_header\" data-id=\"55e37c8\" data-element_type=\"widget\" data-e-type=\"widget\" data-widget_type=\"fp_header.default\">\n\t\t\t\t<div class=\"elementor-widget-container\">\n\t\t\t\t\t        <h2        class=\"f-headline-semi-large f-headline-semi-large--light                \"\n        >\n        <div ><p><strong>Ihre Rechte <\/strong><\/p><\/div>\n        <\/h2>\n        \t\t\t\t<\/div>\n\t\t\t\t<\/div>\n\t\t\t\t<div class=\"elementor-element elementor-element-e34f8c8 elementor-widget elementor-widget-text-editor\" data-id=\"e34f8c8\" data-element_type=\"widget\" data-e-type=\"widget\" data-widget_type=\"text-editor.default\">\n\t\t\t\t<div class=\"elementor-widget-container\">\n\t\t\t\t\t\t\t\t\t<p>Aufgrund der Tatsache, dass wir Ihre personenbezogenen Daten verarbeiten, sind Sie jederzeit berechtigt:<\/p><ul><li>Zugang zu Ihren Daten zu erhalten, um diese zu pr\u00fcfen<\/li><li>Ihre Zustimmung zur Verarbeitung Ihrer personenbezogenen Daten zu widerrufen, indem Sie uns eine E-Mail an die folgende Adresse senden:\u202fgdpr@future-processing.com, und die L\u00f6schung Ihrer Daten verlangen.<\/li><li>Einspruch gegen die Verarbeitung Ihrer personenbezogenen Daten einzulegen, aus Gr\u00fcnden in Bezug auf Ihre spezielle Situation, wenn Sie nicht m\u00f6chten, dass wir Ihre personenbezogenen Daten aus unserem berechtigten Interesse heraus verarbeiten.<\/li><li>Gegen eine Verarbeitung Ihrer personenbezogenen Daten zu Direct Marketing-Zwecken zu widersprechen.<\/li><li>Personenbezogene Daten zu erhalten, die Sie uns bereitgestellt haben und mit deren Verarbeitung Sie einverstanden waren oder solche, die f\u00fcr den Abschluss einer Vereinbarung ben\u00f6tigt werden. Sie erhalten diese Daten in einem strukturierten, allgemein nutzbaren, maschinenlesbaren Format, und Sie k\u00f6nnen diese Daten an einen anderen Datenverantwortlichen weiterleiten (Recht auf Daten\u00fcbertragung).<\/li><li>Eine Beschwerde an die zust\u00e4ndige Aufsichtsbeh\u00f6rde zu senden, wenn Sie der Meinung sind, dass die Verarbeitung Ihrer personenbezogenen Daten durch uns gegen die geltenden Vorschriften verst\u00f6\u00dft.<\/li><\/ul>\t\t\t\t\t\t\t\t<\/div>\n\t\t\t\t<\/div>\n\t\t\t\t<div class=\"elementor-element elementor-element-dabd4ab elementor-widget elementor-widget-fp_header\" data-id=\"dabd4ab\" data-element_type=\"widget\" data-e-type=\"widget\" data-widget_type=\"fp_header.default\">\n\t\t\t\t<div class=\"elementor-widget-container\">\n\t\t\t\t\t        <h2        class=\"f-headline-semi-large f-headline-semi-large--light                \"\n        >\n        <div ><p><strong>Die Notwendigkeit, personenbezogene Daten bereitzustellen <\/strong><\/p><\/div>\n        <\/h2>\n        \t\t\t\t<\/div>\n\t\t\t\t<\/div>\n\t\t\t\t<div class=\"elementor-element elementor-element-494be03 elementor-widget elementor-widget-text-editor\" data-id=\"494be03\" data-element_type=\"widget\" data-e-type=\"widget\" data-widget_type=\"text-editor.default\">\n\t\t\t\t<div class=\"elementor-widget-container\">\n\t\t\t\t\t\t\t\t\t<p>Die Bereitstellung personenbezogener Daten ist freiwillig, einige sind jedoch erforderlich, um den Bewerbungsprozess durchzuf\u00fchren<\/p>\t\t\t\t\t\t\t\t<\/div>\n\t\t\t\t<\/div>\n\t\t\t\t<div class=\"elementor-element elementor-element-f234f80 elementor-widget elementor-widget-fp_header\" data-id=\"f234f80\" data-element_type=\"widget\" data-e-type=\"widget\" data-widget_type=\"fp_header.default\">\n\t\t\t\t<div class=\"elementor-widget-container\">\n\t\t\t\t\t        <h2        class=\"f-headline-semi-large f-headline-semi-large--light                \"\n        >\n        <div ><p><strong>Automatisierte Entscheidungsfindung <\/strong><\/p><\/div>\n        <\/h2>\n        \t\t\t\t<\/div>\n\t\t\t\t<\/div>\n\t\t\t\t<div class=\"elementor-element elementor-element-185233c elementor-widget elementor-widget-text-editor\" data-id=\"185233c\" data-element_type=\"widget\" data-e-type=\"widget\" data-widget_type=\"text-editor.default\">\n\t\t\t\t<div class=\"elementor-widget-container\">\n\t\t\t\t\t\t\t\t\t<p>Wir werden Ihre Daten nicht f\u00fcr eine automatisierte Entscheidungsfindung, einschlie\u00dflich Profilbildung, verwenden.<\/p>\t\t\t\t\t\t\t\t<\/div>\n\t\t\t\t<\/div>\n\t\t\t\t\t<\/div>\n\t\t\t\t<\/div>\n\t\t\t\t<\/div>\n\t\t\t\t<\/div>\n\t\t","protected":false},"excerpt":{"rendered":"<p>Datenschutzerkl\u00e4rung Kunden und potenzielle Kunden Datenverantwortlicher Der Datenverantwortliche f\u00fcr Ihre personenbezogenen Daten ist Future Processing S.A. mit eingetragenem Sitz in Gleiwitz, ul. Bojkowska 37A, 44-100 Gleiwitz, eingetragen im Unternehmensregister des Bezirksgerichts Gleiwitz, X Gesch\u00e4ftsdivision des Landesgesch\u00e4ftsregisters unter der Nummer KRS 0000817352, USt.-Id.Nr. (NIP) 634-25-32-128. Fragen zu Ihren Daten Wenn Sie Fragen zur Verarbeitung Ihrer personenbezogenen [&hellip;]<\/p>\n","protected":false},"author":3,"featured_media":0,"parent":17434,"menu_order":2,"comment_status":"closed","ping_status":"closed","template":"","meta":{"_acf_changed":false,"footnotes":""},"class_list":["post-24820","page","type-page","status-publish","hentry"],"acf":[],"lang":"de","translations":{"de":24820,"pl":23695,"en-gb":17498},"pll_sync_post":[],"_links":{"self":[{"href":"https:\/\/www.future-processing.com\/wp-json\/wp\/v2\/pages\/24820","targetHints":{"allow":["GET"]}}],"collection":[{"href":"https:\/\/www.future-processing.com\/wp-json\/wp\/v2\/pages"}],"about":[{"href":"https:\/\/www.future-processing.com\/wp-json\/wp\/v2\/types\/page"}],"author":[{"embeddable":true,"href":"https:\/\/www.future-processing.com\/wp-json\/wp\/v2\/users\/3"}],"replies":[{"embeddable":true,"href":"https:\/\/www.future-processing.com\/wp-json\/wp\/v2\/comments?post=24820"}],"version-history":[{"count":0,"href":"https:\/\/www.future-processing.com\/wp-json\/wp\/v2\/pages\/24820\/revisions"}],"up":[{"embeddable":true,"href":"https:\/\/www.future-processing.com\/wp-json\/wp\/v2\/pages\/17434"}],"wp:attachment":[{"href":"https:\/\/www.future-processing.com\/wp-json\/wp\/v2\/media?parent=24820"}],"curies":[{"name":"wp","href":"https:\/\/api.w.org\/{rel}","templated":true}]}}