{"id":24826,"date":"2024-08-19T08:24:43","date_gmt":"2024-08-19T06:24:43","guid":{"rendered":"https:\/\/stage-fp.webenv.pl\/?page_id=24826"},"modified":"2025-10-21T15:25:47","modified_gmt":"2025-10-21T13:25:47","slug":"benutzer-unserer-websites","status":"publish","type":"page","link":"https:\/\/www.future-processing.com\/de\/datenschutzerklarung\/benutzer-unserer-websites\/","title":{"rendered":"Benutzer unserer Websites"},"content":{"rendered":"\t\t<div data-elementor-type=\"wp-page\" data-elementor-id=\"24826\" class=\"elementor elementor-24826\" data-elementor-post-type=\"page\">\n\t\t\t\t<div class=\"elementor-element elementor-element-8680301 e-con-full e-flex e-con e-parent\" data-id=\"8680301\" data-element_type=\"container\" data-e-type=\"container\">\n\t\t<div class=\"elementor-element elementor-element-cff1386 e-con-full e-flex e-con e-child\" data-id=\"cff1386\" data-element_type=\"container\" data-e-type=\"container\">\n\t\t\t\t<div class=\"elementor-element elementor-element-419fcc7 elementor-widget elementor-widget-fp_breadcrumbs_links\" data-id=\"419fcc7\" data-element_type=\"widget\" data-e-type=\"widget\" data-widget_type=\"fp_breadcrumbs_links.default\">\n\t\t\t\t<div class=\"elementor-widget-container\">\n\t\t\t\t\t        <div\n            class=\"o-breadcrumbs__links  o-breadcrumbs\">\n            <div\n                class=\"o-breadcrumbs__links  e-con e-con-boxed o-breadcrumbs__links--added\">\n                                                                                                    <a\n                            href=\"https:\/\/www.future-processing.com\/de\/datenschutzerklarung\/\"\n                            class=\"o-breadcrumbs__link\"\n                            data-elementclick=\"Breadcrumbs link\"\n                            data-elementname=\"Datenschutzerkl\u00e4rung\"\n                        >\n                            Datenschutzerkl\u00e4rung                        <\/a>\n                                                                                    <span>Benutzer unserer Websites<\/span>\n            <\/div>\n        <\/div>\n        \t\t\t\t<\/div>\n\t\t\t\t<\/div>\n\t\t\t\t<\/div>\n\t\t<div class=\"elementor-element elementor-element-933393b e-flex e-con-boxed e-con e-child\" data-id=\"933393b\" data-element_type=\"container\" data-e-type=\"container\">\n\t\t\t\t\t<div class=\"e-con-inner\">\n\t\t\t\t<div class=\"elementor-element elementor-element-ed7c84e elementor-widget elementor-widget-fp_header\" data-id=\"ed7c84e\" data-element_type=\"widget\" data-e-type=\"widget\" data-widget_type=\"fp_header.default\">\n\t\t\t\t<div class=\"elementor-widget-container\">\n\t\t\t\t\t        <h2        class=\"f-headline-semi-large f-headline-semi-large--light                \"\n        >\n        <div ><strong>Datenverantwortlicher<\/strong><\/div>\n        <\/h2>\n        \t\t\t\t<\/div>\n\t\t\t\t<\/div>\n\t\t\t\t<div class=\"elementor-element elementor-element-3edb4a8 elementor-widget elementor-widget-text-editor\" data-id=\"3edb4a8\" data-element_type=\"widget\" data-e-type=\"widget\" data-widget_type=\"text-editor.default\">\n\t\t\t\t<div class=\"elementor-widget-container\">\n\t\t\t\t\t\t\t\t\t<p>Der Datenverantwortliche f\u00fcr Ihre personenbezogenen Daten ist Future Processing S.A. mit eingetragenem Sitz in Gleiwitz, ul. Bojkowska 37A, 44-100 Gleiwitz, eingetragen im Unternehmensregister des Bezirksgerichts Gleiwitz, X Gesch\u00e4ftsdivision des Landesgesch\u00e4ftsregisters unter der Nummer KRS 0000817352, USt.-Id.Nr. (NIP) 634-25-32-128.<\/p>\t\t\t\t\t\t\t\t<\/div>\n\t\t\t\t<\/div>\n\t\t\t\t<div class=\"elementor-element elementor-element-05feb1a elementor-widget elementor-widget-fp_header\" data-id=\"05feb1a\" data-element_type=\"widget\" data-e-type=\"widget\" data-widget_type=\"fp_header.default\">\n\t\t\t\t<div class=\"elementor-widget-container\">\n\t\t\t\t\t        <h2        class=\"f-headline-semi-large f-headline-semi-large--light                \"\n        >\n        <div ><p><strong>Fragen zu Ihren Daten <\/strong><\/p><\/div>\n        <\/h2>\n        \t\t\t\t<\/div>\n\t\t\t\t<\/div>\n\t\t\t\t<div class=\"elementor-element elementor-element-d197ebd elementor-widget elementor-widget-text-editor\" data-id=\"d197ebd\" data-element_type=\"widget\" data-e-type=\"widget\" data-widget_type=\"text-editor.default\">\n\t\t\t\t<div class=\"elementor-widget-container\">\n\t\t\t\t\t\t\t\t\t<p>Wenn Sie Fragen zur Verarbeitung Ihrer personenbezogenen Daten haben, k\u00f6nnen Sie sich per E-Mail an uns wenden: <a href=\"mailto:gdpr@future-processing.com\">gdpr@future-processing.com<\/a>.<\/p>\t\t\t\t\t\t\t\t<\/div>\n\t\t\t\t<\/div>\n\t\t\t\t<div class=\"elementor-element elementor-element-cbde083 elementor-widget elementor-widget-fp_header\" data-id=\"cbde083\" data-element_type=\"widget\" data-e-type=\"widget\" data-widget_type=\"fp_header.default\">\n\t\t\t\t<div class=\"elementor-widget-container\">\n\t\t\t\t\t        <h2        class=\"f-headline-semi-large f-headline-semi-large--light                \"\n        >\n        <div ><p><strong>Zweck und gesetzliche Grundlage der Datenverarbeitung <\/strong><\/p><\/div>\n        <\/h2>\n        \t\t\t\t<\/div>\n\t\t\t\t<\/div>\n\t\t\t\t<div class=\"elementor-element elementor-element-e44e736 elementor-widget elementor-widget-text-editor\" data-id=\"e44e736\" data-element_type=\"widget\" data-e-type=\"widget\" data-widget_type=\"text-editor.default\">\n\t\t\t\t<div class=\"elementor-widget-container\">\n\t\t\t\t\t\t\t\t\t<table width=\"100%\"><tbody><tr><td width=\"192\"><strong>ZWECK DER VERARBEITUNG<\/strong><\/td><td width=\"336\"><strong>RECHTSGRUNDLAGE <\/strong><\/td><\/tr><tr><td width=\"192\">Administration der Website und Gew\u00e4hrleistung der Sicherheit der Website<\/td><td width=\"336\">Art. 6 Abs. 1 lit. f) DSGVO<br \/>Berechtigtes Interesse (Gew\u00e4hrleistung der Sicherheit der Website, Sicherstellung des reibungslosen Betriebs der Website)<\/td><\/tr><tr><td width=\"192\">Analyse des Nutzerverhaltens auf der Website<\/td><td width=\"336\">Art. 6 Abs. 1 lit. f) DSGVO<br \/>Berechtigtes Interesse (Anpassung der Website an die Erwartungen der Nutzer, Sicherstellung der Effektivit\u00e4t von Marketingaktivit\u00e4ten, Behebung technischer Fehler auf Seiten)<\/td><\/tr><tr><td width=\"192\">Integration mit internen Systemen<\/td><td width=\"336\">Art. 6 Abs. 1 lit. f) DSGVO<br \/>Berechtigtes Interesse (Verbesserung der Bearbeitung von Anfragen und W\u00fcnschen von Nutzern, Steigerung der Effizienz der Abl\u00e4ufe des Administrators)<\/td><\/tr><tr><td width=\"192\">Integration mit Systemen Dritter (Werbesysteme, soziale Netzwerke)<\/td><td width=\"336\">Art. 6 Abs. 1 lit. f) DSGVO<br \/>Berechtigtes Interesse (Gew\u00e4hrleistung der Effektivit\u00e4t von Marketingaktivit\u00e4ten, Steigerung der Bekanntheit der Marke des Administrators)<\/td><\/tr><tr><td width=\"192\">Marketingaktivit\u00e4ten und Erhebung von Statistiken mithilfe von Tools von Drittanbietern sowie Verbesserung der Funktionalit\u00e4t der Website<\/td><td width=\"336\">Art. 6 Abs. 1 lit. a) DSGVO<br \/>Die Zustimmung des Nutzers, die durch die Annahme der entsprechenden Kategorien von Cookies zum Ausdruck gebracht wird.<\/td><\/tr><tr><td width=\"192\">Bearbeitung von Anfragen, die \u00fcber auf der Website verf\u00fcgbare Formulare \u00fcbermittelt werden<\/td><td width=\"336\">Art. 6 Abs. 1 lit. a) DSGVO<br \/>Einwilligung des Nutzers, ausgedr\u00fcckt durch das Absenden des Formulars.<\/td><\/tr><tr><td width=\"192\">Verwendung von Daten aus Formularen zur Kontaktaufnahme oder gesch\u00e4ftlichen Zusammenarbeit<\/td><td width=\"336\">Art. 6 Abs. 1 lit. f) DSGVO<br \/>Berechtigtes Interesse (Aufbau gesch\u00e4ftlicher Zusammenarbeit).<\/td><\/tr><tr><td width=\"192\">Weitergabe von Daten an andere Unternehmen der Future Processing Gruppe<\/td><td width=\"336\">Art. 6 Abs. 1 lit. f) DSGVO<br \/>Berechtigtes Interesse (Bearbeitung einer Nutzeranfrage entsprechend der Spezialisierung der Gruppengesellschaften, Erreichung von Gesch\u00e4ftszielen durch Gruppengesellschaften)<\/td><\/tr><\/tbody><\/table>\t\t\t\t\t\t\t\t<\/div>\n\t\t\t\t<\/div>\n\t\t\t\t<div class=\"elementor-element elementor-element-e6df2fb elementor-widget elementor-widget-fp_header\" data-id=\"e6df2fb\" data-element_type=\"widget\" data-e-type=\"widget\" data-widget_type=\"fp_header.default\">\n\t\t\t\t<div class=\"elementor-widget-container\">\n\t\t\t\t\t        <h2        class=\"f-headline-semi-large f-headline-semi-large--light                \"\n        >\n        <div ><p><strong>Umfang der Daten <\/strong><\/p><\/div>\n        <\/h2>\n        \t\t\t\t<\/div>\n\t\t\t\t<\/div>\n\t\t\t\t<div class=\"elementor-element elementor-element-04cf702 elementor-widget elementor-widget-text-editor\" data-id=\"04cf702\" data-element_type=\"widget\" data-e-type=\"widget\" data-widget_type=\"text-editor.default\">\n\t\t\t\t<div class=\"elementor-widget-container\">\n\t\t\t\t\t\t\t\t\t<p>Um die oben genannten Zwecke zu erf\u00fcllen, sammeln wir verschiedene Datenkategorien, die wir im Folgenden beschreiben, und nutzen externe Tools, um unsere Arbeit zu verbessern und die Funktionalit\u00e4t unserer Website zu erweitern.<\/p>\t\t\t\t\t\t\t\t<\/div>\n\t\t\t\t<\/div>\n\t\t\t\t<div class=\"elementor-element elementor-element-045bcbc elementor-widget elementor-widget-fp_header\" data-id=\"045bcbc\" data-element_type=\"widget\" data-e-type=\"widget\" data-widget_type=\"fp_header.default\">\n\t\t\t\t<div class=\"elementor-widget-container\">\n\t\t\t\t\t        <h2        class=\"f-headline-semi-large f-headline-semi-large--light                \"\n        >\n        <div ><p><strong>Server- Logs<\/strong><\/p><\/div>\n        <\/h2>\n        \t\t\t\t<\/div>\n\t\t\t\t<\/div>\n\t\t\t\t<div class=\"elementor-element elementor-element-31a97e6 elementor-widget elementor-widget-text-editor\" data-id=\"31a97e6\" data-element_type=\"widget\" data-e-type=\"widget\" data-widget_type=\"text-editor.default\">\n\t\t\t\t<div class=\"elementor-widget-container\">\n\t\t\t\t\t\t\t\t\t<p>Informationen \u00fcber ein bestimmtes Nutzerverhalten werden auf Serverebene protokolliert. Diese Daten werden ausschlie\u00dflich zur Verwaltung der Website und zur Gew\u00e4hrleistung eines effizienten Betriebs der angebotenen Hosting-Dienste verwendet.<\/p><p>Die vom Benutzer aufgerufenen Ressourcen werden durch URLs identifiziert. Wir erfassen typische Daten im Zusammenhang mit diesem Browsing, d.h. u.a.: * den Zeitpunkt des Absendens der Anfrage und der Antwort, * Informationen \u00fcber den Browser und die IP-Adresse des Nutzers, einschlie\u00dflich des Namens des Arbeitsplatzes oder des Links, von dem aus der Nutzer zu uns gelangt ist. * Informationen \u00fcber Fehler, die w\u00e4hrend der HTTP-Transaktion aufgetreten sind, <br \/>Wir verwenden diese Daten nicht, um Benutzer zu identifizieren.<\/p>\t\t\t\t\t\t\t\t<\/div>\n\t\t\t\t<\/div>\n\t\t\t\t<div class=\"elementor-element elementor-element-4973f6f elementor-widget elementor-widget-fp_header\" data-id=\"4973f6f\" data-element_type=\"widget\" data-e-type=\"widget\" data-widget_type=\"fp_header.default\">\n\t\t\t\t<div class=\"elementor-widget-container\">\n\t\t\t\t\t        <h2        class=\"f-headline-semi-large f-headline-semi-large--light                \"\n        >\n        <div ><p><strong>Informationen in Formularen <\/strong><\/p><\/div>\n        <\/h2>\n        \t\t\t\t<\/div>\n\t\t\t\t<\/div>\n\t\t\t\t<div class=\"elementor-element elementor-element-db5aaf4 elementor-widget elementor-widget-text-editor\" data-id=\"db5aaf4\" data-element_type=\"widget\" data-e-type=\"widget\" data-widget_type=\"text-editor.default\">\n\t\t\t\t<div class=\"elementor-widget-container\">\n\t\t\t\t\t\t\t\t\t<p>Auf unseren Seiten finden Sie verschiedene Formulare, die dazu dienen, Daten f\u00fcr einen bestimmten Zweck zu erheben &#8211; zum Beispiel, um sich f\u00fcr einen Newsletter anzumelden oder um ein Angebot anzufordern. Je nach Formular k\u00f6nnen die erhobenen Daten variieren.<\/p><p>Weitere Einzelheiten zum jeweiligen Zweck finden Sie in anderen Abschnitten dieser [Datenschutzrichtlinie] (https:\/\/www.future-processing.com\/privacy-policy\/).<\/p>\t\t\t\t\t\t\t\t<\/div>\n\t\t\t\t<\/div>\n\t\t\t\t<div class=\"elementor-element elementor-element-a32d606 elementor-widget elementor-widget-fp_header\" data-id=\"a32d606\" data-element_type=\"widget\" data-e-type=\"widget\" data-widget_type=\"fp_header.default\">\n\t\t\t\t<div class=\"elementor-widget-container\">\n\t\t\t\t\t        <h2        class=\"f-headline-semi-large f-headline-semi-large--light                \"\n        >\n        <div ><p><strong>Cookies <\/strong><\/p><\/div>\n        <\/h2>\n        \t\t\t\t<\/div>\n\t\t\t\t<\/div>\n\t\t\t\t<div class=\"elementor-element elementor-element-8c9d79e elementor-widget elementor-widget-text-editor\" data-id=\"8c9d79e\" data-element_type=\"widget\" data-e-type=\"widget\" data-widget_type=\"text-editor.default\">\n\t\t\t\t<div class=\"elementor-widget-container\">\n\t\t\t\t\t\t\t\t\t<p>Auch wir verwenden Cookies auf unseren Websites. Je nach dem Zweck des Cookies haben wir sie in die folgenden Kategorien unterteilt:<\/p><ul><li>Notwendige Cookies &#8211; diese Gruppe von Cookies ist f\u00fcr das ordnungsgem\u00e4\u00dfe Funktionieren der Website erforderlich. Sie werden in der Regel nur als Reaktion auf Aktionen des Nutzers verwendet, wie z. B. die Einstellung der Datenschutzoptionen oder das Ausf\u00fcllen von Formularen. Diese Art von Cookies speichert keine pers\u00f6nlichen Informationen, und Sie k\u00f6nnen sie in der Cookie-Verwaltungsleiste nicht deaktivieren.<\/li><li>Statistik &#8211; diese Gruppe von Cookies sammelt Informationen \u00fcber die Nutzung der Website, besuchte Seiten und angeklickte Links. Keine dieser Informationen kann dazu verwendet werden, Sie zu identifizieren. Alle diese Informationen sind aggregiert und daher anonymisiert. Ihr einziger Zweck ist es, die Leistung der Website zu verbessern.<\/li><li>Benutzererfahrung &#8211; diese Gruppe von Cookies hilft uns, die Schnittstelle und die allgemeine Benutzererfahrung der Website zu verbessern.<\/li><li>Marketing &#8211; diese Gruppe von Cookies erm\u00f6glicht es uns, die Aktivit\u00e4ten der Nutzer zu verfolgen, damit wir besser zugeschnittene Werbebotschaften liefern k\u00f6nnen. Sie k\u00f6nnen von Dritten verwendet werden, um auf der Grundlage Ihrer Browsing-Informationen ein Profil Ihrer Interessen zu erstellen, indem Ihr Browser und\/oder das Ger\u00e4t identifiziert werden.<\/li><\/ul><p>Sie k\u00f6nnen Ihre Cookie-Einstellungen jederzeit \u00e4ndern, indem Sie Cookie-Einstellungen ganz unten auf der Seite w\u00e4hlen.<\/p>\t\t\t\t\t\t\t\t<\/div>\n\t\t\t\t<\/div>\n\t\t\t\t<div class=\"elementor-element elementor-element-c5103e2 elementor-widget elementor-widget-fp_header\" data-id=\"c5103e2\" data-element_type=\"widget\" data-e-type=\"widget\" data-widget_type=\"fp_header.default\">\n\t\t\t\t<div class=\"elementor-widget-container\">\n\t\t\t\t\t        <h2        class=\"f-headline-semi-large f-headline-semi-large--light                \"\n        >\n        <div ><p><strong>Empf\u00e4nger personenbezogener Daten <\/strong><\/p><\/div>\n        <\/h2>\n        \t\t\t\t<\/div>\n\t\t\t\t<\/div>\n\t\t\t\t<div class=\"elementor-element elementor-element-19568df elementor-widget elementor-widget-text-editor\" data-id=\"19568df\" data-element_type=\"widget\" data-e-type=\"widget\" data-widget_type=\"text-editor.default\">\n\t\t\t\t<div class=\"elementor-widget-container\">\n\t\t\t\t\t\t\t\t\t<p>Wir k\u00f6nnen Ihre personenbezogenen Daten an Unternehmen weitergeben, die in unserem Namen oder f\u00fcr uns Dienstleistungen erbringen (einschlie\u00dflich, aber nicht beschr\u00e4nkt auf Unternehmen, die Kontaktformulare, Newsletter, E-Mail, Hosting, technischen Support, Beratungs- oder Auditdienste verwalten).<\/p><p>Wenn Sie Ihr Einverst\u00e4ndnis f\u00fcr Cookies gegeben haben, k\u00f6nnen wir diese an die Betreiber von Tools weitergeben, die auf unserer Website integriert sind. Die folgende Liste enth\u00e4lt eine Auflistung dieser Tools, von denen einige die Weitergabe von Cookies oder den Austausch anderer Informationen mit den Servern des Betreibers erfordern k\u00f6nnen.<\/p><table width=\"100%\"><tbody><tr><td width=\"192\"><strong>Tool <\/strong><\/td><td width=\"336\"><strong>Beschreibung <\/strong><\/td><\/tr><tr><td width=\"192\">Google Analytics<\/td><td width=\"336\">Analyse der Nutzerinteraktion mit der Website<\/td><\/tr><tr><td width=\"192\">Google Tag Manager<\/td><td width=\"336\">Integration von Online-Diensten, Analyse- und Werbesystemen<\/td><\/tr><tr><td width=\"192\">Google Ads<\/td><td width=\"336\">Google AdSense-Werbesystem<\/td><\/tr><tr><td width=\"192\">Google Optimize<\/td><td width=\"336\">A\/B-Testing-Tool f\u00fcr die Website<\/td><\/tr><tr><td width=\"192\">YouTube<\/td><td width=\"336\">Integration mit YouTube zur Erm\u00f6glichung der Videowiedergabe innerhalb der Website<\/td><\/tr><tr><td width=\"192\">Hubspot<\/td><td width=\"336\">Einbettung von Formularen, integriert mit dem Hubspot-Automatisierungssystem<\/td><\/tr><tr><td width=\"192\">Microsoft Ads<\/td><td width=\"336\">Microsoft-Werbesystem<\/td><\/tr><tr><td width=\"192\">Facebook<\/td><td width=\"336\">Integration mit Facebook Analytics und Facebook Ads<\/td><\/tr><tr><td width=\"192\">LinkedIn<\/td><td width=\"336\">Integration mit LinkedIn<\/td><\/tr><tr><td width=\"192\">Twitter<\/td><td width=\"336\">Integration mit Twitter<\/td><\/tr><tr><td width=\"192\">Hotjar<\/td><td width=\"336\">Analyse des Nutzerverhaltens auf der Website zur Erkennung potenzieller technischer und gestalterischer Fehler auf der Website<\/td><\/tr><tr><td width=\"192\">IP Geolocation<\/td><td width=\"336\">Erkennung von Netzwerk und Nutzerstandort<\/td><\/tr><tr><td width=\"192\">Matomo<\/td><td width=\"336\">Analyse der Nutzerinteraktion mit der Website<\/td><\/tr><tr><td width=\"192\">Piwik PRO<\/td><td width=\"336\">Analyse der Nutzerinteraktion mit der Website<\/td><\/tr><tr><td width=\"192\">Clickcease.com<\/td><td width=\"336\">Validierungstool f\u00fcr Google Ads-Klicks<\/td><\/tr><tr><td width=\"192\">Spreaker<\/td><td width=\"336\">Ein Tool zum Einbetten von Podcasts auf unseren Websites<\/td><\/tr><tr><td width=\"192\">Clutch<\/td><td width=\"336\">Integration mit clutch.co<\/td><\/tr><\/tbody><\/table><p>Wir integrieren auch die Angebote anderer Unternehmen unserer Gruppe auf unserer Website. Je nach Kontext der bereitgestellten Daten k\u00f6nnen wir diese anderen Unternehmen innerhalb unserer Gruppe zur Verf\u00fcgung stellen (z. B. wenn die Anfrage sich auf Dienstleistungen eines bestimmten Unternehmens bezieht).<\/p>\t\t\t\t\t\t\t\t<\/div>\n\t\t\t\t<\/div>\n\t\t\t\t<div class=\"elementor-element elementor-element-5521ac4 elementor-widget elementor-widget-fp_header\" data-id=\"5521ac4\" data-element_type=\"widget\" data-e-type=\"widget\" data-widget_type=\"fp_header.default\">\n\t\t\t\t<div class=\"elementor-widget-container\">\n\t\t\t\t\t        <h2        class=\"f-headline-semi-large f-headline-semi-large--light                \"\n        >\n        <div ><p><strong>Dauer der Datenverarbeitung <\/strong><\/p><\/div>\n        <\/h2>\n        \t\t\t\t<\/div>\n\t\t\t\t<\/div>\n\t\t\t\t<div class=\"elementor-element elementor-element-3c24cfb elementor-widget elementor-widget-text-editor\" data-id=\"3c24cfb\" data-element_type=\"widget\" data-e-type=\"widget\" data-widget_type=\"text-editor.default\">\n\t\t\t\t<div class=\"elementor-widget-container\">\n\t\t\t\t\t\t\t\t\t<p>Wenn wir Ihre personenbezogenen Daten auf der Grundlage unseres berechtigten Interesses verarbeiten, werden wir Ihre Daten so lange verarbeiten, bis Sie einen wirksamen Widerspruch gegen diese Verarbeitung einlegen oder der angegebene Zweck nicht mehr g\u00fcltig ist.<\/p><p>Standardm\u00e4\u00dfig speichern wir Protokolle f\u00fcr einen Zeitraum von 12 Monaten, aber in besonderen F\u00e4llen (z. B. bei verd\u00e4chtigen Aktivit\u00e4ten, Versuchen, die Sicherheit der Website zu verletzen usw.) k\u00f6nnen wir solche Informationen l\u00e4nger speichern.<\/p><p>Jedes Cookie hat standardm\u00e4\u00dfig eine unterschiedliche Anzahl von Tagen, nach denen es automatisch gel\u00f6scht wird. Mit Hilfe der Funktionen Ihres Browsers k\u00f6nnen Sie die genaue Lebensdauer jedes Cookies ermitteln.<\/p>\t\t\t\t\t\t\t\t<\/div>\n\t\t\t\t<\/div>\n\t\t\t\t<div class=\"elementor-element elementor-element-332e02d elementor-widget elementor-widget-fp_header\" data-id=\"332e02d\" data-element_type=\"widget\" data-e-type=\"widget\" data-widget_type=\"fp_header.default\">\n\t\t\t\t<div class=\"elementor-widget-container\">\n\t\t\t\t\t        <h2        class=\"f-headline-semi-large f-headline-semi-large--light                \"\n        >\n        <div ><p><strong>Ihre Rechte <\/strong><\/p><\/div>\n        <\/h2>\n        \t\t\t\t<\/div>\n\t\t\t\t<\/div>\n\t\t\t\t<div class=\"elementor-element elementor-element-e299ea1 elementor-widget elementor-widget-text-editor\" data-id=\"e299ea1\" data-element_type=\"widget\" data-e-type=\"widget\" data-widget_type=\"text-editor.default\">\n\t\t\t\t<div class=\"elementor-widget-container\">\n\t\t\t\t\t\t\t\t\t<p>Aufgrund der Tatsache, dass wir Ihre personenbezogenen Daten verarbeiten, k\u00f6nnen Sie jederzeit:<\/p><ul><li>Zugang zu Ihren Daten zu verlangen und diese zu berichtigen. Dies gilt auch f\u00fcr Daten, die Sie uns \u00fcber Kontaktformulare \u00fcbermitteln. Im Falle von Cookies k\u00f6nnen Sie den Inhalt des Cookies mit Hilfe der in Ihrem Browser verf\u00fcgbaren Funktionen selbst einsehen.<\/li><li>Sie k\u00f6nnen Ihre Zustimmung zur Verarbeitung Ihrer personenbezogenen Daten widerrufen, indem Sie eine E-Mail an die folgende Adresse senden: gdpr@future-processing.com, und fordern Sie die L\u00f6schung Ihrer Daten<\/li><li>Ihre Zustimmung zur Verarbeitung von Cookies widerrufen, indem Sie die Funktion Cookie-Einstellungen verwenden, die Sie ganz unten auf unserer Website finden, oder indem Sie das Senden von Cookies in den Einstellungen Ihres Browsers blockieren.<\/li><li>der Verarbeitung Ihrer personenbezogenen Daten aus Gr\u00fcnden widersprechen, die sich aus Ihrer besonderen Situation ergeben und die dazu f\u00fchren, dass Sie nicht m\u00f6chten, dass wir Ihre personenbezogenen Daten aufgrund unseres berechtigten Interesses verarbeiten<\/li><li>eine Beschwerde bei der zust\u00e4ndigen Aufsichtsbeh\u00f6rde einzureichen, wenn Sie der Meinung sind, dass wir Ihre personenbezogenen Daten unter Versto\u00df gegen die geltenden Vorschriften verarbeiten.<\/li><\/ul>\t\t\t\t\t\t\t\t<\/div>\n\t\t\t\t<\/div>\n\t\t\t\t<div class=\"elementor-element elementor-element-54e3f1c elementor-widget elementor-widget-fp_header\" data-id=\"54e3f1c\" data-element_type=\"widget\" data-e-type=\"widget\" data-widget_type=\"fp_header.default\">\n\t\t\t\t<div class=\"elementor-widget-container\">\n\t\t\t\t\t        <h2        class=\"f-headline-semi-large f-headline-semi-large--light                \"\n        >\n        <div ><p><strong>Notwendigkeit der Angabe personenbezogener Daten <\/strong><\/p><\/div>\n        <\/h2>\n        \t\t\t\t<\/div>\n\t\t\t\t<\/div>\n\t\t\t\t<div class=\"elementor-element elementor-element-f4777aa elementor-widget elementor-widget-text-editor\" data-id=\"f4777aa\" data-element_type=\"widget\" data-e-type=\"widget\" data-widget_type=\"text-editor.default\">\n\t\t\t\t<div class=\"elementor-widget-container\">\n\t\t\t\t\t\t\t\t\t<p>Die Angabe Ihrer pers\u00f6nlichen Daten ist freiwillig, jedoch kann die Nichtangabe oder die Blockierung von Daten negative Folgen haben. Die Blockierung notwendiger Cookies in den Optionen Ihres Browsers kann dazu f\u00fchren, dass die Website nicht richtig funktioniert. Wenn Sie den Cookies f\u00fcr die Benutzerfreundlichkeit nicht zustimmen, kann Ihre Erfahrung mit der Website beeintr\u00e4chtigt werden.<\/p>\t\t\t\t\t\t\t\t<\/div>\n\t\t\t\t<\/div>\n\t\t\t\t<div class=\"elementor-element elementor-element-ddcb8fb elementor-widget elementor-widget-fp_header\" data-id=\"ddcb8fb\" data-element_type=\"widget\" data-e-type=\"widget\" data-widget_type=\"fp_header.default\">\n\t\t\t\t<div class=\"elementor-widget-container\">\n\t\t\t\t\t        <h2        class=\"f-headline-semi-large f-headline-semi-large--light                \"\n        >\n        <div ><p><strong>Automatisierte Entscheidungsfindung <\/strong><\/p><\/div>\n        <\/h2>\n        \t\t\t\t<\/div>\n\t\t\t\t<\/div>\n\t\t\t\t<div class=\"elementor-element elementor-element-d866216 elementor-widget elementor-widget-text-editor\" data-id=\"d866216\" data-element_type=\"widget\" data-e-type=\"widget\" data-widget_type=\"text-editor.default\">\n\t\t\t\t<div class=\"elementor-widget-container\">\n\t\t\t\t\t\t\t\t\t<p>Wir werden Ihre Daten nicht f\u00fcr eine automatisierte Entscheidungsfindung, einschlie\u00dflich Profiling, verwenden. Ausnahmen k\u00f6nnen darin bestehen, dass wir Ihre Verbindung zu unseren Websites blockieren, wenn wir verd\u00e4chtige Aktivit\u00e4ten auf unserer Website feststellen oder versuchen, die Sicherheit der Website zu umgehen.<\/p>\t\t\t\t\t\t\t\t<\/div>\n\t\t\t\t<\/div>\n\t\t\t\t\t<\/div>\n\t\t\t\t<\/div>\n\t\t\t\t<\/div>\n\t\t\t\t<\/div>\n\t\t","protected":false},"excerpt":{"rendered":"<p>Datenschutzerkl\u00e4rung Benutzer unserer Websites Datenverantwortlicher Der Datenverantwortliche f\u00fcr Ihre personenbezogenen Daten ist Future Processing S.A. mit eingetragenem Sitz in Gleiwitz, ul. Bojkowska 37A, 44-100 Gleiwitz, eingetragen im Unternehmensregister des Bezirksgerichts Gleiwitz, X Gesch\u00e4ftsdivision des Landesgesch\u00e4ftsregisters unter der Nummer KRS 0000817352, USt.-Id.Nr. (NIP) 634-25-32-128. Fragen zu Ihren Daten Wenn Sie Fragen zur Verarbeitung Ihrer personenbezogenen Daten [&hellip;]<\/p>\n","protected":false},"author":3,"featured_media":0,"parent":17434,"menu_order":3,"comment_status":"closed","ping_status":"closed","template":"","meta":{"_acf_changed":false,"footnotes":""},"class_list":["post-24826","page","type-page","status-publish","hentry"],"acf":[],"lang":"de","translations":{"de":24826,"pl":23710,"en-gb":17510},"pll_sync_post":[],"_links":{"self":[{"href":"https:\/\/www.future-processing.com\/wp-json\/wp\/v2\/pages\/24826","targetHints":{"allow":["GET"]}}],"collection":[{"href":"https:\/\/www.future-processing.com\/wp-json\/wp\/v2\/pages"}],"about":[{"href":"https:\/\/www.future-processing.com\/wp-json\/wp\/v2\/types\/page"}],"author":[{"embeddable":true,"href":"https:\/\/www.future-processing.com\/wp-json\/wp\/v2\/users\/3"}],"replies":[{"embeddable":true,"href":"https:\/\/www.future-processing.com\/wp-json\/wp\/v2\/comments?post=24826"}],"version-history":[{"count":0,"href":"https:\/\/www.future-processing.com\/wp-json\/wp\/v2\/pages\/24826\/revisions"}],"up":[{"embeddable":true,"href":"https:\/\/www.future-processing.com\/wp-json\/wp\/v2\/pages\/17434"}],"wp:attachment":[{"href":"https:\/\/www.future-processing.com\/wp-json\/wp\/v2\/media?parent=24826"}],"curies":[{"name":"wp","href":"https:\/\/api.w.org\/{rel}","templated":true}]}}