{"id":24835,"date":"2024-08-19T08:32:24","date_gmt":"2024-08-19T06:32:24","guid":{"rendered":"https:\/\/stage-fp.webenv.pl\/?page_id=24835"},"modified":"2025-10-21T15:34:16","modified_gmt":"2025-10-21T13:34:16","slug":"abonnenten-unseres-newsletters","status":"publish","type":"page","link":"https:\/\/www.future-processing.com\/de\/datenschutzerklarung\/abonnenten-unseres-newsletters\/","title":{"rendered":"Abonnenten unseres Newsletters"},"content":{"rendered":"\t\t<div data-elementor-type=\"wp-page\" data-elementor-id=\"24835\" class=\"elementor elementor-24835\" data-elementor-post-type=\"page\">\n\t\t\t\t<div class=\"elementor-element elementor-element-4431de8 e-con-full e-flex e-con e-parent\" data-id=\"4431de8\" data-element_type=\"container\" data-e-type=\"container\">\n\t\t<div class=\"elementor-element elementor-element-ed5d1e1 e-con-full e-flex e-con e-child\" data-id=\"ed5d1e1\" data-element_type=\"container\" data-e-type=\"container\">\n\t\t\t\t<div class=\"elementor-element elementor-element-61e1664 elementor-widget elementor-widget-fp_breadcrumbs_links\" data-id=\"61e1664\" data-element_type=\"widget\" data-e-type=\"widget\" data-widget_type=\"fp_breadcrumbs_links.default\">\n\t\t\t\t<div class=\"elementor-widget-container\">\n\t\t\t\t\t        <div\n            class=\"o-breadcrumbs__links  o-breadcrumbs\">\n            <div\n                class=\"o-breadcrumbs__links  e-con e-con-boxed o-breadcrumbs__links--added\">\n                                                                                                    <a\n                            href=\"https:\/\/www.future-processing.com\/de\/datenschutzerklarung\/\"\n                            class=\"o-breadcrumbs__link\"\n                            data-elementclick=\"Breadcrumbs link\"\n                            data-elementname=\"Datenschutzerkl\u00e4rung\"\n                        >\n                            Datenschutzerkl\u00e4rung                        <\/a>\n                                                                                    <span>Abonnenten unseres Newsletters<\/span>\n            <\/div>\n        <\/div>\n        \t\t\t\t<\/div>\n\t\t\t\t<\/div>\n\t\t\t\t<\/div>\n\t\t<div class=\"elementor-element elementor-element-4da64f6 e-flex e-con-boxed e-con e-child\" data-id=\"4da64f6\" data-element_type=\"container\" data-e-type=\"container\">\n\t\t\t\t\t<div class=\"e-con-inner\">\n\t\t\t\t<div class=\"elementor-element elementor-element-010b1ab elementor-widget elementor-widget-fp_header\" data-id=\"010b1ab\" data-element_type=\"widget\" data-e-type=\"widget\" data-widget_type=\"fp_header.default\">\n\t\t\t\t<div class=\"elementor-widget-container\">\n\t\t\t\t\t        <h2        class=\"f-headline-semi-large f-headline-semi-large--light                \"\n        >\n        <div ><strong>Datenverantwortlicher<\/strong><\/div>\n        <\/h2>\n        \t\t\t\t<\/div>\n\t\t\t\t<\/div>\n\t\t\t\t<div class=\"elementor-element elementor-element-8b21278 elementor-widget elementor-widget-text-editor\" data-id=\"8b21278\" data-element_type=\"widget\" data-e-type=\"widget\" data-widget_type=\"text-editor.default\">\n\t\t\t\t<div class=\"elementor-widget-container\">\n\t\t\t\t\t\t\t\t\t<p>Der Datenverantwortliche f\u00fcr Ihre personenbezogenen Daten ist Future Processing S.A. mit eingetragenem Sitz in Gleiwitz, ul. Bojkowska 37A, 44-100 Gleiwitz, eingetragen im Unternehmensregister des Bezirksgerichts Gleiwitz, X Gesch\u00e4ftsdivision des Landesgesch\u00e4ftsregisters unter der Nummer KRS 0000817352, USt.-Id.Nr. (NIP) 634-25-32-128.<\/p>\t\t\t\t\t\t\t\t<\/div>\n\t\t\t\t<\/div>\n\t\t\t\t<div class=\"elementor-element elementor-element-f173fcf elementor-widget elementor-widget-fp_header\" data-id=\"f173fcf\" data-element_type=\"widget\" data-e-type=\"widget\" data-widget_type=\"fp_header.default\">\n\t\t\t\t<div class=\"elementor-widget-container\">\n\t\t\t\t\t        <h2        class=\"f-headline-semi-large f-headline-semi-large--light                \"\n        >\n        <div ><p><strong>Fragen zu Ihren Daten <\/strong><\/p><\/div>\n        <\/h2>\n        \t\t\t\t<\/div>\n\t\t\t\t<\/div>\n\t\t\t\t<div class=\"elementor-element elementor-element-6947122 elementor-widget elementor-widget-text-editor\" data-id=\"6947122\" data-element_type=\"widget\" data-e-type=\"widget\" data-widget_type=\"text-editor.default\">\n\t\t\t\t<div class=\"elementor-widget-container\">\n\t\t\t\t\t\t\t\t\t<p>Wenn Sie Fragen zur Verarbeitung Ihrer personenbezogenen Daten haben, k\u00f6nnen Sie sich per E-Mail an uns wenden: <a href=\"mailto:gdpr@future-processing.com\">gdpr@future-processing.com<\/a>.<\/p>\t\t\t\t\t\t\t\t<\/div>\n\t\t\t\t<\/div>\n\t\t\t\t<div class=\"elementor-element elementor-element-9e52040 elementor-widget elementor-widget-fp_header\" data-id=\"9e52040\" data-element_type=\"widget\" data-e-type=\"widget\" data-widget_type=\"fp_header.default\">\n\t\t\t\t<div class=\"elementor-widget-container\">\n\t\t\t\t\t        <h2        class=\"f-headline-semi-large f-headline-semi-large--light                \"\n        >\n        <div ><strong>Zweck und gesetzliche Grundlage der Datenverarbeitung\n<\/strong><\/div>\n        <\/h2>\n        \t\t\t\t<\/div>\n\t\t\t\t<\/div>\n\t\t<div class=\"elementor-element elementor-element-c7da5e6 e-grid e-con-full e-con e-child\" data-id=\"c7da5e6\" data-element_type=\"container\" data-e-type=\"container\">\n\t\t<div class=\"elementor-element elementor-element-7d070e4 e-con-full e-flex e-con e-child\" data-id=\"7d070e4\" data-element_type=\"container\" data-e-type=\"container\" data-settings=\"{&quot;background_background&quot;:&quot;classic&quot;}\">\n\t\t\t\t<div class=\"elementor-element elementor-element-41fd71f elementor-widget elementor-widget-fp_header\" data-id=\"41fd71f\" data-element_type=\"widget\" data-e-type=\"widget\" data-widget_type=\"fp_header.default\">\n\t\t\t\t<div class=\"elementor-widget-container\">\n\t\t\t\t\t        <h3        class=\"f-paragraph                \"\n        >\n        <div >ZWECK DER DATENVERARBEITUNG<\/div>\n        <\/h3>\n        \t\t\t\t<\/div>\n\t\t\t\t<\/div>\n\t\t\t\t<\/div>\n\t\t<div class=\"elementor-element elementor-element-b7e2bf1 e-con-full e-flex e-con e-child\" data-id=\"b7e2bf1\" data-element_type=\"container\" data-e-type=\"container\" data-settings=\"{&quot;background_background&quot;:&quot;classic&quot;}\">\n\t\t\t\t<div class=\"elementor-element elementor-element-99a7f0d elementor-widget elementor-widget-fp_header\" data-id=\"99a7f0d\" data-element_type=\"widget\" data-e-type=\"widget\" data-widget_type=\"fp_header.default\">\n\t\t\t\t<div class=\"elementor-widget-container\">\n\t\t\t\t\t        <h3        class=\"f-paragraph                \"\n        >\n        <div ><p>GESETZLICHE GRUNDLAGE<\/p><\/div>\n        <\/h3>\n        \t\t\t\t<\/div>\n\t\t\t\t<\/div>\n\t\t\t\t<\/div>\n\t\t<div class=\"elementor-element elementor-element-19644e6 e-con-full e-flex e-con e-child\" data-id=\"19644e6\" data-element_type=\"container\" data-e-type=\"container\">\n\t\t\t\t<div class=\"elementor-element elementor-element-0084d10 elementor-widget elementor-widget-text-editor\" data-id=\"0084d10\" data-element_type=\"widget\" data-e-type=\"widget\" data-widget_type=\"text-editor.default\">\n\t\t\t\t<div class=\"elementor-widget-container\">\n\t\t\t\t\t\t\t\t\t<p>Versand von kommerziellen und Marketinginformationen<\/p>\t\t\t\t\t\t\t\t<\/div>\n\t\t\t\t<\/div>\n\t\t\t\t<\/div>\n\t\t<div class=\"elementor-element elementor-element-a8c5176 e-con-full e-flex e-con e-child\" data-id=\"a8c5176\" data-element_type=\"container\" data-e-type=\"container\">\n\t\t\t\t<div class=\"elementor-element elementor-element-78a5c1a elementor-widget elementor-widget-text-editor\" data-id=\"78a5c1a\" data-element_type=\"widget\" data-e-type=\"widget\" data-widget_type=\"text-editor.default\">\n\t\t\t\t<div class=\"elementor-widget-container\">\n\t\t\t\t\t\t\t\t\t<p>Art. 6 Abs. 1 lit. f) DSGVO <br \/>Berechtigtes Interesse (Direktmarketing)<\/p>\t\t\t\t\t\t\t\t<\/div>\n\t\t\t\t<\/div>\n\t\t\t\t<\/div>\n\t\t<div class=\"elementor-element elementor-element-98beea9 e-con-full e-flex e-con e-child\" data-id=\"98beea9\" data-element_type=\"container\" data-e-type=\"container\">\n\t\t\t\t<div class=\"elementor-element elementor-element-60e2c70 elementor-widget elementor-widget-text-editor\" data-id=\"60e2c70\" data-element_type=\"widget\" data-e-type=\"widget\" data-widget_type=\"text-editor.default\">\n\t\t\t\t<div class=\"elementor-widget-container\">\n\t\t\t\t\t\t\t\t\t<p>Versand des Newsletters<\/p>\t\t\t\t\t\t\t\t<\/div>\n\t\t\t\t<\/div>\n\t\t\t\t<\/div>\n\t\t<div class=\"elementor-element elementor-element-a3b4e8b e-con-full e-flex e-con e-child\" data-id=\"a3b4e8b\" data-element_type=\"container\" data-e-type=\"container\">\n\t\t\t\t<div class=\"elementor-element elementor-element-6a17fb5 elementor-widget elementor-widget-text-editor\" data-id=\"6a17fb5\" data-element_type=\"widget\" data-e-type=\"widget\" data-widget_type=\"text-editor.default\">\n\t\t\t\t<div class=\"elementor-widget-container\">\n\t\t\t\t\t\t\t\t\t<p>Art. 6 Abs. 1 lit. a) DSGVO <br \/>Einwilligung des Empf\u00e4ngers durch Anmeldung f\u00fcr den Newsletter<\/p>\t\t\t\t\t\t\t\t<\/div>\n\t\t\t\t<\/div>\n\t\t\t\t<\/div>\n\t\t<div class=\"elementor-element elementor-element-53aab38 e-con-full e-flex e-con e-child\" data-id=\"53aab38\" data-element_type=\"container\" data-e-type=\"container\">\n\t\t\t\t<div class=\"elementor-element elementor-element-577784e elementor-widget elementor-widget-text-editor\" data-id=\"577784e\" data-element_type=\"widget\" data-e-type=\"widget\" data-widget_type=\"text-editor.default\">\n\t\t\t\t<div class=\"elementor-widget-container\">\n\t\t\t\t\t\t\t\t\t<p>Weitergabe der Marketing-Abmeldeliste innerhalb der Future Processing Gruppe, um die Kommunikation auf Personen zu beschr\u00e4nken, die nicht an unseren Diensten interessiert sind<\/p>\t\t\t\t\t\t\t\t<\/div>\n\t\t\t\t<\/div>\n\t\t\t\t<\/div>\n\t\t<div class=\"elementor-element elementor-element-9a2baaf e-con-full e-flex e-con e-child\" data-id=\"9a2baaf\" data-element_type=\"container\" data-e-type=\"container\">\n\t\t\t\t<div class=\"elementor-element elementor-element-7151a6b elementor-widget elementor-widget-text-editor\" data-id=\"7151a6b\" data-element_type=\"widget\" data-e-type=\"widget\" data-widget_type=\"text-editor.default\">\n\t\t\t\t<div class=\"elementor-widget-container\">\n\t\t\t\t\t\t\t\t\t<p>Art. 6 Abs. 1 lit. f) DSGVO <br \/>Berechtigtes Interesse (Ansprache nur von Personen, die potenziell an den Dienstleistungen der Future Processing Gruppe interessiert sein k\u00f6nnten)<\/p>\t\t\t\t\t\t\t\t<\/div>\n\t\t\t\t<\/div>\n\t\t\t\t<\/div>\n\t\t\t\t<\/div>\n\t\t\t\t<div class=\"elementor-element elementor-element-c27b562 elementor-widget elementor-widget-fp_header\" data-id=\"c27b562\" data-element_type=\"widget\" data-e-type=\"widget\" data-widget_type=\"fp_header.default\">\n\t\t\t\t<div class=\"elementor-widget-container\">\n\t\t\t\t\t        <h2        class=\"f-headline-semi-large f-headline-semi-large--light                \"\n        >\n        <div ><strong>Der Umfang der Daten<\/strong><\/div>\n        <\/h2>\n        \t\t\t\t<\/div>\n\t\t\t\t<\/div>\n\t\t\t\t<div class=\"elementor-element elementor-element-042ecf3 elementor-widget elementor-widget-text-editor\" data-id=\"042ecf3\" data-element_type=\"widget\" data-e-type=\"widget\" data-widget_type=\"text-editor.default\">\n\t\t\t\t<div class=\"elementor-widget-container\">\n\t\t\t\t\t\t\t\t\t<p>F\u00fcr die in diesem Abschnitt beschriebenen Zwecke, verarbeiten wir folgende personenbezogene Daten: Vorname und Nachname, Telefonnummer, E-Mail-Adresse.<\/p>\t\t\t\t\t\t\t\t<\/div>\n\t\t\t\t<\/div>\n\t\t\t\t<div class=\"elementor-element elementor-element-fbfade7 elementor-widget elementor-widget-fp_header\" data-id=\"fbfade7\" data-element_type=\"widget\" data-e-type=\"widget\" data-widget_type=\"fp_header.default\">\n\t\t\t\t<div class=\"elementor-widget-container\">\n\t\t\t\t\t        <h2        class=\"f-headline-semi-large f-headline-semi-large--light                \"\n        >\n        <div ><strong>Quelle der personenbezogenen Daten<\/strong><\/div>\n        <\/h2>\n        \t\t\t\t<\/div>\n\t\t\t\t<\/div>\n\t\t\t\t<div class=\"elementor-element elementor-element-80681cf elementor-widget elementor-widget-text-editor\" data-id=\"80681cf\" data-element_type=\"widget\" data-e-type=\"widget\" data-widget_type=\"text-editor.default\">\n\t\t\t\t<div class=\"elementor-widget-container\">\n\t\t\t\t\t\t\t\t\t<p>Wir erheben die personenbezogenen Daten entweder direkt von Ihnen oder von den Unternehmen oder Institutionen, die \u00fcber eine Rechtsgrundlage (insbesondere Ihre Einwilligung) verf\u00fcgen, um Ihre personenbezogenen Daten mit uns zu teilen, z. B. nachdem Sie an einer Konferenz oder einem Webinar teilgenommen haben.<\/p>\t\t\t\t\t\t\t\t<\/div>\n\t\t\t\t<\/div>\n\t\t\t\t<div class=\"elementor-element elementor-element-b88cf18 elementor-widget elementor-widget-fp_header\" data-id=\"b88cf18\" data-element_type=\"widget\" data-e-type=\"widget\" data-widget_type=\"fp_header.default\">\n\t\t\t\t<div class=\"elementor-widget-container\">\n\t\t\t\t\t        <h2        class=\"f-headline-semi-large f-headline-semi-large--light                \"\n        >\n        <div ><strong>Empf\u00e4nger der personenbezogenen Daten\n<\/strong><\/div>\n        <\/h2>\n        \t\t\t\t<\/div>\n\t\t\t\t<\/div>\n\t\t\t\t<div class=\"elementor-element elementor-element-56501ad elementor-widget elementor-widget-text-editor\" data-id=\"56501ad\" data-element_type=\"widget\" data-e-type=\"widget\" data-widget_type=\"text-editor.default\">\n\t\t\t\t<div class=\"elementor-widget-container\">\n\t\t\t\t\t\t\t\t\t<p>Wir k\u00f6nnen Ihre personenbezogenen Daten an Institutionen senden, die auf Provisionsbasis Dienstleistungen f\u00fcr Future Processing durchf\u00fchren, insbesondere an Institutionen, die unseren Newsletter-Service durchf\u00fchren.<\/p>\t\t\t\t\t\t\t\t<\/div>\n\t\t\t\t<\/div>\n\t\t\t\t<div class=\"elementor-element elementor-element-f7a5dbe elementor-widget elementor-widget-fp_header\" data-id=\"f7a5dbe\" data-element_type=\"widget\" data-e-type=\"widget\" data-widget_type=\"fp_header.default\">\n\t\t\t\t<div class=\"elementor-widget-container\">\n\t\t\t\t\t        <h2        class=\"f-headline-semi-large f-headline-semi-large--light                \"\n        >\n        <div ><strong>Zeitraum der Datenverarbeitung<\/strong><\/div>\n        <\/h2>\n        \t\t\t\t<\/div>\n\t\t\t\t<\/div>\n\t\t\t\t<div class=\"elementor-element elementor-element-c27d7a1 elementor-widget elementor-widget-text-editor\" data-id=\"c27d7a1\" data-element_type=\"widget\" data-e-type=\"widget\" data-widget_type=\"text-editor.default\">\n\t\t\t\t<div class=\"elementor-widget-container\">\n\t\t\t\t\t\t\t\t\t<p>Wir verarbeiten Ihre personenbezogenen Daten so lange, bis Sie Ihre Einwilligung, den Newsletter von uns zu empfangen, widerrufen oder so lange, wie Sie den Newsletter von uns erhalten. Gelegentlich werden Sie von uns gefragt, ob Sie noch immer an der Zusendung unseres Newsletters interessiert sind, und somit, ob Ihre Einwilligung noch gilt.<\/p><p>Wenn wir unsere Verarbeitung auf ein berechtigtes Interesse st\u00fctzen, verarbeiten wir Ihre personenbezogenen Daten so lange, bis Sie der Verarbeitung Ihrer Daten zu diesem Zweck widersprechen oder unser berechtigtes Interesse nicht mehr besteht.<\/p>\t\t\t\t\t\t\t\t<\/div>\n\t\t\t\t<\/div>\n\t\t\t\t<div class=\"elementor-element elementor-element-20a4bc2 elementor-widget elementor-widget-fp_header\" data-id=\"20a4bc2\" data-element_type=\"widget\" data-e-type=\"widget\" data-widget_type=\"fp_header.default\">\n\t\t\t\t<div class=\"elementor-widget-container\">\n\t\t\t\t\t        <h2        class=\"f-headline-semi-large f-headline-semi-large--light                \"\n        >\n        <div ><strong>Ihre Rechte<\/strong><\/div>\n        <\/h2>\n        \t\t\t\t<\/div>\n\t\t\t\t<\/div>\n\t\t\t\t<div class=\"elementor-element elementor-element-62374f0 elementor-widget elementor-widget-text-editor\" data-id=\"62374f0\" data-element_type=\"widget\" data-e-type=\"widget\" data-widget_type=\"text-editor.default\">\n\t\t\t\t<div class=\"elementor-widget-container\">\n\t\t\t\t\t\t\t\t\t<p>Aufgrund der Tatsache, dass wir Ihre personenbezogenen Daten verarbeiten, sind Sie jederzeit berechtigt:<\/p><ul><li>Zugang zu Ihren Daten zu verlangen und diese zu berichtigen;<\/li><li>Ihre Einwilligung zur Verarbeitung Ihrer personenbezogenen Daten zu widerrufen, indem Sie uns eine E-Mail an die folgende Adresse senden:\u202fgdpr@future-processing.com, und die L\u00f6schung Ihrer Daten verlangen;<\/li><li>der Verarbeitung Ihrer personenbezogenen Daten aus Gr\u00fcnden widersprechen, die sich aus Ihrer besonderen Situation ergeben und wegen der Sie nicht m\u00f6chten, dass wir Ihre personenbezogenen Daten aufgrund unseres berechtigten Interesses verarbeiten;<\/li><li>einer Verarbeitung Ihrer personenbezogenen Daten zu Direktmarketingzwecken zu widersprechen;<\/li><li>personenbezogene Daten zu erhalten, die Sie f\u00fcr uns bereitgestellt haben und in deren Verarbeitung Sie eingewilligt oder solche, die f\u00fcr den Abschluss eines Vertrags ben\u00f6tigt werden. Sie erhalten diese Daten in einem strukturierten, g\u00e4ngigen, maschinenlesbaren Format und k\u00f6nnen diese Daten an einen anderen Datenverantwortlichen weiterleiten (Recht auf Daten\u00fcbertragbarkeit);<\/li><li>Eine Beschwerde an die zust\u00e4ndige Aufsichtsbeh\u00f6rde zu senden, wenn Sie der Meinung sind, dass die Verarbeitung Ihrer personenbezogenen Daten durch uns gegen die geltenden Vorschriften verst\u00f6\u00dft.<\/li><\/ul>\t\t\t\t\t\t\t\t<\/div>\n\t\t\t\t<\/div>\n\t\t\t\t<div class=\"elementor-element elementor-element-6d4b9a5 elementor-widget elementor-widget-fp_header\" data-id=\"6d4b9a5\" data-element_type=\"widget\" data-e-type=\"widget\" data-widget_type=\"fp_header.default\">\n\t\t\t\t<div class=\"elementor-widget-container\">\n\t\t\t\t\t        <h2        class=\"f-headline-semi-large f-headline-semi-large--light                \"\n        >\n        <div ><strong>Die Notwendigkeit, personenbezogene Daten bereitzustellen<\/strong><\/div>\n        <\/h2>\n        \t\t\t\t<\/div>\n\t\t\t\t<\/div>\n\t\t\t\t<div class=\"elementor-element elementor-element-821b2f1 elementor-widget elementor-widget-text-editor\" data-id=\"821b2f1\" data-element_type=\"widget\" data-e-type=\"widget\" data-widget_type=\"text-editor.default\">\n\t\t\t\t<div class=\"elementor-widget-container\">\n\t\t\t\t\t\t\t\t\t<p>Die Bereitstellung Ihrer personenbezogenen Daten ist freiwillig. Eine Verweigerung kann jedoch dazu f\u00fchren, dass Sie nicht an von uns oder unseren Partnern organisierten Veranstaltungen, Webinaren und Konferenzen teilnehmen k\u00f6nnen. Es k\u00f6nnte auch dazu f\u00fchren, dass Sie keine Newsletter von uns oder Gesch\u00e4ftsangebote erhalten, die Ihren Pr\u00e4ferenzen oder Anforderungen entsprechen.<\/p>\t\t\t\t\t\t\t\t<\/div>\n\t\t\t\t<\/div>\n\t\t\t\t<div class=\"elementor-element elementor-element-291ce18 elementor-widget elementor-widget-fp_header\" data-id=\"291ce18\" data-element_type=\"widget\" data-e-type=\"widget\" data-widget_type=\"fp_header.default\">\n\t\t\t\t<div class=\"elementor-widget-container\">\n\t\t\t\t\t        <h2        class=\"f-headline-semi-large f-headline-semi-large--light                \"\n        >\n        <div ><strong>Automatisierte Entscheidungsfindung<\/strong><\/div>\n        <\/h2>\n        \t\t\t\t<\/div>\n\t\t\t\t<\/div>\n\t\t\t\t<div class=\"elementor-element elementor-element-97cd1e7 elementor-widget elementor-widget-text-editor\" data-id=\"97cd1e7\" data-element_type=\"widget\" data-e-type=\"widget\" data-widget_type=\"text-editor.default\">\n\t\t\t\t<div class=\"elementor-widget-container\">\n\t\t\t\t\t\t\t\t\t<p>Wir verwenden Ihre Daten nicht f\u00fcr eine automatisierte Entscheidungsfindung, einschlie\u00dflich Profiling.<\/p>\t\t\t\t\t\t\t\t<\/div>\n\t\t\t\t<\/div>\n\t\t\t\t\t<\/div>\n\t\t\t\t<\/div>\n\t\t\t\t<\/div>\n\t\t\t\t<\/div>\n\t\t","protected":false},"excerpt":{"rendered":"<p>Datenschutzerkl\u00e4rung Abonnenten unseres Newsletters Datenverantwortlicher Der Datenverantwortliche f\u00fcr Ihre personenbezogenen Daten ist Future Processing S.A. mit eingetragenem Sitz in Gleiwitz, ul. Bojkowska 37A, 44-100 Gleiwitz, eingetragen im Unternehmensregister des Bezirksgerichts Gleiwitz, X Gesch\u00e4ftsdivision des Landesgesch\u00e4ftsregisters unter der Nummer KRS 0000817352, USt.-Id.Nr. (NIP) 634-25-32-128. Fragen zu Ihren Daten Wenn Sie Fragen zur Verarbeitung Ihrer personenbezogenen Daten [&hellip;]<\/p>\n","protected":false},"author":3,"featured_media":0,"parent":17434,"menu_order":4,"comment_status":"closed","ping_status":"closed","template":"","meta":{"_acf_changed":false,"footnotes":""},"class_list":["post-24835","page","type-page","status-publish","hentry"],"acf":[],"lang":"de","translations":{"de":24835,"pl":23727,"en-gb":17536},"pll_sync_post":[],"_links":{"self":[{"href":"https:\/\/www.future-processing.com\/wp-json\/wp\/v2\/pages\/24835","targetHints":{"allow":["GET"]}}],"collection":[{"href":"https:\/\/www.future-processing.com\/wp-json\/wp\/v2\/pages"}],"about":[{"href":"https:\/\/www.future-processing.com\/wp-json\/wp\/v2\/types\/page"}],"author":[{"embeddable":true,"href":"https:\/\/www.future-processing.com\/wp-json\/wp\/v2\/users\/3"}],"replies":[{"embeddable":true,"href":"https:\/\/www.future-processing.com\/wp-json\/wp\/v2\/comments?post=24835"}],"version-history":[{"count":0,"href":"https:\/\/www.future-processing.com\/wp-json\/wp\/v2\/pages\/24835\/revisions"}],"up":[{"embeddable":true,"href":"https:\/\/www.future-processing.com\/wp-json\/wp\/v2\/pages\/17434"}],"wp:attachment":[{"href":"https:\/\/www.future-processing.com\/wp-json\/wp\/v2\/media?parent=24835"}],"curies":[{"name":"wp","href":"https:\/\/api.w.org\/{rel}","templated":true}]}}