{"id":38949,"date":"2024-11-06T05:39:04","date_gmt":"2024-11-06T04:39:04","guid":{"rendered":"https:\/\/stage-fp.webenv.pl\/?page_id=38949"},"modified":"2025-09-16T10:56:38","modified_gmt":"2025-09-16T08:56:38","slug":"sygnalisci","status":"publish","type":"page","link":"https:\/\/www.future-processing.com\/pl\/sygnalisci\/","title":{"rendered":"Sygnali\u015bci"},"content":{"rendered":"\t\t<div data-elementor-type=\"wp-page\" data-elementor-id=\"38949\" class=\"elementor elementor-38949\" data-elementor-post-type=\"page\">\n\t\t\t\t<div class=\"elementor-element elementor-element-fee7b0f e-con-full e-flex e-con e-parent\" data-id=\"fee7b0f\" data-element_type=\"container\" data-e-type=\"container\">\n\t\t<div class=\"elementor-element elementor-element-2787513 e-flex e-con-boxed e-con e-child\" data-id=\"2787513\" data-element_type=\"container\" data-e-type=\"container\">\n\t\t\t\t\t<div class=\"e-con-inner\">\n\t\t\t\t<div class=\"elementor-element elementor-element-5f5c4ac o-margin--first-section elementor-widget elementor-widget-fp_header\" data-id=\"5f5c4ac\" data-element_type=\"widget\" data-e-type=\"widget\" data-widget_type=\"fp_header.default\">\n\t\t\t\t<div class=\"elementor-widget-container\">\n\t\t\t\t\t        <h2        class=\"f-headline-semi-large f-headline-semi-large--light                \"\n        >\n        <div ><p><strong>Sygnali\u015bci<\/strong><\/p><\/div>\n        <\/h2>\n        \t\t\t\t<\/div>\n\t\t\t\t<\/div>\n\t\t\t\t<div class=\"elementor-element elementor-element-e87e1bc elementor-widget elementor-widget-text-editor\" data-id=\"e87e1bc\" data-element_type=\"widget\" data-e-type=\"widget\" data-widget_type=\"text-editor.default\">\n\t\t\t\t<div class=\"elementor-widget-container\">\n\t\t\t\t\t\t\t\t\t<p>Zgodnie z wymogami ustawy o ochronie sygnalist\u00f3w z dnia 14 czerwca 2024 wprowadzili\u015bmy w organizacji Procedur\u0119 zg\u0142osze\u0144 wewn\u0119trznych dotycz\u0105cych naruszenia prawa.<\/p><p>Z aktualn\u0105 wersj\u0105 procedury mo\u017cesz zapozna\u0107 si\u0119 w ka\u017cdej chwili korzystaj\u0105c z poni\u017cszego linku:<\/p><p><a href=\"https:\/\/www.future-processing.com\/wp-content\/uploads\/2025\/09\/procedura-ochrona-sygnalistow-v1.1.pdf\">Procedura zg\u0142osze\u0144 wewn\u0119trznych<\/a><\/p>\t\t\t\t\t\t\t\t<\/div>\n\t\t\t\t<\/div>\n\t\t\t\t\t<\/div>\n\t\t\t\t<\/div>\n\t\t\t\t<\/div>\n\t\t\t\t<\/div>\n\t\t","protected":false},"excerpt":{"rendered":"<p>Sygnali\u015bci Zgodnie z wymogami ustawy o ochronie sygnalist\u00f3w z dnia 14 czerwca 2024 wprowadzili\u015bmy w organizacji Procedur\u0119 zg\u0142osze\u0144 wewn\u0119trznych dotycz\u0105cych naruszenia prawa. Z aktualn\u0105 wersj\u0105 procedury mo\u017cesz zapozna\u0107 si\u0119 w ka\u017cdej chwili korzystaj\u0105c z poni\u017cszego linku: Procedura zg\u0142osze\u0144 wewn\u0119trznych<\/p>\n","protected":false},"author":1,"featured_media":0,"parent":0,"menu_order":0,"comment_status":"closed","ping_status":"closed","template":"","meta":{"_acf_changed":false,"footnotes":""},"class_list":["post-38949","page","type-page","status-publish","hentry"],"acf":[],"lang":"pl","translations":{"pl":38949,"en-gb":38924},"pll_sync_post":[],"_links":{"self":[{"href":"https:\/\/www.future-processing.com\/wp-json\/wp\/v2\/pages\/38949","targetHints":{"allow":["GET"]}}],"collection":[{"href":"https:\/\/www.future-processing.com\/wp-json\/wp\/v2\/pages"}],"about":[{"href":"https:\/\/www.future-processing.com\/wp-json\/wp\/v2\/types\/page"}],"author":[{"embeddable":true,"href":"https:\/\/www.future-processing.com\/wp-json\/wp\/v2\/users\/1"}],"replies":[{"embeddable":true,"href":"https:\/\/www.future-processing.com\/wp-json\/wp\/v2\/comments?post=38949"}],"version-history":[{"count":0,"href":"https:\/\/www.future-processing.com\/wp-json\/wp\/v2\/pages\/38949\/revisions"}],"wp:attachment":[{"href":"https:\/\/www.future-processing.com\/wp-json\/wp\/v2\/media?parent=38949"}],"curies":[{"name":"wp","href":"https:\/\/api.w.org\/{rel}","templated":true}]}}