{"id":43672,"date":"2025-01-09T09:46:37","date_gmt":"2025-01-09T08:46:37","guid":{"rendered":"https:\/\/stage-fp.webenv.pl\/?page_id=43672"},"modified":"2025-01-09T09:50:02","modified_gmt":"2025-01-09T08:50:02","slug":"informacje-dla-akcjonariuszy","status":"publish","type":"page","link":"https:\/\/www.future-processing.com\/pl\/informacje-dla-akcjonariuszy\/","title":{"rendered":"Informacje dla akcjonariuszy"},"content":{"rendered":"\t\t<div data-elementor-type=\"wp-page\" data-elementor-id=\"43672\" class=\"elementor elementor-43672\" data-elementor-post-type=\"page\">\n\t\t\t\t<div class=\"elementor-element elementor-element-7870fc3 e-con-full e-flex e-con e-parent\" data-id=\"7870fc3\" data-element_type=\"container\" data-e-type=\"container\">\n\t\t<div class=\"elementor-element elementor-element-29c8524 e-flex e-con-boxed e-con e-child\" data-id=\"29c8524\" data-element_type=\"container\" data-e-type=\"container\">\n\t\t\t\t\t<div class=\"e-con-inner\">\n\t\t\t\t<div class=\"elementor-element elementor-element-3c6e76d elementor-widget elementor-widget-fp_header\" data-id=\"3c6e76d\" data-element_type=\"widget\" data-e-type=\"widget\" data-widget_type=\"fp_header.default\">\n\t\t\t\t<div class=\"elementor-widget-container\">\n\t\t\t\t\t        <h2        class=\"f-headline-extra-large f-headline-extra-large--light                 f-line\"\n        >\n        <div ><p><strong>Wezwanie do z\u0142o\u017cenia akcji w sp\u00f3\u0142ce<\/strong><\/p><\/div>\n        <\/h2>\n        \t\t\t\t<\/div>\n\t\t\t\t<\/div>\n\t\t\t\t<div class=\"elementor-element elementor-element-bbf4a95 elementor-widget__width-initial elementor-widget elementor-widget-text-editor\" data-id=\"bbf4a95\" data-element_type=\"widget\" data-e-type=\"widget\" data-widget_type=\"text-editor.default\">\n\t\t\t\t<div class=\"elementor-widget-container\">\n\t\t\t\t\t\t\t\t\t<p><em>Gliwice, 28 February 2023<\/em><\/p><p>W zwi\u0105zku z wej\u015bciem w \u017cycie ustawy z dnia 30 sierpnia 2019 r. o zmianie ustawy Kodeks sp\u00f3\u0142ek handlowych oraz niekt\u00f3rych innych ustaw (Dz.U. z 2019 r., poz. 1798), dalej jako \u201e<strong>Ustawa<\/strong>\u201d, Future Processing S.A. (dalej jako:\u00a0\u201e<strong>Sp\u00f3\u0142ka\u201d<\/strong>) informuje akcjonariuszy o wprowadzeniu do polskiego porz\u0105dku prawnego\u00a0<strong>obowi\u0105zkowej dematerializacji akcji sp\u00f3\u0142ek, kt\u00f3ra oznacza zast\u0105pienie papierowej formy akcji zapisem elektronicznym w rejestrze akcjonariuszy\u00a0<\/strong>prowadzonym przez podmiot, o kt\u00f3rym mowa w art. 328<sup>1<\/sup>\u00a0\u00a0\u00a7 2 Kodeksu sp\u00f3\u0142ek handlowych w brzmieniu okre\u015blonym Ustaw\u0105.<\/p><p>Zgodnie z wprowadzonymi zmianami moc obowi\u0105zuj\u0105cych dokument\u00f3w akcji wydanych przez Sp\u00f3\u0142k\u0119 wygasa z mocy prawa z dniem 1 marca 2021 r. Po tym dniu akcje nie b\u0119d\u0105 dokumentem potwierdzaj\u0105cym status akcjonariusza, lecz wy\u0142\u0105cznie dokumentem dowodowym, niezb\u0119dnym do aktualizacji\u00a0<strong>elektronicznego rejestru akcjonariuszy<\/strong>. Natomiast po dniu 1 marca 2026 r. nast\u0105pi utrata ochrony praw cz\u0142onkowskich przez akcjonariuszy, kt\u00f3rych dokumenty\u00a0<strong>akcji nie zosta\u0142y z\u0142o\u017cone w sp\u00f3\u0142ce i nie zosta\u0142y uj\u0119te w elektronicznym rejestrze akcjonariuszy<\/strong>.<\/p><p>W zwi\u0105zku z powy\u017cszymi zmianami,\u00a0<strong>Zarz\u0105d Sp\u00f3\u0142ki po raz sz\u00f3sty wzywa wszystkich akcjonariuszy\u00a0<\/strong>do z\u0142o\u017cenia dokument\u00f3w akcji najp\u00f3\u017aniej do dnia 28 lutego 2021 r. w siedzibie Sp\u00f3\u0142ki: ul. Bojkowska 37A, 44-100 Gliwice, tak by mog\u0142y by\u0107 przekszta\u0142cone w form\u0119 zapisu elektronicznego. Z\u0142o\u017cenie dokument\u00f3w akcji w Sp\u00f3\u0142ce odbywa si\u0119 za pisemnym potwierdzeniem wydanym akcjonariuszowi.<\/p><p>Wi\u0119cej informacji w sprawie dematerializacji akcji mo\u017cna uzyska\u0107 pod adresem e-mail:\u00a0<a href=\"mailto:zarzad@future-processing.com\">zarzad@future-processing.com<\/a><\/p><p><strong>Zarz\u0105d Future Processing S.A.<\/strong><\/p><p><strong>Micha\u0142 Sztanga<br \/><\/strong>Prezes Zarz\u0105du<\/p><p><strong>Tomasz Ciapa\u0142a<\/strong><br \/>Wiceprezes Zarz\u0105du<\/p><p><strong>Miko\u0142aj Gw\u00f3\u017ad\u017a<\/strong><br \/>Wiceprezes Zarz\u0105du<\/p><p><strong>Pawe\u0142 Pustelnik<\/strong><br \/>Wiceprezes Zarz\u0105du<\/p>\t\t\t\t\t\t\t\t<\/div>\n\t\t\t\t<\/div>\n\t\t\t\t\t<\/div>\n\t\t\t\t<\/div>\n\t\t\t\t<\/div>\n\t\t\t\t<\/div>\n\t\t","protected":false},"excerpt":{"rendered":"<p>Wezwanie do z\u0142o\u017cenia akcji w sp\u00f3\u0142ce Gliwice, 28 February 2023 W zwi\u0105zku z wej\u015bciem w \u017cycie ustawy z dnia 30 sierpnia 2019 r. o zmianie ustawy Kodeks sp\u00f3\u0142ek handlowych oraz niekt\u00f3rych innych ustaw (Dz.U. z 2019 r., poz. 1798), dalej jako \u201eUstawa\u201d, Future Processing S.A. (dalej jako:\u00a0\u201eSp\u00f3\u0142ka\u201d) informuje akcjonariuszy o wprowadzeniu do polskiego porz\u0105dku prawnego\u00a0obowi\u0105zkowej [&hellip;]<\/p>\n","protected":false},"author":1,"featured_media":0,"parent":0,"menu_order":0,"comment_status":"closed","ping_status":"closed","template":"","meta":{"_acf_changed":false,"footnotes":""},"class_list":["post-43672","page","type-page","status-publish","hentry"],"acf":[],"lang":"pl","translations":{"pl":43672,"en-gb":43658,"de":43683},"pll_sync_post":[],"_links":{"self":[{"href":"https:\/\/www.future-processing.com\/wp-json\/wp\/v2\/pages\/43672","targetHints":{"allow":["GET"]}}],"collection":[{"href":"https:\/\/www.future-processing.com\/wp-json\/wp\/v2\/pages"}],"about":[{"href":"https:\/\/www.future-processing.com\/wp-json\/wp\/v2\/types\/page"}],"author":[{"embeddable":true,"href":"https:\/\/www.future-processing.com\/wp-json\/wp\/v2\/users\/1"}],"replies":[{"embeddable":true,"href":"https:\/\/www.future-processing.com\/wp-json\/wp\/v2\/comments?post=43672"}],"version-history":[{"count":0,"href":"https:\/\/www.future-processing.com\/wp-json\/wp\/v2\/pages\/43672\/revisions"}],"wp:attachment":[{"href":"https:\/\/www.future-processing.com\/wp-json\/wp\/v2\/media?parent=43672"}],"curies":[{"name":"wp","href":"https:\/\/api.w.org\/{rel}","templated":true}]}}