{"id":48456,"date":"2025-02-10T10:57:00","date_gmt":"2025-02-10T09:57:00","guid":{"rendered":"https:\/\/stage-fp.webenv.pl\/?page_id=48456"},"modified":"2025-05-13T08:19:16","modified_gmt":"2025-05-13T06:19:16","slug":"sygnalisci-pl","status":"publish","type":"page","link":"https:\/\/www.future-processing.com\/pl\/polityka-prywatnosci\/sygnalisci-pl\/","title":{"rendered":"Sygnali\u015bci"},"content":{"rendered":"\t\t<div data-elementor-type=\"wp-page\" data-elementor-id=\"48456\" class=\"elementor elementor-48456\" data-elementor-post-type=\"page\">\n\t\t\t\t<div class=\"elementor-element elementor-element-b33d0b1 e-flex e-con-boxed e-con e-parent\" data-id=\"b33d0b1\" data-element_type=\"container\" data-e-type=\"container\">\n\t\t\t\t\t<div class=\"e-con-inner\">\n\t\t<div class=\"elementor-element elementor-element-b3fc4da e-con-full e-flex e-con e-child\" data-id=\"b3fc4da\" data-element_type=\"container\" data-e-type=\"container\">\n\t\t\t\t<div class=\"elementor-element elementor-element-6a97927 elementor-widget elementor-widget-fp_breadcrumbs_links\" data-id=\"6a97927\" data-element_type=\"widget\" data-e-type=\"widget\" data-widget_type=\"fp_breadcrumbs_links.default\">\n\t\t\t\t<div class=\"elementor-widget-container\">\n\t\t\t\t\t        <div\n            class=\"o-breadcrumbs__links  o-breadcrumbs\">\n            <div\n                class=\"o-breadcrumbs__links  e-con e-con-boxed o-breadcrumbs__links--added\">\n                                                                                                    <a\n                            href=\"https:\/\/www.future-processing.com\/pl\/polityka-prywatnosci\/\"\n                            class=\"o-breadcrumbs__link\"\n                            data-elementclick=\"Breadcrumbs link\"\n                            data-elementname=\"Polityka prywatno\u015bci\"\n                        >\n                            Polityka prywatno\u015bci                        <\/a>\n                                                                                    <span>Sygnali\u015bci<\/span>\n            <\/div>\n        <\/div>\n        \t\t\t\t<\/div>\n\t\t\t\t<\/div>\n\t\t\t\t<div class=\"elementor-element elementor-element-4ef4730 elementor-widget elementor-widget-fp_header\" data-id=\"4ef4730\" data-element_type=\"widget\" data-e-type=\"widget\" data-widget_type=\"fp_header.default\">\n\t\t\t\t<div class=\"elementor-widget-container\">\n\t\t\t\t\t        <h2        class=\"f-headline-semi-large f-headline-semi-large--light                \"\n        >\n        <div ><p><strong>Sygnali\u015bci<\/strong><\/p><\/div>\n        <\/h2>\n        \t\t\t\t<\/div>\n\t\t\t\t<\/div>\n\t\t\t\t<div class=\"elementor-element elementor-element-8dedb7e elementor-widget elementor-widget-text-editor\" data-id=\"8dedb7e\" data-element_type=\"widget\" data-e-type=\"widget\" data-widget_type=\"text-editor.default\">\n\t\t\t\t<div class=\"elementor-widget-container\">\n\t\t\t\t\t\t\t\t\t<p>Dokument dotyczy os\u00f3b, kt\u00f3re korzystaj\u0105 z procedury zg\u0142osze\u0144 wewn\u0119trznych dotycz\u0105cych naruszenia prawa oraz innych os\u00f3b zaanga\u017cowanych w proces w zwi\u0105zku z takim zg\u0142oszeniem.<\/p>\t\t\t\t\t\t\t\t<\/div>\n\t\t\t\t<\/div>\n\t\t\t\t<div class=\"elementor-element elementor-element-012f4d4 elementor-widget elementor-widget-fp_header\" data-id=\"012f4d4\" data-element_type=\"widget\" data-e-type=\"widget\" data-widget_type=\"fp_header.default\">\n\t\t\t\t<div class=\"elementor-widget-container\">\n\t\t\t\t\t        <h2        class=\"f-headline-semi-large f-headline-semi-large--light                \"\n        >\n        <div ><p><strong>Administrator Danych Osobowych<\/strong><\/p><\/div>\n        <\/h2>\n        \t\t\t\t<\/div>\n\t\t\t\t<\/div>\n\t\t\t\t<div class=\"elementor-element elementor-element-078494a elementor-widget elementor-widget-text-editor\" data-id=\"078494a\" data-element_type=\"widget\" data-e-type=\"widget\" data-widget_type=\"text-editor.default\">\n\t\t\t\t<div class=\"elementor-widget-container\">\n\t\t\t\t\t\t\t\t\t<p class=\"FirstParagraph\">Administratorem Twoich danych osobowych jest Future Processing S.A. z siedzib\u0105 w Gliwicach, ul. Bojkowska 37A, 44-100 Gliwice, wpisana do rejestru przedsi\u0119biorc\u00f3w przez S\u0105d Rejonowy w Gliwicach, Wydzia\u0142 X Gospodarczy KRS pod numerem KRS 0000817352, NIP 634-25-32-128, REGON 278263445.<\/p>\t\t\t\t\t\t\t\t<\/div>\n\t\t\t\t<\/div>\n\t\t\t\t<div class=\"elementor-element elementor-element-93a08a6 elementor-widget elementor-widget-fp_header\" data-id=\"93a08a6\" data-element_type=\"widget\" data-e-type=\"widget\" data-widget_type=\"fp_header.default\">\n\t\t\t\t<div class=\"elementor-widget-container\">\n\t\t\t\t\t        <h2        class=\"f-headline-semi-large f-headline-semi-large--light                \"\n        >\n        <div ><p><strong>Kontakt w sprawie Twoich danych<\/strong><\/p><\/div>\n        <\/h2>\n        \t\t\t\t<\/div>\n\t\t\t\t<\/div>\n\t\t\t\t<div class=\"elementor-element elementor-element-3baffad elementor-widget elementor-widget-text-editor\" data-id=\"3baffad\" data-element_type=\"widget\" data-e-type=\"widget\" data-widget_type=\"text-editor.default\">\n\t\t\t\t<div class=\"elementor-widget-container\">\n\t\t\t\t\t\t\t\t\t<p>W sprawach zwi\u0105zanych z przetwarzaniem Twoich danych osobowych mo\u017cesz skontaktowa\u0107 si\u0119 z nami wysy\u0142aj\u0105c wiadomo\u015b\u0107 e-mail adres: <a href=\"maito:rodo@future-processing.com\">rodo@future-processing.com<\/a>.<\/p>\t\t\t\t\t\t\t\t<\/div>\n\t\t\t\t<\/div>\n\t\t\t\t<div class=\"elementor-element elementor-element-af510b7 elementor-widget elementor-widget-fp_header\" data-id=\"af510b7\" data-element_type=\"widget\" data-e-type=\"widget\" data-widget_type=\"fp_header.default\">\n\t\t\t\t<div class=\"elementor-widget-container\">\n\t\t\t\t\t        <h2        class=\"f-headline-semi-large f-headline-semi-large--light                \"\n        >\n        <div ><p><strong>Cele i podstawy przetwarzania danych<\/strong><\/p><\/div>\n        <\/h2>\n        \t\t\t\t<\/div>\n\t\t\t\t<\/div>\n\t\t\t\t<div class=\"elementor-element elementor-element-440feb8 elementor-widget elementor-widget-text-editor\" data-id=\"440feb8\" data-element_type=\"widget\" data-e-type=\"widget\" data-widget_type=\"text-editor.default\">\n\t\t\t\t<div class=\"elementor-widget-container\">\n\t\t\t\t\t\t\t\t\t<table width=\"100%\"><thead><tr><td width=\"222\"><p>CEL PRZETWARZANIA<\/p><\/td><td width=\"306\"><p>PODSTAWA PRAWNA<\/p><\/td><\/tr><\/thead><tbody><tr><td width=\"222\"><p>Analiza zg\u0142oszenia oraz prowadzenie dzia\u0142a\u0144 nast\u0119pczych<\/p><\/td><td width=\"306\"><p>art. 6 ust. 1 lit. c) RODOObowi\u0105zek prawny<\/p><\/td><\/tr><tr><td width=\"222\"><p>Prowadzenie rejestru zg\u0142osze\u0144<\/p><\/td><td width=\"306\"><p>art. 6 ust. 1 lit. c) RODOObowi\u0105zek prawny<\/p><\/td><\/tr><tr><td width=\"222\"><p>Ustalenie, dochodzenie oraz obrona przed roszczeniami<\/p><\/td><td width=\"306\"><p>art. 6 ust. 1 lit. f) RODO Uzasadniony interes (ochrona przedsi\u0119biorcy)<\/p><\/td><\/tr><\/tbody><\/table>\t\t\t\t\t\t\t\t<\/div>\n\t\t\t\t<\/div>\n\t\t\t\t<div class=\"elementor-element elementor-element-4c9b8a2 elementor-widget elementor-widget-fp_header\" data-id=\"4c9b8a2\" data-element_type=\"widget\" data-e-type=\"widget\" data-widget_type=\"fp_header.default\">\n\t\t\t\t<div class=\"elementor-widget-container\">\n\t\t\t\t\t        <h2        class=\"f-headline-semi-large f-headline-semi-large--light                \"\n        >\n        <div ><p><strong>Zakres danych<\/strong><\/p><\/div>\n        <\/h2>\n        \t\t\t\t<\/div>\n\t\t\t\t<\/div>\n\t\t\t\t<div class=\"elementor-element elementor-element-0e1445a elementor-widget elementor-widget-text-editor\" data-id=\"0e1445a\" data-element_type=\"widget\" data-e-type=\"widget\" data-widget_type=\"text-editor.default\">\n\t\t\t\t<div class=\"elementor-widget-container\">\n\t\t\t\t\t\t\t\t\t<p>W zwi\u0105zku z analiz\u0105 zg\u0142oszenia i prowadzeniem dzia\u0142a\u0144 nast\u0119pczych b\u0119dziemy przetwarza\u0107 Twoje dane identyfikacyjne (co najmniej imi\u0119, nazwisko, email) oraz wszelkie inne dane wskazane przez Ciebie lub inne osoby, w zg\u0142oszeniu i w trakcie zbierania ich w ramach dzia\u0142a\u0144 nast\u0119pczych. Zakres mo\u017ce si\u0119 r\u00f3\u017cni\u0107 w zale\u017cno\u015bci od konkretnego zdarzenia.<\/p>\t\t\t\t\t\t\t\t<\/div>\n\t\t\t\t<\/div>\n\t\t\t\t<div class=\"elementor-element elementor-element-327b4be elementor-widget elementor-widget-fp_header\" data-id=\"327b4be\" data-element_type=\"widget\" data-e-type=\"widget\" data-widget_type=\"fp_header.default\">\n\t\t\t\t<div class=\"elementor-widget-container\">\n\t\t\t\t\t        <h2        class=\"f-headline-semi-large f-headline-semi-large--light                \"\n        >\n        <div ><p><strong>Odbiorcy danych osobowych<\/strong><\/p><\/div>\n        <\/h2>\n        \t\t\t\t<\/div>\n\t\t\t\t<\/div>\n\t\t\t\t<div class=\"elementor-element elementor-element-620003f elementor-widget elementor-widget-text-editor\" data-id=\"620003f\" data-element_type=\"widget\" data-e-type=\"widget\" data-widget_type=\"text-editor.default\">\n\t\t\t\t<div class=\"elementor-widget-container\">\n\t\t\t\t\t\t\t\t\t<p>Za Twoj\u0105 zgod\u0105 dane mo\u017cemy przekaza\u0107 \u015bwiadkom lub innym osobom powi\u0105zanym z danym zg\u0142oszeniem, je\u015bli b\u0119dzie to mia\u0142o istotne znaczenie dla jego wyja\u015bnienia. Je\u015bli si\u0119 na to nie zgodzisz, Twoje dane zachowamy w tajemnicy.<br \/>Je\u015bli w toku analizy zg\u0142oszenia dojdziemy do wniosku, \u017ce spraw\u0119 nale\u017cy zg\u0142osi\u0107 organom pa\u0144stwowym to Twoje dane, wraz ze szczeg\u00f3\u0142ami sprawy, tak\u017ce zostan\u0105 przekazane odpowiedniemu organowi (np. policja).<\/p>\t\t\t\t\t\t\t\t<\/div>\n\t\t\t\t<\/div>\n\t\t\t\t<div class=\"elementor-element elementor-element-4c1caa5 elementor-widget elementor-widget-fp_header\" data-id=\"4c1caa5\" data-element_type=\"widget\" data-e-type=\"widget\" data-widget_type=\"fp_header.default\">\n\t\t\t\t<div class=\"elementor-widget-container\">\n\t\t\t\t\t        <h2        class=\"f-headline-semi-large f-headline-semi-large--light                \"\n        >\n        <div ><p><strong>Okres przetwarzania danych<\/strong><\/p><\/div>\n        <\/h2>\n        \t\t\t\t<\/div>\n\t\t\t\t<\/div>\n\t\t\t\t<div class=\"elementor-element elementor-element-7a18b58 elementor-widget elementor-widget-text-editor\" data-id=\"7a18b58\" data-element_type=\"widget\" data-e-type=\"widget\" data-widget_type=\"text-editor.default\">\n\t\t\t\t<div class=\"elementor-widget-container\">\n\t\t\t\t\t\t\t\t\t<p>Ka\u017cde zg\u0142oszenie odnotowywujemy w Rejestrze Zg\u0142osze\u0144, a dane osobowe oraz pozosta\u0142e informacje b\u0119d\u0105 przechowywane przez okres 3 lat po zako\u0144czeniu roku kalendarzowego, w kt\u00f3rym zako\u0144czono dzia\u0142ania nast\u0119pcze, lub po zako\u0144czeniu post\u0119powa\u0144 zainicjowanych tymi dzia\u0142aniami.<br \/>Je\u015bli uznamy, \u017ce zebrane dane nie s\u0105 istotne dla analizy danego zg\u0142oszenia, to zostan\u0105 usuni\u0119te w ci\u0105gu 14 dni.<\/p>\t\t\t\t\t\t\t\t<\/div>\n\t\t\t\t<\/div>\n\t\t\t\t<div class=\"elementor-element elementor-element-b133c1b elementor-widget elementor-widget-fp_header\" data-id=\"b133c1b\" data-element_type=\"widget\" data-e-type=\"widget\" data-widget_type=\"fp_header.default\">\n\t\t\t\t<div class=\"elementor-widget-container\">\n\t\t\t\t\t        <h2        class=\"f-headline-semi-large f-headline-semi-large--light                \"\n        >\n        <div ><p><strong>Twoje prawa<\/strong><\/p><\/div>\n        <\/h2>\n        \t\t\t\t<\/div>\n\t\t\t\t<\/div>\n\t\t\t\t<div class=\"elementor-element elementor-element-7b4e9a1 elementor-widget elementor-widget-text-editor\" data-id=\"7b4e9a1\" data-element_type=\"widget\" data-e-type=\"widget\" data-widget_type=\"text-editor.default\">\n\t\t\t\t<div class=\"elementor-widget-container\">\n\t\t\t\t\t\t\t\t\t<p>W zwi\u0105zku z tym, \u017ce przetwarzamy Twoje dane osobowe w ka\u017cdej chwili mo\u017cesz:<\/p><ul><li>\u017c\u0105da\u0107 od nas dost\u0119pu do Twoich danych oraz ich sprostowania<\/li><li>wnie\u015b\u0107 skarg\u0119 do w\u0142a\u015bciwego organu nadzorczego, je\u017celi s\u0105dzisz, \u017ce przetwarzanie przez nas Twoich danych osobowych narusza obowi\u0105zuj\u0105ce w tym zakresie przepisy.<\/li><\/ul>\t\t\t\t\t\t\t\t<\/div>\n\t\t\t\t<\/div>\n\t\t\t\t<div class=\"elementor-element elementor-element-676aed8 elementor-widget elementor-widget-fp_header\" data-id=\"676aed8\" data-element_type=\"widget\" data-e-type=\"widget\" data-widget_type=\"fp_header.default\">\n\t\t\t\t<div class=\"elementor-widget-container\">\n\t\t\t\t\t        <h2        class=\"f-headline-semi-large f-headline-semi-large--light                \"\n        >\n        <div ><p><strong>Konieczno\u015b\u0107 podania danych<\/strong><\/p><\/div>\n        <\/h2>\n        \t\t\t\t<\/div>\n\t\t\t\t<\/div>\n\t\t\t\t<div class=\"elementor-element elementor-element-7bab343 elementor-widget elementor-widget-text-editor\" data-id=\"7bab343\" data-element_type=\"widget\" data-e-type=\"widget\" data-widget_type=\"text-editor.default\">\n\t\t\t\t<div class=\"elementor-widget-container\">\n\t\t\t\t\t\t\t\t\t<p class=\"FirstParagraph\"><span lang=\"EN-US\">Podanie Twoich danych osobowych jest dobrowolne, ale konieczne do ustalenia okoliczno\u015bci zg\u0142oszenia oraz podj\u0119cia dzia\u0142a\u0144 nast\u0119pczych.<\/span><\/p>\t\t\t\t\t\t\t\t<\/div>\n\t\t\t\t<\/div>\n\t\t\t\t<div class=\"elementor-element elementor-element-32b62e5 elementor-widget elementor-widget-fp_header\" data-id=\"32b62e5\" data-element_type=\"widget\" data-e-type=\"widget\" data-widget_type=\"fp_header.default\">\n\t\t\t\t<div class=\"elementor-widget-container\">\n\t\t\t\t\t        <h2        class=\"f-headline-semi-large f-headline-semi-large--light                \"\n        >\n        <div ><p><strong>Zautomatyzowane podejmowanie decyzji<\/strong><\/p><\/div>\n        <\/h2>\n        \t\t\t\t<\/div>\n\t\t\t\t<\/div>\n\t\t\t\t<div class=\"elementor-element elementor-element-cf705d4 elementor-widget elementor-widget-text-editor\" data-id=\"cf705d4\" data-element_type=\"widget\" data-e-type=\"widget\" data-widget_type=\"text-editor.default\">\n\t\t\t\t<div class=\"elementor-widget-container\">\n\t\t\t\t\t\t\t\t\t<p>Nie b\u0119dziemy wykorzystywa\u0107 Twoich danych w celu zautomatyzowanego podejmowania decyzji, w tym profilowania.<\/p>\t\t\t\t\t\t\t\t<\/div>\n\t\t\t\t<\/div>\n\t\t\t\t<div class=\"elementor-element elementor-element-51fbfe8 elementor-widget elementor-widget-fp_header\" data-id=\"51fbfe8\" data-element_type=\"widget\" data-e-type=\"widget\" data-widget_type=\"fp_header.default\">\n\t\t\t\t<div class=\"elementor-widget-container\">\n\t\t\t\t\t        <h2        class=\"f-headline-semi-large f-headline-semi-large--light                \"\n        >\n        <div ><p><strong>Wi\u0119cej informacji<\/strong><\/p><\/div>\n        <\/h2>\n        \t\t\t\t<\/div>\n\t\t\t\t<\/div>\n\t\t\t\t<div class=\"elementor-element elementor-element-aad2af4 elementor-widget elementor-widget-text-editor\" data-id=\"aad2af4\" data-element_type=\"widget\" data-e-type=\"widget\" data-widget_type=\"text-editor.default\">\n\t\t\t\t<div class=\"elementor-widget-container\">\n\t\t\t\t\t\t\t\t\t<p>Procedury zg\u0142osze\u0144 wewn\u0119trznych dotycz\u0105cych naruszenia prawa dost\u0119pna jest na naszej stronie www pod adresem <a href=\"https:\/\/www.future-processing.com\/pl\/sygnalisci\">https:\/\/www.future-processing.com\/pl\/sygnalisci<\/a><\/p>\t\t\t\t\t\t\t\t<\/div>\n\t\t\t\t<\/div>\n\t\t\t\t<\/div>\n\t\t\t\t\t<\/div>\n\t\t\t\t<\/div>\n\t\t\t\t<\/div>\n\t\t","protected":false},"excerpt":{"rendered":"<p>Polityka prywatno\u015bci Sygnali\u015bci Sygnali\u015bci Dokument dotyczy os\u00f3b, kt\u00f3re korzystaj\u0105 z procedury zg\u0142osze\u0144 wewn\u0119trznych dotycz\u0105cych naruszenia prawa oraz innych os\u00f3b zaanga\u017cowanych w proces w zwi\u0105zku z takim zg\u0142oszeniem. Administrator Danych Osobowych Administratorem Twoich danych osobowych jest Future Processing S.A. z siedzib\u0105 w Gliwicach, ul. Bojkowska 37A, 44-100 Gliwice, wpisana do rejestru przedsi\u0119biorc\u00f3w przez S\u0105d Rejonowy w [&hellip;]<\/p>\n","protected":false},"author":1,"featured_media":0,"parent":17419,"menu_order":0,"comment_status":"closed","ping_status":"closed","template":"","meta":{"_acf_changed":false,"footnotes":""},"class_list":["post-48456","page","type-page","status-publish","hentry"],"acf":[],"lang":"pl","translations":{"pl":48456,"en-gb":49191},"pll_sync_post":[],"_links":{"self":[{"href":"https:\/\/www.future-processing.com\/wp-json\/wp\/v2\/pages\/48456","targetHints":{"allow":["GET"]}}],"collection":[{"href":"https:\/\/www.future-processing.com\/wp-json\/wp\/v2\/pages"}],"about":[{"href":"https:\/\/www.future-processing.com\/wp-json\/wp\/v2\/types\/page"}],"author":[{"embeddable":true,"href":"https:\/\/www.future-processing.com\/wp-json\/wp\/v2\/users\/1"}],"replies":[{"embeddable":true,"href":"https:\/\/www.future-processing.com\/wp-json\/wp\/v2\/comments?post=48456"}],"version-history":[{"count":0,"href":"https:\/\/www.future-processing.com\/wp-json\/wp\/v2\/pages\/48456\/revisions"}],"up":[{"embeddable":true,"href":"https:\/\/www.future-processing.com\/wp-json\/wp\/v2\/pages\/17419"}],"wp:attachment":[{"href":"https:\/\/www.future-processing.com\/wp-json\/wp\/v2\/media?parent=48456"}],"curies":[{"name":"wp","href":"https:\/\/api.w.org\/{rel}","templated":true}]}}